{"id":5223,"date":"2022-07-07T09:01:47","date_gmt":"2022-07-07T07:01:47","guid":{"rendered":"https:\/\/www.apartments-villach.at\/?page_id=5223"},"modified":"2022-07-07T14:59:21","modified_gmt":"2022-07-07T12:59:21","slug":"kulturelle-sehenswuerdigkeiten","status":"publish","type":"page","link":"https:\/\/www.apartments-villach.at\/en\/kulturelle-sehenswuerdigkeiten\/","title":{"rendered":"Cultural sights"},"content":{"rendered":"<p>[et_pb_section fb_built=&#8220;1&#8243; _builder_version=&#8220;4.4.3&#8243; max_width=&#8220;1440px&#8220; module_alignment=&#8220;center&#8220; custom_margin=&#8220;0px||||false|false&#8220; custom_padding=&#8220;0px||||false|false&#8220; locked=&#8220;off&#8220;][et_pb_row column_structure=&#8220;1_2,1_2&#8243; make_equal=&#8220;on&#8220; custom_padding_last_edited=&#8220;on|tablet&#8220; module_class=&#8220; wa-vertical-center-section wa-subpages-hero-section&#8220; _builder_version=&#8220;4.4.3&#8243; width=&#8220;100%&#8220; width_tablet=&#8220;100%&#8220; width_phone=&#8220;&#8220; width_last_edited=&#8220;on|phone&#8220; custom_padding=&#8220;80px||||false|false&#8220; custom_padding_tablet=&#8220;||0px||false|false&#8220; custom_padding_phone=&#8220;&#8220; custom_css_before_last_edited=&#8220;on|desktop&#8220;][et_pb_column type=&#8220;1_2&#8243; _builder_version=&#8220;4.4.3&#8243; animation_style=&#8220;slide&#8220; animation_direction=&#8220;left&#8220; animation_duration=&#8220;1500ms&#8220;][et_pb_image src=&#8220;https:\/\/www.apartments-villach.at\/wp-content\/uploads\/2020\/05\/shutterstock_771131545-1.jpg&#8220; alt=&#8220;Ein Mensch tippt am Handy etwas ein.&#8220; title_text=&#8220;shutterstock_771131545&#8243; align=&#8220;center&#8220; align_tablet=&#8220;&#8220; align_phone=&#8220;&#8220; align_last_edited=&#8220;on|tablet&#8220; _builder_version=&#8220;4.5.1&#8243;][\/et_pb_image][\/et_pb_column][et_pb_column type=&#8220;1_2&#8243; _builder_version=&#8220;4.4.3&#8243; custom_padding=&#8220;||||false|false&#8220; custom_padding_tablet=&#8220;|||0px|false|false&#8220; custom_padding_phone=&#8220;&#8220; custom_padding_last_edited=&#8220;on|tablet&#8220; animation_style=&#8220;slide&#8220; animation_direction=&#8220;right&#8220; animation_duration=&#8220;1500ms&#8220;][et_pb_text module_class=&#8220;wa-simplonMono&#8220; _builder_version=&#8220;4.5.1&#8243; text_font=&#8220;|700||on|||||&#8220; text_font_size=&#8220;13px&#8220; text_letter_spacing=&#8220;3.6px&#8220; text_line_height=&#8220;25px&#8220; text_orientation=&#8220;center&#8220; custom_margin=&#8220;||7px|||&#8220; text_orientation_tablet=&#8220;center&#8220; text_orientation_phone=&#8220;&#8220; text_orientation_last_edited=&#8220;on|tablet&#8220; locked=&#8220;off&#8220;]<\/p>\n<p>Kultur<\/p>\n<p>[\/et_pb_text][et_pb_text module_class=&#8220;wa-simplonMono&#8220; _builder_version=&#8220;4.5.1&#8243; text_font=&#8220;|700||on|||||&#8220; text_font_size=&#8220;18px&#8220; text_line_height=&#8220;25px&#8220; header_font=&#8220;|700|||||||&#8220; header_text_align=&#8220;center&#8220; header_font_size=&#8220;50px&#8220; header_line_height=&#8220;65px&#8220; header_3_font=&#8220;|700|||||||&#8220; header_3_text_align=&#8220;left&#8220; header_3_font_size=&#8220;50px&#8220; header_3_line_height=&#8220;65px&#8220; width=&#8220;100%&#8220; width_tablet=&#8220;100%&#8220; width_phone=&#8220;&#8220; width_last_edited=&#8220;on|tablet&#8220; custom_margin=&#8220;||1px|||&#8220; header_text_align_tablet=&#8220;center&#8220; header_text_align_phone=&#8220;&#8220; header_text_align_last_edited=&#8220;on|tablet&#8220; header_font_size_tablet=&#8220;40px&#8220; header_font_size_phone=&#8220;40px&#8220; header_font_size_last_edited=&#8220;on|phone&#8220; header_3_text_align_tablet=&#8220;center&#8220; header_3_text_align_phone=&#8220;&#8220; header_3_text_align_last_edited=&#8220;on|tablet&#8220; header_3_font_size_tablet=&#8220;40px&#8220; header_3_font_size_phone=&#8220;40px&#8220; header_3_font_size_last_edited=&#8220;on|phone&#8220; text_orientation_tablet=&#8220;&#8220; text_orientation_phone=&#8220;&#8220; text_orientation_last_edited=&#8220;on|desktop&#8220; locked=&#8220;off&#8220;]<\/p>\n<h1>Kultur erleben in der Draustadt<\/h1>\n<p>[\/et_pb_text][\/et_pb_column][\/et_pb_row][\/et_pb_section][et_pb_section fb_built=&#8220;1&#8243; _builder_version=&#8220;4.4.3&#8243; custom_padding=&#8220;0px||4px|||&#8220;][et_pb_row custom_padding_last_edited=&#8220;on|phone&#8220; _builder_version=&#8220;4.7.7&#8243; background_color=&#8220;#d5d7d4&#8243; width=&#8220;100%&#8220; width_tablet=&#8220;95%&#8220; width_phone=&#8220;&#8220; width_last_edited=&#8220;on|tablet&#8220; max_width=&#8220;1250px&#8220; custom_padding=&#8220;100px|140px|100px|140px|true|true&#8220; custom_padding_tablet=&#8220;80px|35px|80px|35px|true|true&#8220; custom_padding_phone=&#8220;|10px||10px|true|true&#8220; width__hover_enabled=&#8220;off|hover&#8220;][et_pb_column type=&#8220;4_4&#8243; _builder_version=&#8220;4.4.3&#8243;][et_pb_text _builder_version=&#8220;4.5.1&#8243; text_line_height=&#8220;28px&#8220; width_tablet=&#8220;87%&#8220; width_phone=&#8220;83%&#8220; width_last_edited=&#8220;on|tablet&#8220; module_alignment=&#8220;left&#8220; custom_margin=&#8220;0px||55px||false|false&#8220; hover_enabled=&#8220;0&#8243; text_font_size_tablet=&#8220;17px&#8220; text_font_size_phone=&#8220;17px&#8220; text_font_size_last_edited=&#8220;on|tablet&#8220; text_orientation_tablet=&#8220;center&#8220; text_orientation_phone=&#8220;&#8220; text_orientation_last_edited=&#8220;on|tablet&#8220; module_alignment_tablet=&#8220;center&#8220; module_alignment_phone=&#8220;&#8220; module_alignment_last_edited=&#8220;on|tablet&#8220; locked=&#8220;off&#8220;]<\/p>\n<p>Wenn Sie Kultur lieben, sind Sie in Villach genau richtig. In der Draustadt spazieren Sie gem\u00fctlich \u00fcber den aus dem 12. Jahrhundert stammenden Hauptplatz und bestaunen die gut erhaltenen Denkm\u00e4ler. Sie k\u00f6nnen zahlreiche spannende Museen entdecken oder sich von einem Theaterst\u00fcck verzaubern lassen. F\u00fcr alle Filmbegeisterten gibt es ebenso die M\u00f6glichkeit, das Stadtkino oder das im Dezember stattfindende<a href=\"https:\/\/k3filmfestival.com\/de\/startseite\/\" target=\"_blank\" rel=\"noopener noreferrer\"> \u201eK3 Film Festival\u201c<\/a> zu besuchen.<\/p>\n<p>Seit 1985 honoriert die Stadt Villach zudem einmal j\u00e4hrlich besonders sch\u00f6pferische kulturelle Leistungen, die das Kultur- und Geistesleben nachhaltig bereichern. Der Kulturpreis der Stadt Villach kann an Personen, aber auch an Vereine und Arbeitsgemeinschaften verliehen werden.<\/p>\n<p>[\/et_pb_text][\/et_pb_column][\/et_pb_row][\/et_pb_section][et_pb_section fb_built=&#8220;1&#8243; _builder_version=&#8220;4.7.7&#8243; _module_preset=&#8220;default&#8220;][et_pb_row _builder_version=&#8220;4.7.7&#8243; _module_preset=&#8220;default&#8220;][et_pb_column type=&#8220;4_4&#8243; _builder_version=&#8220;4.7.7&#8243; _module_preset=&#8220;default&#8220;][et_pb_text _builder_version=&#8220;4.5.1&#8243; _module_preset=&#8220;default&#8220;]<\/p>\n<h2>Kultur genie\u00dfen in den Museen der Stadt<\/h2>\n<p>[\/et_pb_text][et_pb_text _builder_version=&#8220;4.5.1&#8243; _module_preset=&#8220;default&#8220; hover_enabled=&#8220;0&#8243;]<\/p>\n<p>Kunst w\u00e4scht den Staub des Alltags von der Seele. In Villach finden Sie Kunst und Kultur, so weit das Auge reicht. Das <a href=\"https:\/\/villach.at\/stadt-erleben\/museum-der-stadt\" target=\"_blank\" rel=\"noopener noreferrer\">Stadtmuseum Villach<\/a> ist hier die erste Anlaufstelle. Mit seinen Sammlungen dokumentiert es die Geschichte sowie die Kunst und Kultur des gesamten Raum Villachs. Die Burg Villach dient dabei als Au\u00dfenstelle des Stadtmuseums.<\/p>\n<p>Im Schillerpark finden Sie das Relief von K\u00e4rnten, seines Zeichens die gr\u00f6\u00dfte topografische Landschaftsplastik Europas, welche das Bundesland K\u00e4rnten sowie die angrenzenden Gebiete abbildet. Weitere museale Attraktionen in und rund um Villach sind unter anderem das Fahrzeug-, das Puppen- oder das Pilzmuseum.<\/p>\n<p>[\/et_pb_text][\/et_pb_column][\/et_pb_row][et_pb_row column_structure=&#8220;1_2,1_2&#8243; _builder_version=&#8220;4.7.7&#8243; _module_preset=&#8220;default&#8220;][et_pb_column type=&#8220;1_2&#8243; _builder_version=&#8220;4.7.7&#8243; _module_preset=&#8220;default&#8220;][et_pb_text _builder_version=&#8220;4.5.1&#8243; _module_preset=&#8220;default&#8220;]<\/p>\n<h3>Theater in Villach\u00a0<\/h3>\n<p>[\/et_pb_text][et_pb_text _builder_version=&#8220;4.5.1&#8243; _module_preset=&#8220;default&#8220; hover_enabled=&#8220;0&#8243;]<\/p>\n<p>Theaterliebhaber kommen in der Draustadt ebenfalls auf Ihre Kosten. Das Theater der <a href=\"https:\/\/neuebuehnevillach.at\/\" target=\"_blank\" rel=\"noopener noreferrer\">\u201eneuebuehnevillach\u201c<\/a> ist in der Innenstadt gelegen und hat sich auf Gegenwartsdramatik und auf Theater am Puls der Zeit konzentriert. Erg\u00e4nzt wird das Jahresprogramm durch Gastspiele.<\/p>\n<p>Eine weitere Anlaufstelle ist der <a href=\"https:\/\/kulturhofvillach.at\/\" target=\"_blank\" rel=\"noopener noreferrer\">\u201eKulturhof:villach\u201c<\/a>. Dieser ist das Kulturzentrum der Stadt, welches alternativer Kunst und Kultur einen Raum bietet. Die offenen Tore laden Kulturbegeisterte dazu ein, das Areal zu besuchen, zu verweilen und der Kreativit\u00e4t freien Lauf zu lassen.<\/p>\n<p>Im angrenzenden Ort Wei\u00dfenstein haben Sie zudem die Chance, sich von den zwei Laientheatergruppen mitrei\u00dfen zu lassen.<\/p>\n<p>[\/et_pb_text][\/et_pb_column][et_pb_column type=&#8220;1_2&#8243; _builder_version=&#8220;4.7.7&#8243; _module_preset=&#8220;default&#8220;][et_pb_image src=&#8220;https:\/\/www.apartments-villach.at\/wp-content\/uploads\/2017\/12\/kulinarik.jpg&#8220; alt=&#8220;Kulinarik Apartments Villach&#8220; title_text=&#8220;kulinarik&#8220; _builder_version=&#8220;4.5.1&#8243; _module_preset=&#8220;default&#8220;][\/et_pb_image][\/et_pb_column][\/et_pb_row][et_pb_row _builder_version=&#8220;4.7.7&#8243; _module_preset=&#8220;default&#8220;][et_pb_column type=&#8220;4_4&#8243; _builder_version=&#8220;4.7.7&#8243; _module_preset=&#8220;default&#8220;][et_pb_text _builder_version=&#8220;4.5.1&#8243; _module_preset=&#8220;default&#8220;]<\/p>\n<h3>Kulturelle Veranstaltungen f\u00fcr die ganze Familie\u00a0<\/h3>\n<p>[\/et_pb_text][et_pb_text _builder_version=&#8220;4.5.1&#8243; _module_preset=&#8220;default&#8220; hover_enabled=&#8220;0&#8243;]<\/p>\n<p>Villach ist weit \u00fcber die Grenzen des Landes hinaus f\u00fcr seine Veranstaltungen bekannt. Besonders beliebt sind der Villacher Fasching, der Villacher Kirchtag und das Bike-Festival am nahe gelegenen Faaker See. Diese Feste sind Garant f\u00fcr eine unbeschwerte Zeit mit der ganzen Familie.<\/p>\n<p>Absolut empfehlenswert ist ebenfalls der in Ossiach und Villach stattfindende <a href=\"https:\/\/carinthischersommer.at\/\" target=\"_blank\" rel=\"noopener noreferrer\">Carinthische Sommer<\/a>. Dieser wurde bereits 1969 gegr\u00fcndet und z\u00e4hlt mittlerweile zu den bedeutendsten Musik- und Kulturfestivals \u00d6sterreichs. Er bietet internationalen K\u00fcnstlern, Ensembles und Orchestern eine B\u00fchne und zieht so Besucher aus der ganzen Welt an.<\/p>\n<p>Einmal j\u00e4hrlich ist Villach auch Schauplatz des ber\u00fchmten<a href=\"http:\/\/www.honky-tonk.net\/\" target=\"_blank\" rel=\"noopener noreferrer\"> \u201eHonky Tonk\u201c-Festivals.<\/a> Musikbegeisterte zahlen einmalig Eintritt und k\u00f6nnen dann alle beteiligten Lokale in der Stadt mitsamt den auftretenden Bands aufsuchen. Frei nach dem Motto: Einmal bezahlen \u2013 \u00fcberall dabei sein!<\/p>\n<p>[\/et_pb_text][\/et_pb_column][\/et_pb_row][et_pb_row _builder_version=&#8220;4.7.7&#8243; _module_preset=&#8220;default&#8220;][et_pb_column type=&#8220;4_4&#8243; _builder_version=&#8220;4.7.7&#8243; _module_preset=&#8220;default&#8220;][et_pb_text _builder_version=&#8220;4.5.1&#8243; _module_preset=&#8220;default&#8220;]<\/p>\n<h3>Sonstige kulturelle Sehensw\u00fcrdigkeiten<\/h3>\n<p>[\/et_pb_text][et_pb_text _builder_version=&#8220;4.5.1&#8243; _module_preset=&#8220;default&#8220; hover_enabled=&#8220;0&#8243;]<\/p>\n<p>Einen Ausflug wert ist in jedem Fall die Burg Landskron mit der Adlerarena und dem Affenberg. Wer gerne auf historischen Spuren wandert, sollte auf jeden Fall den R\u00f6merweg in Warmbad-Villach aufsuchen, welcher dem Volksmund nach in der r\u00f6mischen Zeit angelegt wurde. Sie finden diesen oberhalb der Napoleonwiese in Richtung Oberfederaun.<\/p>\n<p>Historiker sollten definitiv einen Blick in den Paracelsushof werfen. Das Haus mit seinen Renaissance-Arkaden im Innenhof gilt als Wirkungsst\u00e4tte des ber\u00fchmten Arztes und Forschers Paracelsus und seines Vaters Wilhelm von Hohenheim. Die Fassade ziert ein 1896 angebrachter Gedenkstein mit zwei Marmor-Portraits. Sportfans wiederum sind in der <a href=\"https:\/\/villach.at\/stadt-erleben\/sport\/stadthalle-villach\" target=\"_blank\" rel=\"noopener noreferrer\">Stadthalle Villach<\/a> gut aufgehoben. Hier tr\u00e4gt der EC VSV seine Heimspiele aus, unter anderem die legend\u00e4ren K\u00e4rntner Eishockey-Derbys gegen den KAC.<\/p>\n<p>[\/et_pb_text][\/et_pb_column][\/et_pb_row][\/et_pb_section][et_pb_section fb_built=&#8220;1&#8243; _builder_version=&#8220;4.4.3&#8243; custom_padding=&#8220;0px||4px|||&#8220;][et_pb_row custom_padding_last_edited=&#8220;on|phone&#8220; _builder_version=&#8220;4.4.3&#8243; background_color=&#8220;#d5d7d4&#8243; width=&#8220;100%&#8220; width_tablet=&#8220;95%&#8220; width_phone=&#8220;&#8220; width_last_edited=&#8220;on|tablet&#8220; max_width=&#8220;1250px&#8220; custom_padding=&#8220;100px|140px|100px|140px|true|true&#8220; custom_padding_tablet=&#8220;80px|35px|80px|35px|true|true&#8220; custom_padding_phone=&#8220;|10px||10px|true|true&#8220; width__hover_enabled=&#8220;off|hover&#8220;][et_pb_column type=&#8220;4_4&#8243; _builder_version=&#8220;4.4.3&#8243;][et_pb_text _builder_version=&#8220;4.5.1&#8243; text_line_height=&#8220;28px&#8220; width_tablet=&#8220;87%&#8220; width_phone=&#8220;83%&#8220; width_last_edited=&#8220;on|tablet&#8220; module_alignment=&#8220;left&#8220; custom_margin=&#8220;0px||55px||false|false&#8220; hover_enabled=&#8220;0&#8243; text_font_size_tablet=&#8220;17px&#8220; text_font_size_phone=&#8220;17px&#8220; text_font_size_last_edited=&#8220;on|tablet&#8220; text_orientation_tablet=&#8220;center&#8220; text_orientation_phone=&#8220;&#8220; text_orientation_last_edited=&#8220;on|tablet&#8220; module_alignment_tablet=&#8220;center&#8220; module_alignment_phone=&#8220;&#8220; module_alignment_last_edited=&#8220;on|tablet&#8220; locked=&#8220;off&#8220;]<\/p>\n<p>Sie haben Lust, Kultur in Villach hautnah zu erleben? Suchen Sie jetzt die passende Veranstaltung heraus und <a href=\"https:\/\/www.apartments-villach.at\/buchen\/\" target=\"_blank\" rel=\"noopener noreferrer\">reservieren Sie noch heute Ihr Apartment<\/a> dazu!<\/p>\n<p>[\/et_pb_text][\/et_pb_column][\/et_pb_row][\/et_pb_section][et_pb_section fb_built=&#8220;1&#8243; _builder_version=&#8220;4.4.3&#8243; background_color=&#8220;#d5d7d4&#8243; custom_margin=&#8220;100px|||||&#8220; custom_padding=&#8220;||||false|false&#8220; border_width_top=&#8220;1px&#8220; global_module=&#8220;1486&#8243; collapsed=&#8220;on&#8220;][et_pb_row module_class=&#8220;wa-footer-newsletter-section&#8220; _builder_version=&#8220;4.5.1&#8243; background_size=&#8220;initial&#8220; background_position=&#8220;top_left&#8220; background_repeat=&#8220;repeat&#8220; module_alignment=&#8220;center&#8220;][et_pb_column type=&#8220;4_4&#8243; _builder_version=&#8220;4.4.3&#8243;][et_pb_text _builder_version=&#8220;4.4.3&#8243; text_font=&#8220;|||on|||||&#8220; text_text_color=&#8220;#000000&#8243; text_font_size=&#8220;13px&#8220; text_letter_spacing=&#8220;1.86px&#8220; text_line_height=&#8220;19px&#8220; header_text_color=&#8220;#000000&#8243; header_font_size=&#8220;50px&#8220; header_2_font=&#8220;|700|||||||&#8220; header_2_text_color=&#8220;#000000&#8243; header_2_font_size=&#8220;50px&#8220;]<\/p>\n<h2>Newsletter<\/h2>\n<p>MELDE DICH BEI UNSEREM NEWSLETTER AN UM IMMER \u00dcBER AKTUELLE NEWS UND ANGEBOTE INFORMIERT ZU BLEIBEN<\/p>\n<p>[\/et_pb_text][et_pb_code _builder_version=&#8220;4.4.3&#8243;]<script id=\"n2g_script\">!function(e,t,n,c,r,a,i){e.Newsletter2GoTrackingObject=r,e[r]=e[r]||function(){(e[r].q=e[r].q||[]).push(arguments)},e[r].l=1*new Date,a=t.createElement(n),i=t.getElementsByTagName(n)[0],a.async=1,a.src=c,i.parentNode.insertBefore(a,i)}(window,document,\"script\",\"https:\/\/static.newsletter2go.com\/utils.js\",\"n2g\");var config = {\"container\": {\"type\": \"div\",\"class\": \"\",\"style\": \"\"},\"row\": {\"type\": \"div\",\"class\": \"\",\"style\": \"margin-top: 15px;\"},\"columnLeft\": {\"type\": \"div\",\"class\": \"\",\"style\": \"\"},\"columnRight\": {\"type\": \"div\",\"class\": \"\",\"style\": \"\"},\"label\": {\"type\": \"label\",\"class\": \"\",\"style\": \"\"}};n2g('create', 'ut1m3fer-k96mt4nb-igs');n2g('subscribe:createForm', config);<\/script>[\/et_pb_code][\/et_pb_column][\/et_pb_row][\/et_pb_section]<\/p>\n","protected":false},"excerpt":{"rendered":"<p>KulturKultur erleben in der DraustadtWenn Sie Kultur lieben, sind Sie in Villach genau richtig. In der Draustadt spazieren Sie gem\u00fctlich \u00fcber den aus dem 12. Jahrhundert stammenden Hauptplatz und bestaunen die gut erhaltenen Denkm\u00e4ler. Sie k\u00f6nnen zahlreiche spannende Museen entdecken oder sich von einem Theaterst\u00fcck verzaubern lassen. F\u00fcr alle Filmbegeisterten gibt es ebenso die M\u00f6glichkeit, [&hellip;]<\/p>\n","protected":false},"author":1,"featured_media":0,"parent":0,"menu_order":0,"comment_status":"closed","ping_status":"closed","template":"","meta":{"_et_pb_use_builder":"on","_et_pb_old_content":"","_et_gb_content_width":"","footnotes":""},"class_list":["post-5223","page","type-page","status-publish","hentry"],"yoast_head":"<!-- This site is optimized with the Yoast SEO plugin v27.3 - https:\/\/yoast.com\/product\/yoast-seo-wordpress\/ -->\n<title>Erleben Sie Kultur in Villach erfrischend anders - Apart of me<\/title>\n<meta name=\"description\" content=\"In Villach sp\u00fcren Sie Kultur hautnah. Direkt von Ihrem Apartment aus gelangen Sie zu allen wichtigen kulturellen Hotspots.\" \/>\n<meta name=\"robots\" content=\"index, follow, max-snippet:-1, max-image-preview:large, max-video-preview:-1\" \/>\n<link rel=\"canonical\" href=\"https:\/\/www.apartments-villach.at\/en\/kulturelle-sehenswuerdigkeiten\/\" \/>\n<meta property=\"og:locale\" content=\"en_GB\" \/>\n<meta property=\"og:type\" content=\"article\" \/>\n<meta property=\"og:title\" content=\"Erleben Sie Kultur in Villach erfrischend anders - Apart of me\" \/>\n<meta property=\"og:description\" content=\"In Villach sp\u00fcren Sie Kultur hautnah. Direkt von Ihrem Apartment aus gelangen Sie zu allen wichtigen kulturellen Hotspots.\" \/>\n<meta property=\"og:url\" content=\"https:\/\/www.apartments-villach.at\/en\/kulturelle-sehenswuerdigkeiten\/\" \/>\n<meta property=\"og:site_name\" content=\"Apartments Villach - Apart of me Villach\" \/>\n<meta property=\"article:modified_time\" content=\"2022-07-07T12:59:21+00:00\" \/>\n<meta name=\"twitter:card\" content=\"summary_large_image\" \/>\n<meta name=\"twitter:label1\" content=\"Est. reading time\" \/>\n\t<meta name=\"twitter:data1\" content=\"8 minutes\" \/>\n<script type=\"application\/ld+json\" class=\"yoast-schema-graph\">{\"@context\":\"https:\\\/\\\/schema.org\",\"@graph\":[{\"@type\":\"WebPage\",\"@id\":\"https:\\\/\\\/www.apartments-villach.at\\\/it\\\/kulturelle-sehenswuerdigkeiten\\\/\",\"url\":\"https:\\\/\\\/www.apartments-villach.at\\\/it\\\/kulturelle-sehenswuerdigkeiten\\\/\",\"name\":\"Erleben Sie Kultur in Villach erfrischend anders - Apart of me\",\"isPartOf\":{\"@id\":\"https:\\\/\\\/www.apartments-villach.at\\\/en\\\/#website\"},\"datePublished\":\"2022-07-07T07:01:47+00:00\",\"dateModified\":\"2022-07-07T12:59:21+00:00\",\"description\":\"In Villach sp\u00fcren Sie Kultur hautnah. Direkt von Ihrem Apartment aus gelangen Sie zu allen wichtigen kulturellen Hotspots.\",\"breadcrumb\":{\"@id\":\"https:\\\/\\\/www.apartments-villach.at\\\/it\\\/kulturelle-sehenswuerdigkeiten\\\/#breadcrumb\"},\"inLanguage\":\"en-GB\",\"potentialAction\":[{\"@type\":\"ReadAction\",\"target\":[\"https:\\\/\\\/www.apartments-villach.at\\\/it\\\/kulturelle-sehenswuerdigkeiten\\\/\"]}]},{\"@type\":\"BreadcrumbList\",\"@id\":\"https:\\\/\\\/www.apartments-villach.at\\\/it\\\/kulturelle-sehenswuerdigkeiten\\\/#breadcrumb\",\"itemListElement\":[{\"@type\":\"ListItem\",\"position\":1,\"name\":\"Startseite\",\"item\":\"https:\\\/\\\/www.apartments-villach.at\\\/en\\\/\"},{\"@type\":\"ListItem\",\"position\":2,\"name\":\"Kulturelle Sehensw\u00fcrdigkeiten\"}]},{\"@type\":\"WebSite\",\"@id\":\"https:\\\/\\\/www.apartments-villach.at\\\/en\\\/#website\",\"url\":\"https:\\\/\\\/www.apartments-villach.at\\\/en\\\/\",\"name\":\"Apartments Villach - Apart of me Villach\",\"description\":\"Ihre Wohlf\u00fchloase in Villach\",\"publisher\":{\"@id\":\"https:\\\/\\\/www.apartments-villach.at\\\/en\\\/#organization\"},\"potentialAction\":[{\"@type\":\"SearchAction\",\"target\":{\"@type\":\"EntryPoint\",\"urlTemplate\":\"https:\\\/\\\/www.apartments-villach.at\\\/en\\\/?s={search_term_string}\"},\"query-input\":{\"@type\":\"PropertyValueSpecification\",\"valueRequired\":true,\"valueName\":\"search_term_string\"}}],\"inLanguage\":\"en-GB\"},{\"@type\":\"Organization\",\"@id\":\"https:\\\/\\\/www.apartments-villach.at\\\/en\\\/#organization\",\"name\":\"Apartments Villach\",\"url\":\"https:\\\/\\\/www.apartments-villach.at\\\/en\\\/\",\"logo\":{\"@type\":\"ImageObject\",\"inLanguage\":\"en-GB\",\"@id\":\"https:\\\/\\\/www.apartments-villach.at\\\/en\\\/#\\\/schema\\\/logo\\\/image\\\/\",\"url\":\"\",\"contentUrl\":\"\",\"caption\":\"Apartments Villach\"},\"image\":{\"@id\":\"https:\\\/\\\/www.apartments-villach.at\\\/en\\\/#\\\/schema\\\/logo\\\/image\\\/\"}}]}<\/script>\n<!-- \/ Yoast SEO plugin. -->","yoast_head_json":{"title":"Erleben Sie Kultur in Villach erfrischend anders - Apart of me","description":"In Villach sp\u00fcren Sie Kultur hautnah. Direkt von Ihrem Apartment aus gelangen Sie zu allen wichtigen kulturellen Hotspots.","robots":{"index":"index","follow":"follow","max-snippet":"max-snippet:-1","max-image-preview":"max-image-preview:large","max-video-preview":"max-video-preview:-1"},"canonical":"https:\/\/www.apartments-villach.at\/en\/kulturelle-sehenswuerdigkeiten\/","og_locale":"en_GB","og_type":"article","og_title":"Erleben Sie Kultur in Villach erfrischend anders - Apart of me","og_description":"In Villach sp\u00fcren Sie Kultur hautnah. Direkt von Ihrem Apartment aus gelangen Sie zu allen wichtigen kulturellen Hotspots.","og_url":"https:\/\/www.apartments-villach.at\/en\/kulturelle-sehenswuerdigkeiten\/","og_site_name":"Apartments Villach - Apart of me Villach","article_modified_time":"2022-07-07T12:59:21+00:00","twitter_card":"summary_large_image","twitter_misc":{"Est. reading time":"8 minutes"},"schema":{"@context":"https:\/\/schema.org","@graph":[{"@type":"WebPage","@id":"https:\/\/www.apartments-villach.at\/it\/kulturelle-sehenswuerdigkeiten\/","url":"https:\/\/www.apartments-villach.at\/it\/kulturelle-sehenswuerdigkeiten\/","name":"Erleben Sie Kultur in Villach erfrischend anders - Apart of me","isPartOf":{"@id":"https:\/\/www.apartments-villach.at\/en\/#website"},"datePublished":"2022-07-07T07:01:47+00:00","dateModified":"2022-07-07T12:59:21+00:00","description":"In Villach sp\u00fcren Sie Kultur hautnah. Direkt von Ihrem Apartment aus gelangen Sie zu allen wichtigen kulturellen Hotspots.","breadcrumb":{"@id":"https:\/\/www.apartments-villach.at\/it\/kulturelle-sehenswuerdigkeiten\/#breadcrumb"},"inLanguage":"en-GB","potentialAction":[{"@type":"ReadAction","target":["https:\/\/www.apartments-villach.at\/it\/kulturelle-sehenswuerdigkeiten\/"]}]},{"@type":"BreadcrumbList","@id":"https:\/\/www.apartments-villach.at\/it\/kulturelle-sehenswuerdigkeiten\/#breadcrumb","itemListElement":[{"@type":"ListItem","position":1,"name":"Startseite","item":"https:\/\/www.apartments-villach.at\/en\/"},{"@type":"ListItem","position":2,"name":"Kulturelle Sehensw\u00fcrdigkeiten"}]},{"@type":"WebSite","@id":"https:\/\/www.apartments-villach.at\/en\/#website","url":"https:\/\/www.apartments-villach.at\/en\/","name":"Flats Villach - Apart of me Villach","description":"Your oasis of well-being in Villach","publisher":{"@id":"https:\/\/www.apartments-villach.at\/en\/#organization"},"potentialAction":[{"@type":"SearchAction","target":{"@type":"EntryPoint","urlTemplate":"https:\/\/www.apartments-villach.at\/en\/?s={search_term_string}"},"query-input":{"@type":"PropertyValueSpecification","valueRequired":true,"valueName":"search_term_string"}}],"inLanguage":"en-GB"},{"@type":"Organization","@id":"https:\/\/www.apartments-villach.at\/en\/#organization","name":"Flats Villach","url":"https:\/\/www.apartments-villach.at\/en\/","logo":{"@type":"ImageObject","inLanguage":"en-GB","@id":"https:\/\/www.apartments-villach.at\/en\/#\/schema\/logo\/image\/","url":"","contentUrl":"","caption":"Apartments Villach"},"image":{"@id":"https:\/\/www.apartments-villach.at\/en\/#\/schema\/logo\/image\/"}}]}},"_links":{"self":[{"href":"https:\/\/www.apartments-villach.at\/en\/wp-json\/wp\/v2\/pages\/5223","targetHints":{"allow":["GET"]}}],"collection":[{"href":"https:\/\/www.apartments-villach.at\/en\/wp-json\/wp\/v2\/pages"}],"about":[{"href":"https:\/\/www.apartments-villach.at\/en\/wp-json\/wp\/v2\/types\/page"}],"author":[{"embeddable":true,"href":"https:\/\/www.apartments-villach.at\/en\/wp-json\/wp\/v2\/users\/1"}],"replies":[{"embeddable":true,"href":"https:\/\/www.apartments-villach.at\/en\/wp-json\/wp\/v2\/comments?post=5223"}],"version-history":[{"count":12,"href":"https:\/\/www.apartments-villach.at\/en\/wp-json\/wp\/v2\/pages\/5223\/revisions"}],"predecessor-version":[{"id":5263,"href":"https:\/\/www.apartments-villach.at\/en\/wp-json\/wp\/v2\/pages\/5223\/revisions\/5263"}],"wp:attachment":[{"href":"https:\/\/www.apartments-villach.at\/en\/wp-json\/wp\/v2\/media?parent=5223"}],"curies":[{"name":"wp","href":"https:\/\/api.w.org\/{rel}","templated":true}]}}