{"id":5203,"date":"2022-07-06T09:08:00","date_gmt":"2022-07-06T07:08:00","guid":{"rendered":"https:\/\/www.apartments-villach.at\/?page_id=5203"},"modified":"2022-07-07T10:51:01","modified_gmt":"2022-07-07T08:51:01","slug":"shoppingmoeglichkeiten-in-villach","status":"publish","type":"page","link":"https:\/\/www.apartments-villach.at\/en\/shoppingmoeglichkeiten-in-villach\/","title":{"rendered":"Shopping in Villach"},"content":{"rendered":"<p>[et_pb_section fb_built=&#8220;1&#8243; _builder_version=&#8220;4.4.3&#8243; max_width=&#8220;1440px&#8220; module_alignment=&#8220;center&#8220; custom_margin=&#8220;0px||||false|false&#8220; custom_padding=&#8220;0px||||false|false&#8220; locked=&#8220;off&#8220;][et_pb_row column_structure=&#8220;1_2,1_2&#8243; make_equal=&#8220;on&#8220; custom_padding_last_edited=&#8220;on|tablet&#8220; module_class=&#8220; wa-vertical-center-section wa-subpages-hero-section&#8220; _builder_version=&#8220;4.4.3&#8243; width=&#8220;100%&#8220; width_tablet=&#8220;100%&#8220; width_phone=&#8220;&#8220; width_last_edited=&#8220;on|phone&#8220; custom_padding=&#8220;80px||||false|false&#8220; custom_padding_tablet=&#8220;||0px||false|false&#8220; custom_padding_phone=&#8220;&#8220; custom_css_before_last_edited=&#8220;on|desktop&#8220;][et_pb_column type=&#8220;1_2&#8243; _builder_version=&#8220;4.4.3&#8243; animation_style=&#8220;slide&#8220; animation_direction=&#8220;left&#8220; animation_duration=&#8220;1500ms&#8220;][et_pb_image src=&#8220;https:\/\/www.apartments-villach.at\/wp-content\/uploads\/2020\/06\/shoppingmoeglichkeiten-in-unmittelbarer-umgebung.jpg&#8220; alt=&#8220;Ein Mensch tippt am Handy etwas ein.&#8220; title_text=&#8220;shoppingmoeglichkeiten-in-unmittelbarer-umgebung&#8220; align=&#8220;center&#8220; align_tablet=&#8220;&#8220; align_phone=&#8220;&#8220; align_last_edited=&#8220;on|tablet&#8220; _builder_version=&#8220;4.5.1&#8243;][\/et_pb_image][\/et_pb_column][et_pb_column type=&#8220;1_2&#8243; _builder_version=&#8220;4.4.3&#8243; custom_padding=&#8220;||||false|false&#8220; custom_padding_tablet=&#8220;|||0px|false|false&#8220; custom_padding_phone=&#8220;&#8220; custom_padding_last_edited=&#8220;on|tablet&#8220; animation_style=&#8220;slide&#8220; animation_direction=&#8220;right&#8220; animation_duration=&#8220;1500ms&#8220;][et_pb_text module_class=&#8220;wa-simplonMono&#8220; _builder_version=&#8220;4.5.1&#8243; text_font=&#8220;|700||on|||||&#8220; text_font_size=&#8220;13px&#8220; text_letter_spacing=&#8220;3.6px&#8220; text_line_height=&#8220;25px&#8220; text_orientation=&#8220;center&#8220; custom_margin=&#8220;||7px|||&#8220; text_orientation_tablet=&#8220;center&#8220; text_orientation_phone=&#8220;&#8220; text_orientation_last_edited=&#8220;on|tablet&#8220; locked=&#8220;off&#8220;]<\/p>\n<p>Shopping<\/p>\n<p>[\/et_pb_text][et_pb_text module_class=&#8220;wa-simplonMono&#8220; _builder_version=&#8220;4.5.1&#8243; text_font=&#8220;|700||on|||||&#8220; text_font_size=&#8220;18px&#8220; text_line_height=&#8220;25px&#8220; header_font=&#8220;|700|||||||&#8220; header_text_align=&#8220;center&#8220; header_font_size=&#8220;50px&#8220; header_line_height=&#8220;65px&#8220; header_3_font=&#8220;|700|||||||&#8220; header_3_text_align=&#8220;left&#8220; header_3_font_size=&#8220;50px&#8220; header_3_line_height=&#8220;65px&#8220; width=&#8220;100%&#8220; width_tablet=&#8220;100%&#8220; width_phone=&#8220;&#8220; width_last_edited=&#8220;on|tablet&#8220; custom_margin=&#8220;||1px|||&#8220; header_text_align_tablet=&#8220;center&#8220; header_text_align_phone=&#8220;&#8220; header_text_align_last_edited=&#8220;on|tablet&#8220; header_font_size_tablet=&#8220;40px&#8220; header_font_size_phone=&#8220;40px&#8220; header_font_size_last_edited=&#8220;on|phone&#8220; header_3_text_align_tablet=&#8220;center&#8220; header_3_text_align_phone=&#8220;&#8220; header_3_text_align_last_edited=&#8220;on|tablet&#8220; header_3_font_size_tablet=&#8220;40px&#8220; header_3_font_size_phone=&#8220;40px&#8220; header_3_font_size_last_edited=&#8220;on|phone&#8220; text_orientation_tablet=&#8220;&#8220; text_orientation_phone=&#8220;&#8220; text_orientation_last_edited=&#8220;on|desktop&#8220; locked=&#8220;off&#8220;]<\/p>\n<h1>Shopping in Villach &#8211; unsere Geheimtipps<\/h1>\n<p>[\/et_pb_text][\/et_pb_column][\/et_pb_row][\/et_pb_section][et_pb_section fb_built=&#8220;1&#8243; _builder_version=&#8220;4.4.3&#8243; custom_padding=&#8220;0px||4px|||&#8220;][et_pb_row custom_padding_last_edited=&#8220;on|phone&#8220; _builder_version=&#8220;4.7.7&#8243; background_color=&#8220;#d5d7d4&#8243; width=&#8220;100%&#8220; width_tablet=&#8220;95%&#8220; width_phone=&#8220;&#8220; width_last_edited=&#8220;on|tablet&#8220; max_width=&#8220;1250px&#8220; custom_padding=&#8220;100px|140px|100px|140px|true|true&#8220; custom_padding_tablet=&#8220;80px|35px|80px|35px|true|true&#8220; custom_padding_phone=&#8220;|10px||10px|true|true&#8220; width__hover_enabled=&#8220;off|hover&#8220;][et_pb_column type=&#8220;4_4&#8243; _builder_version=&#8220;4.4.3&#8243;][et_pb_text _builder_version=&#8220;4.5.1&#8243; text_line_height=&#8220;28px&#8220; width_tablet=&#8220;87%&#8220; width_phone=&#8220;83%&#8220; width_last_edited=&#8220;on|tablet&#8220; module_alignment=&#8220;left&#8220; custom_margin=&#8220;0px||55px||false|false&#8220; hover_enabled=&#8220;0&#8243; text_font_size_tablet=&#8220;17px&#8220; text_font_size_phone=&#8220;17px&#8220; text_font_size_last_edited=&#8220;on|tablet&#8220; text_orientation_tablet=&#8220;center&#8220; text_orientation_phone=&#8220;&#8220; text_orientation_last_edited=&#8220;on|tablet&#8220; module_alignment_tablet=&#8220;center&#8220; module_alignment_phone=&#8220;&#8220; module_alignment_last_edited=&#8220;on|tablet&#8220; locked=&#8220;off&#8220;]<\/p>\n<p>Von regionalen Produkten bis hin zu edler Designerkleidung \u2013 beim Shoppen in Villach profitieren Sie von einem breit gef\u00e4cherten Angebot bestehend aus Shops, M\u00e4rkten und Einkaufszentren. Schlendern Sie gem\u00fctlich durch die Fu\u00dfg\u00e4ngerzone in der Innenstadt und bestaunen Sie die zahlreichen Auslagen der angesiedelten Boutiquen. Kleiner Tipp: Werfen Sie einen Blick in eine der f\u00fcnf italienischen Kleidungsgesch\u00e4fte am Hauptplatz und probieren Sie exklusive italienische Modehighlights.<\/p>\n<p>Villach bietet ein Shoppingerlebnis der besonderen Art. Sie k\u00f6nnen gem\u00fctlich durch die Altstadt bummeln, f\u00fcr eine kleine Pause in einem der zahlreichen Caf\u00e9s einkehren oder ein leckeres Essen in einem der exquisiten Restaurants entlang der Fu\u00dfg\u00e4ngerzone genie\u00dfen. So machen Sie Einkaufen zu einem speziellen Erlebnis!<\/p>\n<p>Nach einer gelungenen Shoppingtour kehren Sie dann in Ihr <a href=\"https:\/\/www.apartments-villach.at\/apartments-villach\/\" target=\"_blank\" rel=\"noopener noreferrer\">schickes Apartment<\/a> in unmittelbarer Umgebung der Fu\u00dfg\u00e4ngerzone zur\u00fcck, um den Tag gem\u00fctlich mit einem Glas Wein oder einer hei\u00dfen Tasse Tee ausklingen zu lassen. Dabei finden Sie alles, was Sie zum Entspannen ben\u00f6tigen.<\/p>\n<p>[\/et_pb_text][\/et_pb_column][\/et_pb_row][\/et_pb_section][et_pb_section fb_built=&#8220;1&#8243; _builder_version=&#8220;4.7.7&#8243; _module_preset=&#8220;default&#8220;][et_pb_row _builder_version=&#8220;4.7.7&#8243; _module_preset=&#8220;default&#8220;][et_pb_column type=&#8220;4_4&#8243; _builder_version=&#8220;4.7.7&#8243; _module_preset=&#8220;default&#8220;][et_pb_text _builder_version=&#8220;4.5.1&#8243; _module_preset=&#8220;default&#8220;]<\/p>\n<h2>Regionales Shopping in Villach<\/h2>\n<p>[\/et_pb_text][et_pb_text _builder_version=&#8220;4.5.1&#8243; _module_preset=&#8220;default&#8220; hover_enabled=&#8220;0&#8243;]<\/p>\n<p>Die Stadt Villach befindet sich inmitten des Genusslandes K\u00e4rntens und hat an regionalen Produkten und Handwerkskunst einiges zu bieten. In der Region gibt es viele Betriebe, die handgefertigte Waren mit viel Liebe zum Detail produzieren. So haben Sie f\u00fcr Ihre Liebsten zu Hause das perfekte Mitbringsel.<\/p>\n<p>Beliebt sind bei unseren G\u00e4sten vor allem regionale Schmankerln aller Art. Diese k\u00f6nnen Sie auf den verschiedensten M\u00e4rkten wie etwa dem Faaker Bauernmarkt oder dem Villacher Wochenmarkt erwerben. Wer es eilig hat, dem stehen die rund um die Uhr ge\u00f6ffneten Ackerboxen in der Villacher Innenstadt zur Verf\u00fcgung. Hier k\u00f6nnen Sie im Selfservice regionale K\u00f6stlichkeiten direkt von den Bauern der Umgebung erwerben.<\/p>\n<p>Ebenfalls einen Besuch wert ist in Villach <a href=\"https:\/\/www.genussladen-villach.at\/\" target=\"_blank\" rel=\"noopener noreferrer\">\u201eDas regionale Eck\u201c<\/a> in der Wei\u00dfbriachgasse. In diesem Genussladen erhalten Sie neben kulinarischen Produkten auch M\u00fctzen, Socken und Wolle von der Alpakafarm sowie hochwertige Fl\u00fcssig- und Hartseife.<\/p>\n<p>[\/et_pb_text][\/et_pb_column][\/et_pb_row][et_pb_row column_structure=&#8220;1_2,1_2&#8243; _builder_version=&#8220;4.7.7&#8243; _module_preset=&#8220;default&#8220;][et_pb_column type=&#8220;1_2&#8243; _builder_version=&#8220;4.7.7&#8243; _module_preset=&#8220;default&#8220;][et_pb_text _builder_version=&#8220;4.5.1&#8243; _module_preset=&#8220;default&#8220;]<\/p>\n<h3>Nachhaltiges Shoppen in Villach<\/h3>\n<p>[\/et_pb_text][et_pb_text _builder_version=&#8220;4.5.1&#8243; _module_preset=&#8220;default&#8220; hover_enabled=&#8220;0&#8243;]<\/p>\n<p>Wenn Ihnen fair oder nachhaltig erzeugte Produkte wichtig sind, werden Sie rund um Villach bestimmt f\u00fcndig. Hier unsere Geheimtipps:<\/p>\n<ul>\n<li><strong><a href=\"https:\/\/www.finkensteiner.at\/\" target=\"_blank\" rel=\"noopener noreferrer\">Finkensteiner Nudelfabrik<\/a>:<\/strong> Gro\u00dfe Vielfalt, auserlesene Rohstoffe aus \u00d6sterreich sowie viel Liebe zu den Produkten machen die Finkensteiner Nudelfabrik zu einem Genusserlebnis der au\u00dfergew\u00f6hnlichen Art.<\/li>\n<li><a href=\"https:\/\/www.klosterwernberg.at\/klosterladen\/\" target=\"_blank\" rel=\"noopener noreferrer\"><strong>Klosterladen Wernberg:<\/strong><\/a> Hochwertige Lebensmittel aus der eigenen Landwirtschaft mit Milchverarbeitung, Kr\u00e4utergarten und Klosterbackstube werden im Klosterladen Wernberg angeboten.<\/li>\n<li><strong><a href=\"https:\/\/www.wiegelehaus.at\/\" target=\"_blank\" rel=\"noopener noreferrer\">Wiegele M\u00fchle<\/a>:<\/strong> In der Wiegele M\u00fchle in N\u00f6tsch werden Brot und Mehlspeisen nach alter Handwerkstradition und ohne k\u00fcnstliche Zusatzstoffe mit viel Erfahrung ern\u00e4hrungsbewusst produziert. Der Strom wird selbst erzeugt und die meisten Inhaltsstoffe kommen von den umliegenden Bauern.<\/li>\n<\/ul>\n<p>[\/et_pb_text][\/et_pb_column][et_pb_column type=&#8220;1_2&#8243; _builder_version=&#8220;4.7.7&#8243; _module_preset=&#8220;default&#8220;][et_pb_image src=&#8220;https:\/\/www.apartments-villach.at\/wp-content\/uploads\/2022\/06\/villach_hauptplatz_lampen_abend_6-original_f_Michael-Stabentheiner-c-Region-Villach-Tourismus-GmbH-min.jpg&#8220; alt=&#8220;Ein Koffer liegt auf der Bank im Business Apartment&#8220; title_text=&#8220;villach_hauptplatz_lampen_abend_6-original_(f)_Michael-Stabentheiner-(c)-Region-Villach-Tourismus-GmbH-min&#8220; _builder_version=&#8220;4.5.1&#8243; _module_preset=&#8220;default&#8220;][\/et_pb_image][\/et_pb_column][\/et_pb_row][et_pb_row _builder_version=&#8220;4.7.7&#8243; _module_preset=&#8220;default&#8220;][et_pb_column type=&#8220;4_4&#8243; _builder_version=&#8220;4.7.7&#8243; _module_preset=&#8220;default&#8220;][et_pb_text _builder_version=&#8220;4.5.1&#8243; _module_preset=&#8220;default&#8220;]<\/p>\n<h3>ATRIO Villach \u2013 das Einkaufszentrum in Villach<\/h3>\n<p>[\/et_pb_text][et_pb_text _builder_version=&#8220;4.5.1&#8243; _module_preset=&#8220;default&#8220;]<\/p>\n<p>Komfortabel, vielseitig und innovativ \u2013 so pr\u00e4sentiert sich das Einkaufszentrum ATRIO am s\u00fcdlichen Rand von Villach. Es ist fl\u00e4chenm\u00e4\u00dfig das gr\u00f6\u00dfte EKZ K\u00e4rntens und bietet eine gro\u00dfe Bandbreite an Shops, Dienstleistern und Gastronomiebetrieben. Von Bekleidungsgesch\u00e4ften \u00fcber Drogeriem\u00e4rkte bis hin zu Schmuck ist das Angebot schier endlos.<\/p>\n<p>Ein absolutes Highlight im ATRIO ist eine gro\u00dfe, begehbare Landkarte im Untergeschoss. Im zweiten Obergeschoss befindet sich zudem eine moderne Familien-Erlebniswelt, die Sie auch gerne bei Schlechtwetter nutzen k\u00f6nnen. Ihre Kleinen werden begeistert sein!<\/p>\n<p>[\/et_pb_text][\/et_pb_column][\/et_pb_row][et_pb_row _builder_version=&#8220;4.7.7&#8243; _module_preset=&#8220;default&#8220;][et_pb_column type=&#8220;4_4&#8243; _builder_version=&#8220;4.7.7&#8243; _module_preset=&#8220;default&#8220;][et_pb_text _builder_version=&#8220;4.5.1&#8243; _module_preset=&#8220;default&#8220;]<\/p>\n<h3>Auf zum Shopping-Wochenende nach Villach<\/h3>\n<p>[\/et_pb_text][et_pb_text _builder_version=&#8220;4.5.1&#8243; _module_preset=&#8220;default&#8220;]<\/p>\n<p>Sie erleben gerne einen abwechslungsreichen Aufenthalt in Ihrer Urlaubsdestination? Dann sind Sie bei \u201eApart of me Villach\u201c genau richtig. Ihr Lieblingsapartment befindet sich im Zentrum der Draustadt und ist die perfekte Ausgangslage f\u00fcr zahlreiche Unternehmungen.<\/p>\n<p>Genie\u00dfen Sie den Altstadtzauber verbunden mit allen Vorteilen, die Ihnen die wundersch\u00f6ne Stadt Villach bietet. Nehmen Sie sich Zeit f\u00fcr einen Einkaufsbummel, kulturelle Entdeckungen oder entspannte Stunden an einem der sauberen Badeseen in der N\u00e4he. Abends k\u00f6nnen Sie sich dann in Ihrem stilvollen Apartment erholen.<\/p>\n<p>[\/et_pb_text][\/et_pb_column][\/et_pb_row][\/et_pb_section][et_pb_section fb_built=&#8220;1&#8243; _builder_version=&#8220;4.4.3&#8243; custom_padding=&#8220;0px||4px|||&#8220;][et_pb_row custom_padding_last_edited=&#8220;on|phone&#8220; _builder_version=&#8220;4.4.3&#8243; background_color=&#8220;#d5d7d4&#8243; width=&#8220;100%&#8220; width_tablet=&#8220;95%&#8220; width_phone=&#8220;&#8220; width_last_edited=&#8220;on|tablet&#8220; max_width=&#8220;1250px&#8220; custom_padding=&#8220;100px|140px|100px|140px|true|true&#8220; custom_padding_tablet=&#8220;80px|35px|80px|35px|true|true&#8220; custom_padding_phone=&#8220;|10px||10px|true|true&#8220; width__hover_enabled=&#8220;off|hover&#8220;][et_pb_column type=&#8220;4_4&#8243; _builder_version=&#8220;4.4.3&#8243;][et_pb_text _builder_version=&#8220;4.5.1&#8243; text_line_height=&#8220;28px&#8220; width_tablet=&#8220;87%&#8220; width_phone=&#8220;83%&#8220; width_last_edited=&#8220;on|tablet&#8220; module_alignment=&#8220;left&#8220; custom_margin=&#8220;0px||55px||false|false&#8220; hover_enabled=&#8220;0&#8243; text_font_size_tablet=&#8220;17px&#8220; text_font_size_phone=&#8220;17px&#8220; text_font_size_last_edited=&#8220;on|tablet&#8220; text_orientation_tablet=&#8220;center&#8220; text_orientation_phone=&#8220;&#8220; text_orientation_last_edited=&#8220;on|tablet&#8220; module_alignment_tablet=&#8220;center&#8220; module_alignment_phone=&#8220;&#8220; module_alignment_last_edited=&#8220;on|tablet&#8220; locked=&#8220;off&#8220;]<\/p>\n<p>Shopping in Villach mit allem Drum und Dran w\u00e4re genau das Richtige f\u00fcr Sie? Dann checken Sie noch heute in<a href=\"https:\/\/www.apartments-villach.at\/buchen\/\" target=\"_blank\" rel=\"noopener noreferrer\"> Ihrem Wohlf\u00fchlapartment<\/a> in der Innenstadt ein und legen Sie los!<\/p>\n<p>[\/et_pb_text][\/et_pb_column][\/et_pb_row][\/et_pb_section][et_pb_section fb_built=&#8220;1&#8243; _builder_version=&#8220;4.4.3&#8243; background_color=&#8220;#d5d7d4&#8243; custom_margin=&#8220;100px|||||&#8220; custom_padding=&#8220;||||false|false&#8220; border_width_top=&#8220;1px&#8220; global_module=&#8220;1486&#8243; collapsed=&#8220;on&#8220;][et_pb_row module_class=&#8220;wa-footer-newsletter-section&#8220; _builder_version=&#8220;4.5.1&#8243; background_size=&#8220;initial&#8220; background_position=&#8220;top_left&#8220; background_repeat=&#8220;repeat&#8220; module_alignment=&#8220;center&#8220;][et_pb_column type=&#8220;4_4&#8243; _builder_version=&#8220;4.4.3&#8243;][et_pb_text _builder_version=&#8220;4.4.3&#8243; text_font=&#8220;|||on|||||&#8220; text_text_color=&#8220;#000000&#8243; text_font_size=&#8220;13px&#8220; text_letter_spacing=&#8220;1.86px&#8220; text_line_height=&#8220;19px&#8220; header_text_color=&#8220;#000000&#8243; header_font_size=&#8220;50px&#8220; header_2_font=&#8220;|700|||||||&#8220; header_2_text_color=&#8220;#000000&#8243; header_2_font_size=&#8220;50px&#8220;]<\/p>\n<h2>Newsletter<\/h2>\n<p>MELDE DICH BEI UNSEREM NEWSLETTER AN UM IMMER \u00dcBER AKTUELLE NEWS UND ANGEBOTE INFORMIERT ZU BLEIBEN<\/p>\n<p>[\/et_pb_text][et_pb_code _builder_version=&#8220;4.4.3&#8243;]<script id=\"n2g_script\">!function(e,t,n,c,r,a,i){e.Newsletter2GoTrackingObject=r,e[r]=e[r]||function(){(e[r].q=e[r].q||[]).push(arguments)},e[r].l=1*new Date,a=t.createElement(n),i=t.getElementsByTagName(n)[0],a.async=1,a.src=c,i.parentNode.insertBefore(a,i)}(window,document,\"script\",\"https:\/\/static.newsletter2go.com\/utils.js\",\"n2g\");var config = {\"container\": {\"type\": \"div\",\"class\": \"\",\"style\": \"\"},\"row\": {\"type\": \"div\",\"class\": \"\",\"style\": \"margin-top: 15px;\"},\"columnLeft\": {\"type\": \"div\",\"class\": \"\",\"style\": \"\"},\"columnRight\": {\"type\": \"div\",\"class\": \"\",\"style\": \"\"},\"label\": {\"type\": \"label\",\"class\": \"\",\"style\": \"\"}};n2g('create', 'ut1m3fer-k96mt4nb-igs');n2g('subscribe:createForm', config);<\/script>[\/et_pb_code][\/et_pb_column][\/et_pb_row][\/et_pb_section]<\/p>\n","protected":false},"excerpt":{"rendered":"<p>ShoppingShopping in Villach &#8211; unsere GeheimtippsVon regionalen Produkten bis hin zu edler Designerkleidung \u2013 beim Shoppen in Villach profitieren Sie von einem breit gef\u00e4cherten Angebot bestehend aus Shops, M\u00e4rkten und Einkaufszentren. Schlendern Sie gem\u00fctlich durch die Fu\u00dfg\u00e4ngerzone in der Innenstadt und bestaunen Sie die zahlreichen Auslagen der angesiedelten Boutiquen. Kleiner Tipp: Werfen Sie einen Blick [&hellip;]<\/p>\n","protected":false},"author":1,"featured_media":0,"parent":0,"menu_order":0,"comment_status":"closed","ping_status":"closed","template":"","meta":{"_et_pb_use_builder":"on","_et_pb_old_content":"","_et_gb_content_width":"","footnotes":""},"class_list":["post-5203","page","type-page","status-publish","hentry"],"yoast_head":"<!-- This site is optimized with the Yoast SEO plugin v27.3 - https:\/\/yoast.com\/product\/yoast-seo-wordpress\/ -->\n<title>Shopping in Villach \u2013 Unsere Geheimtipps von Apart of me<\/title>\n<meta name=\"description\" content=\"Shopping in Villach ist vielseitig. Das Angebot reicht von regionalem Handwerk bis hin zu exklusiven Marken und preisg\u00fcnstigen Outlets.\" \/>\n<meta name=\"robots\" content=\"index, follow, max-snippet:-1, max-image-preview:large, max-video-preview:-1\" \/>\n<link rel=\"canonical\" href=\"https:\/\/www.apartments-villach.at\/en\/shoppingmoeglichkeiten-in-villach\/\" \/>\n<meta property=\"og:locale\" content=\"en_GB\" \/>\n<meta property=\"og:type\" content=\"article\" \/>\n<meta property=\"og:title\" content=\"Shopping in Villach \u2013 Unsere Geheimtipps von Apart of me\" \/>\n<meta property=\"og:description\" content=\"Shopping in Villach ist vielseitig. Das Angebot reicht von regionalem Handwerk bis hin zu exklusiven Marken und preisg\u00fcnstigen Outlets.\" \/>\n<meta property=\"og:url\" content=\"https:\/\/www.apartments-villach.at\/en\/shoppingmoeglichkeiten-in-villach\/\" \/>\n<meta property=\"og:site_name\" content=\"Apartments Villach - Apart of me Villach\" \/>\n<meta property=\"article:modified_time\" content=\"2022-07-07T08:51:01+00:00\" \/>\n<meta name=\"twitter:card\" content=\"summary_large_image\" \/>\n<meta name=\"twitter:label1\" content=\"Est. reading time\" \/>\n\t<meta name=\"twitter:data1\" content=\"9 minutes\" \/>\n<script type=\"application\/ld+json\" class=\"yoast-schema-graph\">{\"@context\":\"https:\\\/\\\/schema.org\",\"@graph\":[{\"@type\":\"WebPage\",\"@id\":\"https:\\\/\\\/www.apartments-villach.at\\\/shoppingmoeglichkeiten-in-villach\\\/\",\"url\":\"https:\\\/\\\/www.apartments-villach.at\\\/shoppingmoeglichkeiten-in-villach\\\/\",\"name\":\"Shopping in Villach \u2013 Unsere Geheimtipps von Apart of me\",\"isPartOf\":{\"@id\":\"https:\\\/\\\/www.apartments-villach.at\\\/en\\\/#website\"},\"datePublished\":\"2022-07-06T07:08:00+00:00\",\"dateModified\":\"2022-07-07T08:51:01+00:00\",\"description\":\"Shopping in Villach ist vielseitig. Das Angebot reicht von regionalem Handwerk bis hin zu exklusiven Marken und preisg\u00fcnstigen Outlets.\",\"breadcrumb\":{\"@id\":\"https:\\\/\\\/www.apartments-villach.at\\\/shoppingmoeglichkeiten-in-villach\\\/#breadcrumb\"},\"inLanguage\":\"en-GB\",\"potentialAction\":[{\"@type\":\"ReadAction\",\"target\":[\"https:\\\/\\\/www.apartments-villach.at\\\/shoppingmoeglichkeiten-in-villach\\\/\"]}]},{\"@type\":\"BreadcrumbList\",\"@id\":\"https:\\\/\\\/www.apartments-villach.at\\\/shoppingmoeglichkeiten-in-villach\\\/#breadcrumb\",\"itemListElement\":[{\"@type\":\"ListItem\",\"position\":1,\"name\":\"Startseite\",\"item\":\"https:\\\/\\\/www.apartments-villach.at\\\/en\\\/\"},{\"@type\":\"ListItem\",\"position\":2,\"name\":\"Shoppingm\u00f6glichkeiten in Villach\"}]},{\"@type\":\"WebSite\",\"@id\":\"https:\\\/\\\/www.apartments-villach.at\\\/en\\\/#website\",\"url\":\"https:\\\/\\\/www.apartments-villach.at\\\/en\\\/\",\"name\":\"Apartments Villach - Apart of me Villach\",\"description\":\"Ihre Wohlf\u00fchloase in Villach\",\"publisher\":{\"@id\":\"https:\\\/\\\/www.apartments-villach.at\\\/en\\\/#organization\"},\"potentialAction\":[{\"@type\":\"SearchAction\",\"target\":{\"@type\":\"EntryPoint\",\"urlTemplate\":\"https:\\\/\\\/www.apartments-villach.at\\\/en\\\/?s={search_term_string}\"},\"query-input\":{\"@type\":\"PropertyValueSpecification\",\"valueRequired\":true,\"valueName\":\"search_term_string\"}}],\"inLanguage\":\"en-GB\"},{\"@type\":\"Organization\",\"@id\":\"https:\\\/\\\/www.apartments-villach.at\\\/en\\\/#organization\",\"name\":\"Apartments Villach\",\"url\":\"https:\\\/\\\/www.apartments-villach.at\\\/en\\\/\",\"logo\":{\"@type\":\"ImageObject\",\"inLanguage\":\"en-GB\",\"@id\":\"https:\\\/\\\/www.apartments-villach.at\\\/en\\\/#\\\/schema\\\/logo\\\/image\\\/\",\"url\":\"\",\"contentUrl\":\"\",\"caption\":\"Apartments Villach\"},\"image\":{\"@id\":\"https:\\\/\\\/www.apartments-villach.at\\\/en\\\/#\\\/schema\\\/logo\\\/image\\\/\"}}]}<\/script>\n<!-- \/ Yoast SEO plugin. -->","yoast_head_json":{"title":"Shopping in Villach \u2013 Unsere Geheimtipps von Apart of me","description":"Shopping in Villach ist vielseitig. Das Angebot reicht von regionalem Handwerk bis hin zu exklusiven Marken und preisg\u00fcnstigen Outlets.","robots":{"index":"index","follow":"follow","max-snippet":"max-snippet:-1","max-image-preview":"max-image-preview:large","max-video-preview":"max-video-preview:-1"},"canonical":"https:\/\/www.apartments-villach.at\/en\/shoppingmoeglichkeiten-in-villach\/","og_locale":"en_GB","og_type":"article","og_title":"Shopping in Villach \u2013 Unsere Geheimtipps von Apart of me","og_description":"Shopping in Villach ist vielseitig. Das Angebot reicht von regionalem Handwerk bis hin zu exklusiven Marken und preisg\u00fcnstigen Outlets.","og_url":"https:\/\/www.apartments-villach.at\/en\/shoppingmoeglichkeiten-in-villach\/","og_site_name":"Apartments Villach - Apart of me Villach","article_modified_time":"2022-07-07T08:51:01+00:00","twitter_card":"summary_large_image","twitter_misc":{"Est. reading time":"9 minutes"},"schema":{"@context":"https:\/\/schema.org","@graph":[{"@type":"WebPage","@id":"https:\/\/www.apartments-villach.at\/shoppingmoeglichkeiten-in-villach\/","url":"https:\/\/www.apartments-villach.at\/shoppingmoeglichkeiten-in-villach\/","name":"Shopping in Villach \u2013 Unsere Geheimtipps von Apart of me","isPartOf":{"@id":"https:\/\/www.apartments-villach.at\/en\/#website"},"datePublished":"2022-07-06T07:08:00+00:00","dateModified":"2022-07-07T08:51:01+00:00","description":"Shopping in Villach ist vielseitig. Das Angebot reicht von regionalem Handwerk bis hin zu exklusiven Marken und preisg\u00fcnstigen Outlets.","breadcrumb":{"@id":"https:\/\/www.apartments-villach.at\/shoppingmoeglichkeiten-in-villach\/#breadcrumb"},"inLanguage":"en-GB","potentialAction":[{"@type":"ReadAction","target":["https:\/\/www.apartments-villach.at\/shoppingmoeglichkeiten-in-villach\/"]}]},{"@type":"BreadcrumbList","@id":"https:\/\/www.apartments-villach.at\/shoppingmoeglichkeiten-in-villach\/#breadcrumb","itemListElement":[{"@type":"ListItem","position":1,"name":"Startseite","item":"https:\/\/www.apartments-villach.at\/en\/"},{"@type":"ListItem","position":2,"name":"Shoppingm\u00f6glichkeiten in Villach"}]},{"@type":"WebSite","@id":"https:\/\/www.apartments-villach.at\/en\/#website","url":"https:\/\/www.apartments-villach.at\/en\/","name":"Flats Villach - Apart of me Villach","description":"Your oasis of well-being in Villach","publisher":{"@id":"https:\/\/www.apartments-villach.at\/en\/#organization"},"potentialAction":[{"@type":"SearchAction","target":{"@type":"EntryPoint","urlTemplate":"https:\/\/www.apartments-villach.at\/en\/?s={search_term_string}"},"query-input":{"@type":"PropertyValueSpecification","valueRequired":true,"valueName":"search_term_string"}}],"inLanguage":"en-GB"},{"@type":"Organization","@id":"https:\/\/www.apartments-villach.at\/en\/#organization","name":"Flats Villach","url":"https:\/\/www.apartments-villach.at\/en\/","logo":{"@type":"ImageObject","inLanguage":"en-GB","@id":"https:\/\/www.apartments-villach.at\/en\/#\/schema\/logo\/image\/","url":"","contentUrl":"","caption":"Apartments Villach"},"image":{"@id":"https:\/\/www.apartments-villach.at\/en\/#\/schema\/logo\/image\/"}}]}},"_links":{"self":[{"href":"https:\/\/www.apartments-villach.at\/en\/wp-json\/wp\/v2\/pages\/5203","targetHints":{"allow":["GET"]}}],"collection":[{"href":"https:\/\/www.apartments-villach.at\/en\/wp-json\/wp\/v2\/pages"}],"about":[{"href":"https:\/\/www.apartments-villach.at\/en\/wp-json\/wp\/v2\/types\/page"}],"author":[{"embeddable":true,"href":"https:\/\/www.apartments-villach.at\/en\/wp-json\/wp\/v2\/users\/1"}],"replies":[{"embeddable":true,"href":"https:\/\/www.apartments-villach.at\/en\/wp-json\/wp\/v2\/comments?post=5203"}],"version-history":[{"count":13,"href":"https:\/\/www.apartments-villach.at\/en\/wp-json\/wp\/v2\/pages\/5203\/revisions"}],"predecessor-version":[{"id":5244,"href":"https:\/\/www.apartments-villach.at\/en\/wp-json\/wp\/v2\/pages\/5203\/revisions\/5244"}],"wp:attachment":[{"href":"https:\/\/www.apartments-villach.at\/en\/wp-json\/wp\/v2\/media?parent=5203"}],"curies":[{"name":"wp","href":"https:\/\/api.w.org\/{rel}","templated":true}]}}