{"id":5179,"date":"2022-06-27T10:05:32","date_gmt":"2022-06-27T08:05:32","guid":{"rendered":"https:\/\/www.apartments-villach.at\/?page_id=5179"},"modified":"2022-07-07T14:30:32","modified_gmt":"2022-07-07T12:30:32","slug":"sport","status":"publish","type":"page","link":"https:\/\/www.apartments-villach.at\/en\/sport\/","title":{"rendered":"Sport"},"content":{"rendered":"<p>[et_pb_section fb_built=&#8220;1&#8243; _builder_version=&#8220;4.4.3&#8243; max_width=&#8220;1440px&#8220; module_alignment=&#8220;center&#8220; custom_margin=&#8220;0px||||false|false&#8220; custom_padding=&#8220;0px||||false|false&#8220; locked=&#8220;off&#8220;][et_pb_row column_structure=&#8220;1_2,1_2&#8243; make_equal=&#8220;on&#8220; custom_padding_last_edited=&#8220;on|tablet&#8220; module_class=&#8220; wa-vertical-center-section wa-subpages-hero-section&#8220; _builder_version=&#8220;4.4.3&#8243; width=&#8220;100%&#8220; width_tablet=&#8220;100%&#8220; width_phone=&#8220;&#8220; width_last_edited=&#8220;on|phone&#8220; custom_padding=&#8220;7px||||false|false&#8220; custom_padding_tablet=&#8220;||0px||false|false&#8220; custom_padding_phone=&#8220;&#8220; custom_css_before_last_edited=&#8220;on|desktop&#8220;][et_pb_column type=&#8220;1_2&#8243; _builder_version=&#8220;4.4.3&#8243; animation_style=&#8220;slide&#8220; animation_direction=&#8220;left&#8220; animation_duration=&#8220;1500ms&#8220;][et_pb_image src=&#8220;https:\/\/www.apartments-villach.at\/wp-content\/uploads\/2022\/06\/villach-1.jpg&#8220; alt=&#8220;Ein Mensch tippt am Handy etwas ein.&#8220; title_text=&#8220;villach-1&#8243; align=&#8220;center&#8220; align_tablet=&#8220;&#8220; align_phone=&#8220;&#8220; align_last_edited=&#8220;on|tablet&#8220; _builder_version=&#8220;4.5.1&#8243;][\/et_pb_image][\/et_pb_column][et_pb_column type=&#8220;1_2&#8243; _builder_version=&#8220;4.4.3&#8243; custom_padding=&#8220;||||false|false&#8220; custom_padding_tablet=&#8220;|||0px|false|false&#8220; custom_padding_phone=&#8220;&#8220; custom_padding_last_edited=&#8220;on|tablet&#8220; animation_style=&#8220;slide&#8220; animation_direction=&#8220;right&#8220; animation_duration=&#8220;1500ms&#8220;][et_pb_text module_class=&#8220;wa-simplonMono&#8220; _builder_version=&#8220;4.5.1&#8243; text_font=&#8220;|700||on|||||&#8220; text_font_size=&#8220;13px&#8220; text_letter_spacing=&#8220;3.6px&#8220; text_line_height=&#8220;25px&#8220; text_orientation=&#8220;center&#8220; custom_margin=&#8220;||7px|||&#8220; text_orientation_tablet=&#8220;center&#8220; text_orientation_phone=&#8220;&#8220; text_orientation_last_edited=&#8220;on|tablet&#8220; locked=&#8220;off&#8220;]<\/p>\n<p>Sport<\/p>\n<p>[\/et_pb_text][et_pb_text module_class=&#8220;wa-simplonMono&#8220; _builder_version=&#8220;4.5.1&#8243; text_font=&#8220;|700||on|||||&#8220; text_font_size=&#8220;18px&#8220; text_line_height=&#8220;25px&#8220; header_font=&#8220;|700|||||||&#8220; header_text_align=&#8220;center&#8220; header_font_size=&#8220;50px&#8220; header_line_height=&#8220;65px&#8220; header_3_font=&#8220;|700|||||||&#8220; header_3_text_align=&#8220;left&#8220; header_3_font_size=&#8220;50px&#8220; header_3_line_height=&#8220;65px&#8220; width=&#8220;100%&#8220; width_tablet=&#8220;100%&#8220; width_phone=&#8220;&#8220; width_last_edited=&#8220;on|tablet&#8220; custom_margin=&#8220;||1px|||&#8220; header_text_align_tablet=&#8220;center&#8220; header_text_align_phone=&#8220;&#8220; header_text_align_last_edited=&#8220;on|tablet&#8220; header_font_size_tablet=&#8220;40px&#8220; header_font_size_phone=&#8220;40px&#8220; header_font_size_last_edited=&#8220;on|phone&#8220; header_3_text_align_tablet=&#8220;center&#8220; header_3_text_align_phone=&#8220;&#8220; header_3_text_align_last_edited=&#8220;on|tablet&#8220; header_3_font_size_tablet=&#8220;40px&#8220; header_3_font_size_phone=&#8220;40px&#8220; header_3_font_size_last_edited=&#8220;on|phone&#8220; text_orientation_tablet=&#8220;&#8220; text_orientation_phone=&#8220;&#8220; text_orientation_last_edited=&#8220;on|desktop&#8220; locked=&#8220;off&#8220;]<\/p>\n<h1>Die besten sportlichen Aktivit\u00e4ten in Villach<\/h1>\n<p>[\/et_pb_text][\/et_pb_column][\/et_pb_row][\/et_pb_section][et_pb_section fb_built=&#8220;1&#8243; _builder_version=&#8220;4.4.3&#8243; custom_padding=&#8220;0px||4px|||&#8220;][et_pb_row custom_padding_last_edited=&#8220;on|phone&#8220; _builder_version=&#8220;4.7.7&#8243; background_color=&#8220;#d5d7d4&#8243; width=&#8220;100%&#8220; width_tablet=&#8220;95%&#8220; width_phone=&#8220;&#8220; width_last_edited=&#8220;on|tablet&#8220; max_width=&#8220;1250px&#8220; custom_padding=&#8220;100px|140px|100px|140px|true|true&#8220; custom_padding_tablet=&#8220;80px|35px|80px|35px|true|true&#8220; custom_padding_phone=&#8220;|10px||10px|true|true&#8220; width__hover_enabled=&#8220;off|hover&#8220;][et_pb_column type=&#8220;4_4&#8243; _builder_version=&#8220;4.4.3&#8243;][et_pb_text _builder_version=&#8220;4.5.1&#8243; text_line_height=&#8220;28px&#8220; width_tablet=&#8220;87%&#8220; width_phone=&#8220;83%&#8220; width_last_edited=&#8220;on|tablet&#8220; module_alignment=&#8220;left&#8220; custom_margin=&#8220;0px||55px||false|false&#8220; hover_enabled=&#8220;0&#8243; text_font_size_tablet=&#8220;17px&#8220; text_font_size_phone=&#8220;17px&#8220; text_font_size_last_edited=&#8220;on|tablet&#8220; text_orientation_tablet=&#8220;center&#8220; text_orientation_phone=&#8220;&#8220; text_orientation_last_edited=&#8220;on|tablet&#8220; module_alignment_tablet=&#8220;center&#8220; module_alignment_phone=&#8220;&#8220; module_alignment_last_edited=&#8220;on|tablet&#8220; locked=&#8220;off&#8220;]<\/p>\n<p>Villach ist ein Paradies f\u00fcr Sportbegeisterte und trumpft mit etlichen M\u00f6glichkeiten an Aktivit\u00e4ten auf. Die Region verf\u00fcgt dabei \u00fcber alles, was man f\u00fcr gelungene Sporterlebnisse ben\u00f6tigt: kristallklare Seen, weitl\u00e4ufige W\u00e4lder, hohe Berge, frische Luft, hervorragendes Wetter und eine gute Infrastruktur.<\/p>\n<p>Egal f\u00fcr welche Sportart Ihr Herz schl\u00e4gt, die<a href=\"https:\/\/www.apartments-villach.at\/apartments-villach\/\" target=\"_blank\" rel=\"noopener noreferrer\"> Apartments in Villach<\/a> sind aufgrund ihrer vorteilhaften Lage der perfekte Ausgangspunkt f\u00fcr all Ihre Unternehmungen. Jedes Apartment verf\u00fcgt zudem \u00fcber gen\u00fcgend Stauraum, um Ihr gesamtes Equipment unterzubringen.<\/p>\n<p>[\/et_pb_text][\/et_pb_column][\/et_pb_row][\/et_pb_section][et_pb_section fb_built=&#8220;1&#8243; _builder_version=&#8220;4.7.7&#8243; _module_preset=&#8220;default&#8220;][et_pb_row _builder_version=&#8220;4.7.7&#8243; _module_preset=&#8220;default&#8220;][et_pb_column type=&#8220;4_4&#8243; _builder_version=&#8220;4.7.7&#8243; _module_preset=&#8220;default&#8220;][et_pb_text _builder_version=&#8220;4.5.1&#8243; _module_preset=&#8220;default&#8220;]<\/p>\n<h2>Seenswert sind die unz\u00e4hligen Badem\u00f6glichkeiten<\/h2>\n<p>[\/et_pb_text][et_pb_text _builder_version=&#8220;4.5.1&#8243; _module_preset=&#8220;default&#8220;]<\/p>\n<p>Wer den Sprung ins kalte Nass liebt, der wird von Villach begeistert sein. Denn in der Region gibt es viele glasklare und saubere Badeseen, die im Sommer f\u00fcr Abk\u00fchlung sorgen und von den Apartments aus gut erreichbar sind. Zu den beliebtesten z\u00e4hlen unter anderem der Faaker See, der Ossiacher See, der Afritzer See und der Silbersee.<\/p>\n<p>Wem Schwimmen allein zu langweilig ist, der kann auch eine der angebotenen Wassersportarten ausprobieren. Die Auswahl reicht dabei von Wasserski und Wakeboarden \u00fcber Tauchen bis hin zu Segeln und Surfen. Wer es lieber ruhiger mag, hat die M\u00f6glichkeit, die Angel auszuwerfen und sein Abendessen selbst zu fangen.<\/p>\n<p>[\/et_pb_text][\/et_pb_column][\/et_pb_row][et_pb_row column_structure=&#8220;1_2,1_2&#8243; _builder_version=&#8220;4.7.7&#8243; _module_preset=&#8220;default&#8220;][et_pb_column type=&#8220;1_2&#8243; _builder_version=&#8220;4.7.7&#8243; _module_preset=&#8220;default&#8220;][et_pb_text _builder_version=&#8220;4.5.1&#8243; _module_preset=&#8220;default&#8220;]<\/p>\n<h3>Sportveranstaltungen in Villach<\/h3>\n<p>[\/et_pb_text][et_pb_text _builder_version=&#8220;4.5.1&#8243; _module_preset=&#8220;default&#8220; hover_enabled=&#8220;0&#8243;]<\/p>\n<p>Im Fr\u00fchling k\u00f6nnen Bewegungsfreudige bei der Veranstaltung <a href=\"http:\/\/www.ossiachersee-autofrei.at\/\" target=\"_blank\" rel=\"noopener noreferrer\">\u201eOssiacher See autofrei\u201c<\/a> einen ganzen Tag lang den See zu Fu\u00df, mit dem Rad, Skateboard oder den Rollschuhen entdecken. Die gesamte rund 27 km lange Strecke ist in dieser Zeit f\u00fcr den motorisierten Verkehr gesperrt.<\/p>\n<p>Wer hoch hinaus m\u00f6chte, ist bei dem im Herbst stattfindenden Kletterfestival <a href=\"http:\/\/kingofkanzi.at\/\" target=\"_blank\" rel=\"noopener noreferrer\">\u201eKing of Kanzi\u201c<\/a> genau richtig. Hier k\u00f6nnen Besucher an den Slacklines \u00fcben, sich beim Klettermarathon selbst profilieren oder es sich im Kletterdorf gut gehen lassen.<\/p>\n<p>Besonders beliebt ist die <a href=\"https:\/\/www.sup-alps-trophy21.com\/\" target=\"_blank\" rel=\"noopener noreferrer\">\u201eSUP Alps Trophy\u201c<\/a> am Faaker See. Dabei liefern sich Wettkampfbegeisterte spannende K\u00e4mpfe am Stand-up-Paddle-Board. F\u00fcr ein umfassendes Rahmenprogramm sowie Live-Musik ist gesorgt. Genie\u00dfen Sie die ausgelassene Stimmung am Faaker See und tauchen Sie ein in das t\u00fcrkisblaue Wasser.<\/p>\n<p>[\/et_pb_text][\/et_pb_column][et_pb_column type=&#8220;1_2&#8243; _builder_version=&#8220;4.7.7&#8243; _module_preset=&#8220;default&#8220;][et_pb_image src=&#8220;https:\/\/www.apartments-villach.at\/wp-content\/uploads\/2022\/06\/villach-2.jpg&#8220; alt=&#8220;Ein Koffer liegt auf der Bank im Business Apartment&#8220; title_text=&#8220;villach-2&#8243; _builder_version=&#8220;4.5.1&#8243; _module_preset=&#8220;default&#8220;][\/et_pb_image][\/et_pb_column][\/et_pb_row][et_pb_row _builder_version=&#8220;4.7.7&#8243; _module_preset=&#8220;default&#8220;][et_pb_column type=&#8220;4_4&#8243; _builder_version=&#8220;4.7.7&#8243; _module_preset=&#8220;default&#8220;][et_pb_text _builder_version=&#8220;4.5.1&#8243; _module_preset=&#8220;default&#8220;]<\/p>\n<h3>Radfahren und Radtouren rund um Villach<\/h3>\n<p>[\/et_pb_text][et_pb_text _builder_version=&#8220;4.5.1&#8243; _module_preset=&#8220;default&#8220; hover_enabled=&#8220;0&#8243;]<\/p>\n<p>Sie lieben es, wenn der Wind Ihnen um die Ohren weht und Sie mit jedem Tritt in die Pedale ein St\u00fcckchen neue Landschaft erkunden? Dann sind Sie in Villach goldrichtig. Die Umgebung ist ein wahres Eldorado f\u00fcr Rennradfahrer, Mountainbiker und Genussradler. Strecken zum Erkunden gibt es viele. Sie k\u00f6nnen an den wundersch\u00f6nen See- und Flussufern entlangradeln, beeindruckende Berggipfel mit dem Mountainbike erklimmen, einen Downhill-Trail hinunterrasen oder ganz gem\u00fctlich die umliegenden St\u00e4dte und D\u00f6rfer erkunden. Es liegt ganz bei Ihnen. Familien profitieren zudem von den gut ausgebauten Familienradwegen.<\/p>\n<p>Spektakul\u00e4r ist der neue <a href=\"https:\/\/www.lake.bike\/de\/mobiler-pumptrack-drobollach.html\" target=\"_blank\" rel=\"noopener noreferrer\">modulare Pumptrack in Drobollach<\/a>. Dieser ist in einer Endlosschleife angelegt. Mit schwungvollen Auf- und Abw\u00e4rtsbewegungen gilt es diesen aktiv zu befahren und so Geschwindigkeit zu generieren, ohne dabei in die Pedale zu treten. Der Pumptrack ist \u00fcberdacht und auch f\u00fcr Kinder geeignet.<\/p>\n<p>[\/et_pb_text][\/et_pb_column][\/et_pb_row][et_pb_row _builder_version=&#8220;4.7.7&#8243; _module_preset=&#8220;default&#8220;][et_pb_column type=&#8220;4_4&#8243; _builder_version=&#8220;4.7.7&#8243; _module_preset=&#8220;default&#8220;][et_pb_text _builder_version=&#8220;4.5.1&#8243; _module_preset=&#8220;default&#8220;]<\/p>\n<h3>Wanderwege zum Entschleunigen\u00a0<\/h3>\n<p>[\/et_pb_text][et_pb_text _builder_version=&#8220;4.5.1&#8243; _module_preset=&#8220;default&#8220; hover_enabled=&#8220;0&#8243;]<\/p>\n<p>Gipfelst\u00fcrmer aufgepasst! Von unseren Apartments aus haben Sie die Qual der Wahl, welche Berge Sie zuerst erklimmen m\u00f6chten. Die Auswahl ist schier grenzenlos. Entscheiden k\u00f6nnen Sie sich etwa zwischen der Gerlitzen Alpe, dem Dobratsch, dem Dreil\u00e4ndereck, dem Mittagskogel, den Nockbergen oder dem Verditz. Sie werden auf alle F\u00e4lle mit einem unvergesslichen Panorama und wunderbaren Naturimpressionen belohnt.<\/p>\n<p>Eine Wanderung kann ganz sch\u00f6n hungrig machen. F\u00fcr Speis und Trank sorgen die urigen Almh\u00fctten. Dort k\u00f6nnen Sie Ihre Batterien aufladen, die F\u00fc\u00dfe hochlagern und die farbenpr\u00e4chtige Naturkulisse bestaunen. Im Anschluss kann die Erkundungstour gest\u00e4rkt fortgesetzt werden.<\/p>\n<p>[\/et_pb_text][\/et_pb_column][\/et_pb_row][\/et_pb_section][et_pb_section fb_built=&#8220;1&#8243; _builder_version=&#8220;4.4.3&#8243; custom_padding=&#8220;0px||4px|||&#8220;][et_pb_row custom_padding_last_edited=&#8220;on|phone&#8220; _builder_version=&#8220;4.4.3&#8243; background_color=&#8220;#d5d7d4&#8243; width=&#8220;100%&#8220; width_tablet=&#8220;95%&#8220; width_phone=&#8220;&#8220; width_last_edited=&#8220;on|tablet&#8220; max_width=&#8220;1250px&#8220; custom_padding=&#8220;100px|140px|100px|140px|true|true&#8220; custom_padding_tablet=&#8220;80px|35px|80px|35px|true|true&#8220; custom_padding_phone=&#8220;|10px||10px|true|true&#8220; width__hover_enabled=&#8220;off|hover&#8220;][et_pb_column type=&#8220;4_4&#8243; _builder_version=&#8220;4.4.3&#8243;][et_pb_text _builder_version=&#8220;4.5.1&#8243; text_line_height=&#8220;28px&#8220; width_tablet=&#8220;87%&#8220; width_phone=&#8220;83%&#8220; width_last_edited=&#8220;on|tablet&#8220; module_alignment=&#8220;left&#8220; custom_margin=&#8220;0px||55px||false|false&#8220; hover_enabled=&#8220;0&#8243; text_font_size_tablet=&#8220;17px&#8220; text_font_size_phone=&#8220;17px&#8220; text_font_size_last_edited=&#8220;on|tablet&#8220; text_orientation_tablet=&#8220;center&#8220; text_orientation_phone=&#8220;&#8220; text_orientation_last_edited=&#8220;on|tablet&#8220; module_alignment_tablet=&#8220;center&#8220; module_alignment_phone=&#8220;&#8220; module_alignment_last_edited=&#8220;on|tablet&#8220; locked=&#8220;off&#8220;]<\/p>\n<p><a href=\"https:\/\/www.apartments-villach.at\/buchen\/\" target=\"_blank\" rel=\"noopener noreferrer\">Lust auf Aktivit\u00e4ten und Sport in Villach? Buchen Sie noch heute Ihre Unterkunft und erleben Sie den perfekten Aktivurlaub!<\/a><\/p>\n<p>[\/et_pb_text][\/et_pb_column][\/et_pb_row][\/et_pb_section][et_pb_section fb_built=&#8220;1&#8243; _builder_version=&#8220;4.4.3&#8243; background_color=&#8220;#d5d7d4&#8243; custom_margin=&#8220;100px|||||&#8220; custom_padding=&#8220;||||false|false&#8220; border_width_top=&#8220;1px&#8220; global_module=&#8220;1486&#8243; collapsed=&#8220;on&#8220;][et_pb_row module_class=&#8220;wa-footer-newsletter-section&#8220; _builder_version=&#8220;4.5.1&#8243; background_size=&#8220;initial&#8220; background_position=&#8220;top_left&#8220; background_repeat=&#8220;repeat&#8220; module_alignment=&#8220;center&#8220;][et_pb_column type=&#8220;4_4&#8243; _builder_version=&#8220;4.4.3&#8243;][et_pb_text _builder_version=&#8220;4.4.3&#8243; text_font=&#8220;|||on|||||&#8220; text_text_color=&#8220;#000000&#8243; text_font_size=&#8220;13px&#8220; text_letter_spacing=&#8220;1.86px&#8220; text_line_height=&#8220;19px&#8220; header_text_color=&#8220;#000000&#8243; header_font_size=&#8220;50px&#8220; header_2_font=&#8220;|700|||||||&#8220; header_2_text_color=&#8220;#000000&#8243; header_2_font_size=&#8220;50px&#8220;]<\/p>\n<h2>Newsletter<\/h2>\n<p>MELDE DICH BEI UNSEREM NEWSLETTER AN UM IMMER \u00dcBER AKTUELLE NEWS UND ANGEBOTE INFORMIERT ZU BLEIBEN<\/p>\n<p>[\/et_pb_text][et_pb_code _builder_version=&#8220;4.4.3&#8243;]<script id=\"n2g_script\">!function(e,t,n,c,r,a,i){e.Newsletter2GoTrackingObject=r,e[r]=e[r]||function(){(e[r].q=e[r].q||[]).push(arguments)},e[r].l=1*new Date,a=t.createElement(n),i=t.getElementsByTagName(n)[0],a.async=1,a.src=c,i.parentNode.insertBefore(a,i)}(window,document,\"script\",\"https:\/\/static.newsletter2go.com\/utils.js\",\"n2g\");var config = {\"container\": {\"type\": \"div\",\"class\": \"\",\"style\": \"\"},\"row\": {\"type\": \"div\",\"class\": \"\",\"style\": \"margin-top: 15px;\"},\"columnLeft\": {\"type\": \"div\",\"class\": \"\",\"style\": \"\"},\"columnRight\": {\"type\": \"div\",\"class\": \"\",\"style\": \"\"},\"label\": {\"type\": \"label\",\"class\": \"\",\"style\": \"\"}};n2g('create', 'ut1m3fer-k96mt4nb-igs');n2g('subscribe:createForm', config);<\/script>[\/et_pb_code][\/et_pb_column][\/et_pb_row][\/et_pb_section]<\/p>\n","protected":false},"excerpt":{"rendered":"<p>SportDie besten sportlichen Aktivit\u00e4ten in VillachVillach ist ein Paradies f\u00fcr Sportbegeisterte und trumpft mit etlichen M\u00f6glichkeiten an Aktivit\u00e4ten auf. Die Region verf\u00fcgt dabei \u00fcber alles, was man f\u00fcr gelungene Sporterlebnisse ben\u00f6tigt: kristallklare Seen, weitl\u00e4ufige W\u00e4lder, hohe Berge, frische Luft, hervorragendes Wetter und eine gute Infrastruktur. Egal f\u00fcr welche Sportart Ihr Herz schl\u00e4gt, die Apartments in [&hellip;]<\/p>\n","protected":false},"author":1,"featured_media":0,"parent":0,"menu_order":0,"comment_status":"closed","ping_status":"closed","template":"","meta":{"_et_pb_use_builder":"on","_et_pb_old_content":"","_et_gb_content_width":"","footnotes":""},"class_list":["post-5179","page","type-page","status-publish","hentry"],"yoast_head":"<!-- This site is optimized with the Yoast SEO plugin v27.3 - https:\/\/yoast.com\/product\/yoast-seo-wordpress\/ -->\n<title>Aktivit\u00e4ten in Villach: Sport-Angebote in der Umgebung<\/title>\n<meta name=\"description\" content=\"Wer Sport liebt, ist in Villach genau richtig. Hier gibt es zahlreiche Aktivit\u00e4ten in der freien Natur \u2013 von Wandern bis hin zu Radfahren.\" \/>\n<meta name=\"robots\" content=\"index, follow, max-snippet:-1, max-image-preview:large, max-video-preview:-1\" \/>\n<link rel=\"canonical\" href=\"https:\/\/www.apartments-villach.at\/en\/sport\/\" \/>\n<meta property=\"og:locale\" content=\"en_GB\" \/>\n<meta property=\"og:type\" content=\"article\" \/>\n<meta property=\"og:title\" content=\"Aktivit\u00e4ten in Villach: Sport-Angebote in der Umgebung\" \/>\n<meta property=\"og:description\" content=\"Wer Sport liebt, ist in Villach genau richtig. Hier gibt es zahlreiche Aktivit\u00e4ten in der freien Natur \u2013 von Wandern bis hin zu Radfahren.\" \/>\n<meta property=\"og:url\" content=\"https:\/\/www.apartments-villach.at\/en\/sport\/\" \/>\n<meta property=\"og:site_name\" content=\"Apartments Villach - Apart of me Villach\" \/>\n<meta property=\"article:modified_time\" content=\"2022-07-07T12:30:32+00:00\" \/>\n<meta name=\"twitter:card\" content=\"summary_large_image\" \/>\n<meta name=\"twitter:label1\" content=\"Est. reading time\" \/>\n\t<meta name=\"twitter:data1\" content=\"8 minutes\" \/>\n<script type=\"application\/ld+json\" class=\"yoast-schema-graph\">{\"@context\":\"https:\\\/\\\/schema.org\",\"@graph\":[{\"@type\":\"WebPage\",\"@id\":\"https:\\\/\\\/www.apartments-villach.at\\\/it\\\/sport\\\/\",\"url\":\"https:\\\/\\\/www.apartments-villach.at\\\/it\\\/sport\\\/\",\"name\":\"Aktivit\u00e4ten in Villach: Sport-Angebote in der Umgebung\",\"isPartOf\":{\"@id\":\"https:\\\/\\\/www.apartments-villach.at\\\/en\\\/#website\"},\"datePublished\":\"2022-06-27T08:05:32+00:00\",\"dateModified\":\"2022-07-07T12:30:32+00:00\",\"description\":\"Wer Sport liebt, ist in Villach genau richtig. Hier gibt es zahlreiche Aktivit\u00e4ten in der freien Natur \u2013 von Wandern bis hin zu Radfahren.\",\"breadcrumb\":{\"@id\":\"https:\\\/\\\/www.apartments-villach.at\\\/it\\\/sport\\\/#breadcrumb\"},\"inLanguage\":\"en-GB\",\"potentialAction\":[{\"@type\":\"ReadAction\",\"target\":[\"https:\\\/\\\/www.apartments-villach.at\\\/it\\\/sport\\\/\"]}]},{\"@type\":\"BreadcrumbList\",\"@id\":\"https:\\\/\\\/www.apartments-villach.at\\\/it\\\/sport\\\/#breadcrumb\",\"itemListElement\":[{\"@type\":\"ListItem\",\"position\":1,\"name\":\"Startseite\",\"item\":\"https:\\\/\\\/www.apartments-villach.at\\\/en\\\/\"},{\"@type\":\"ListItem\",\"position\":2,\"name\":\"Sport\"}]},{\"@type\":\"WebSite\",\"@id\":\"https:\\\/\\\/www.apartments-villach.at\\\/en\\\/#website\",\"url\":\"https:\\\/\\\/www.apartments-villach.at\\\/en\\\/\",\"name\":\"Apartments Villach - Apart of me Villach\",\"description\":\"Ihre Wohlf\u00fchloase in Villach\",\"publisher\":{\"@id\":\"https:\\\/\\\/www.apartments-villach.at\\\/en\\\/#organization\"},\"potentialAction\":[{\"@type\":\"SearchAction\",\"target\":{\"@type\":\"EntryPoint\",\"urlTemplate\":\"https:\\\/\\\/www.apartments-villach.at\\\/en\\\/?s={search_term_string}\"},\"query-input\":{\"@type\":\"PropertyValueSpecification\",\"valueRequired\":true,\"valueName\":\"search_term_string\"}}],\"inLanguage\":\"en-GB\"},{\"@type\":\"Organization\",\"@id\":\"https:\\\/\\\/www.apartments-villach.at\\\/en\\\/#organization\",\"name\":\"Apartments Villach\",\"url\":\"https:\\\/\\\/www.apartments-villach.at\\\/en\\\/\",\"logo\":{\"@type\":\"ImageObject\",\"inLanguage\":\"en-GB\",\"@id\":\"https:\\\/\\\/www.apartments-villach.at\\\/en\\\/#\\\/schema\\\/logo\\\/image\\\/\",\"url\":\"\",\"contentUrl\":\"\",\"caption\":\"Apartments Villach\"},\"image\":{\"@id\":\"https:\\\/\\\/www.apartments-villach.at\\\/en\\\/#\\\/schema\\\/logo\\\/image\\\/\"}}]}<\/script>\n<!-- \/ Yoast SEO plugin. -->","yoast_head_json":{"title":"Activities in Villach: sporting activities in the surrounding area","description":"If you love sport, Villach is the place for you. There are numerous outdoor activities on offer here - from hiking to cycling.","robots":{"index":"index","follow":"follow","max-snippet":"max-snippet:-1","max-image-preview":"max-image-preview:large","max-video-preview":"max-video-preview:-1"},"canonical":"https:\/\/www.apartments-villach.at\/en\/sport\/","og_locale":"en_GB","og_type":"article","og_title":"Aktivit\u00e4ten in Villach: Sport-Angebote in der Umgebung","og_description":"Wer Sport liebt, ist in Villach genau richtig. Hier gibt es zahlreiche Aktivit\u00e4ten in der freien Natur \u2013 von Wandern bis hin zu Radfahren.","og_url":"https:\/\/www.apartments-villach.at\/en\/sport\/","og_site_name":"Apartments Villach - Apart of me Villach","article_modified_time":"2022-07-07T12:30:32+00:00","twitter_card":"summary_large_image","twitter_misc":{"Est. reading time":"8 minutes"},"schema":{"@context":"https:\/\/schema.org","@graph":[{"@type":"WebPage","@id":"https:\/\/www.apartments-villach.at\/it\/sport\/","url":"https:\/\/www.apartments-villach.at\/it\/sport\/","name":"Activities in Villach: sporting activities in the surrounding area","isPartOf":{"@id":"https:\/\/www.apartments-villach.at\/en\/#website"},"datePublished":"2022-06-27T08:05:32+00:00","dateModified":"2022-07-07T12:30:32+00:00","description":"If you love sport, Villach is the place for you. There are numerous outdoor activities on offer here - from hiking to cycling.","breadcrumb":{"@id":"https:\/\/www.apartments-villach.at\/it\/sport\/#breadcrumb"},"inLanguage":"en-GB","potentialAction":[{"@type":"ReadAction","target":["https:\/\/www.apartments-villach.at\/it\/sport\/"]}]},{"@type":"BreadcrumbList","@id":"https:\/\/www.apartments-villach.at\/it\/sport\/#breadcrumb","itemListElement":[{"@type":"ListItem","position":1,"name":"Startseite","item":"https:\/\/www.apartments-villach.at\/en\/"},{"@type":"ListItem","position":2,"name":"Sport"}]},{"@type":"WebSite","@id":"https:\/\/www.apartments-villach.at\/en\/#website","url":"https:\/\/www.apartments-villach.at\/en\/","name":"Flats Villach - Apart of me Villach","description":"Your oasis of well-being in Villach","publisher":{"@id":"https:\/\/www.apartments-villach.at\/en\/#organization"},"potentialAction":[{"@type":"SearchAction","target":{"@type":"EntryPoint","urlTemplate":"https:\/\/www.apartments-villach.at\/en\/?s={search_term_string}"},"query-input":{"@type":"PropertyValueSpecification","valueRequired":true,"valueName":"search_term_string"}}],"inLanguage":"en-GB"},{"@type":"Organization","@id":"https:\/\/www.apartments-villach.at\/en\/#organization","name":"Flats Villach","url":"https:\/\/www.apartments-villach.at\/en\/","logo":{"@type":"ImageObject","inLanguage":"en-GB","@id":"https:\/\/www.apartments-villach.at\/en\/#\/schema\/logo\/image\/","url":"","contentUrl":"","caption":"Apartments Villach"},"image":{"@id":"https:\/\/www.apartments-villach.at\/en\/#\/schema\/logo\/image\/"}}]}},"_links":{"self":[{"href":"https:\/\/www.apartments-villach.at\/en\/wp-json\/wp\/v2\/pages\/5179","targetHints":{"allow":["GET"]}}],"collection":[{"href":"https:\/\/www.apartments-villach.at\/en\/wp-json\/wp\/v2\/pages"}],"about":[{"href":"https:\/\/www.apartments-villach.at\/en\/wp-json\/wp\/v2\/types\/page"}],"author":[{"embeddable":true,"href":"https:\/\/www.apartments-villach.at\/en\/wp-json\/wp\/v2\/users\/1"}],"replies":[{"embeddable":true,"href":"https:\/\/www.apartments-villach.at\/en\/wp-json\/wp\/v2\/comments?post=5179"}],"version-history":[{"count":14,"href":"https:\/\/www.apartments-villach.at\/en\/wp-json\/wp\/v2\/pages\/5179\/revisions"}],"predecessor-version":[{"id":5260,"href":"https:\/\/www.apartments-villach.at\/en\/wp-json\/wp\/v2\/pages\/5179\/revisions\/5260"}],"wp:attachment":[{"href":"https:\/\/www.apartments-villach.at\/en\/wp-json\/wp\/v2\/media?parent=5179"}],"curies":[{"name":"wp","href":"https:\/\/api.w.org\/{rel}","templated":true}]}}