{"id":5035,"date":"2022-05-31T15:37:49","date_gmt":"2022-05-31T13:37:49","guid":{"rendered":"https:\/\/www.apartments-villach.at\/?page_id=5035"},"modified":"2022-07-07T11:24:20","modified_gmt":"2022-07-07T09:24:20","slug":"krankenhaus","status":"publish","type":"page","link":"https:\/\/www.apartments-villach.at\/en\/krankenhaus\/","title":{"rendered":"Hospital"},"content":{"rendered":"<p>[et_pb_section fb_built=&#8220;1&#8243; _builder_version=&#8220;4.4.3&#8243; max_width=&#8220;1440px&#8220; module_alignment=&#8220;center&#8220; custom_margin=&#8220;0px||||false|false&#8220; custom_padding=&#8220;0px||||false|false&#8220; locked=&#8220;off&#8220;][et_pb_row column_structure=&#8220;1_2,1_2&#8243; make_equal=&#8220;on&#8220; custom_padding_last_edited=&#8220;on|tablet&#8220; module_class=&#8220; wa-vertical-center-section wa-subpages-hero-section&#8220; _builder_version=&#8220;4.4.3&#8243; width=&#8220;100%&#8220; width_tablet=&#8220;100%&#8220; width_phone=&#8220;&#8220; width_last_edited=&#8220;on|phone&#8220; custom_padding=&#8220;80px||||false|false&#8220; custom_padding_tablet=&#8220;||0px||false|false&#8220; custom_padding_phone=&#8220;&#8220; custom_css_before_last_edited=&#8220;on|desktop&#8220;][et_pb_column type=&#8220;1_2&#8243; _builder_version=&#8220;4.4.3&#8243; animation_style=&#8220;slide&#8220; animation_direction=&#8220;left&#8220; animation_duration=&#8220;1500ms&#8220;][et_pb_image src=&#8220;https:\/\/www.apartments-villach.at\/wp-content\/uploads\/2020\/04\/Image_1.jpg&#8220; alt=&#8220;Ein Mensch tippt am Handy etwas ein.&#8220; title_text=&#8220;Image_1&#8243; align=&#8220;center&#8220; align_tablet=&#8220;&#8220; align_phone=&#8220;&#8220; align_last_edited=&#8220;on|tablet&#8220; _builder_version=&#8220;4.5.1&#8243;][\/et_pb_image][\/et_pb_column][et_pb_column type=&#8220;1_2&#8243; _builder_version=&#8220;4.4.3&#8243; custom_padding=&#8220;||||false|false&#8220; custom_padding_tablet=&#8220;|||0px|false|false&#8220; custom_padding_phone=&#8220;&#8220; custom_padding_last_edited=&#8220;on|tablet&#8220; animation_style=&#8220;slide&#8220; animation_direction=&#8220;right&#8220; animation_duration=&#8220;1500ms&#8220;][et_pb_text module_class=&#8220;wa-simplonMono&#8220; _builder_version=&#8220;4.5.1&#8243; text_font=&#8220;|700||on|||||&#8220; text_font_size=&#8220;13px&#8220; text_letter_spacing=&#8220;3.6px&#8220; text_line_height=&#8220;25px&#8220; text_orientation=&#8220;center&#8220; custom_margin=&#8220;||7px|||&#8220; text_orientation_tablet=&#8220;center&#8220; text_orientation_phone=&#8220;&#8220; text_orientation_last_edited=&#8220;on|tablet&#8220; locked=&#8220;off&#8220;]<\/p>\n<p>Krankenhaus<\/p>\n<p>[\/et_pb_text][et_pb_text module_class=&#8220;wa-simplonMono&#8220; _builder_version=&#8220;4.7.7&#8243; text_font=&#8220;|700||on|||||&#8220; text_font_size=&#8220;18px&#8220; text_line_height=&#8220;25px&#8220; header_font=&#8220;|700|||||||&#8220; header_text_align=&#8220;center&#8220; header_font_size=&#8220;50px&#8220; header_line_height=&#8220;65px&#8220; header_3_font=&#8220;|700|||||||&#8220; header_3_text_align=&#8220;left&#8220; header_3_font_size=&#8220;50px&#8220; header_3_line_height=&#8220;65px&#8220; width=&#8220;100%&#8220; width_tablet=&#8220;100%&#8220; width_phone=&#8220;&#8220; width_last_edited=&#8220;on|tablet&#8220; custom_margin=&#8220;||1px|||&#8220; header_text_align_tablet=&#8220;center&#8220; header_text_align_phone=&#8220;&#8220; header_text_align_last_edited=&#8220;on|tablet&#8220; header_font_size_tablet=&#8220;40px&#8220; header_font_size_phone=&#8220;40px&#8220; header_font_size_last_edited=&#8220;on|phone&#8220; header_3_text_align_tablet=&#8220;center&#8220; header_3_text_align_phone=&#8220;&#8220; header_3_text_align_last_edited=&#8220;on|tablet&#8220; header_3_font_size_tablet=&#8220;40px&#8220; header_3_font_size_phone=&#8220;40px&#8220; header_3_font_size_last_edited=&#8220;on|phone&#8220; text_orientation_tablet=&#8220;&#8220; text_orientation_phone=&#8220;&#8220; text_orientation_last_edited=&#8220;on|desktop&#8220; locked=&#8220;off&#8220;]<\/p>\n<h1>Landeskrankenhaus Villach: Lage,Anreise und Aufenthalt\u00a0<\/h1>\n<p>[\/et_pb_text][\/et_pb_column][\/et_pb_row][\/et_pb_section][et_pb_section fb_built=&#8220;1&#8243; _builder_version=&#8220;4.4.3&#8243; custom_padding=&#8220;0px||4px|||&#8220;][et_pb_row custom_padding_last_edited=&#8220;on|phone&#8220; _builder_version=&#8220;4.7.7&#8243; background_color=&#8220;#d5d7d4&#8243; width=&#8220;100%&#8220; width_tablet=&#8220;95%&#8220; width_phone=&#8220;&#8220; width_last_edited=&#8220;on|tablet&#8220; max_width=&#8220;1250px&#8220; custom_padding=&#8220;100px|140px|100px|140px|true|true&#8220; custom_padding_tablet=&#8220;80px|35px|80px|35px|true|true&#8220; custom_padding_phone=&#8220;|10px||10px|true|true&#8220; width__hover_enabled=&#8220;off|hover&#8220;][et_pb_column type=&#8220;4_4&#8243; _builder_version=&#8220;4.4.3&#8243;][et_pb_text _builder_version=&#8220;4.5.1&#8243; text_line_height=&#8220;28px&#8220; width_tablet=&#8220;87%&#8220; width_phone=&#8220;83%&#8220; width_last_edited=&#8220;on|tablet&#8220; module_alignment=&#8220;left&#8220; custom_margin=&#8220;0px||55px||false|false&#8220; hover_enabled=&#8220;0&#8243; text_font_size_tablet=&#8220;17px&#8220; text_font_size_phone=&#8220;17px&#8220; text_font_size_last_edited=&#8220;on|tablet&#8220; text_orientation_tablet=&#8220;center&#8220; text_orientation_phone=&#8220;&#8220; text_orientation_last_edited=&#8220;on|tablet&#8220; module_alignment_tablet=&#8220;center&#8220; module_alignment_phone=&#8220;&#8220; module_alignment_last_edited=&#8220;on|tablet&#8220; locked=&#8220;off&#8220;]<\/p>\n<p>Das <a href=\"https:\/\/www.lkh-vil.or.at\/\" target=\"_blank\" rel=\"noopener noreferrer\">LKH Villach<\/a> liegt im Zentrum von Villach in der Nikolaigasse 43. Auf unserer Website erhalten Sie alle notwendigen Informationen \u00fcber Lage, Parkm\u00f6glichkeiten, Besuchszeiten und Unterkunft f\u00fcr Begleitpersonen.<\/p>\n<p>Patienten, Angeh\u00f6rige, Bedienstete oder Fremdfirmen vom Krankenhaus Villach haben bei Bedarf die M\u00f6glichkeit, direkt neben dem LKH kurz- oder langfristig eines unserer <a href=\"https:\/\/www.apartments-villach.at\/apartments-villach\/\" target=\"_blank\" rel=\"noopener noreferrer\">modernen City-Apartments<\/a> zu buchen. Unsere \u201eApart of me Villach\u201c-Apartments sind nicht nur funktional und stilvoll eingerichtet, sondern verf\u00fcgen \u00fcber eine voll ausgestattete K\u00fcche. Von unseren Apartments aus k\u00f6nnen Sie das LKH binnen weniger Gehminuten erreichen.<\/p>\n<p>[\/et_pb_text][\/et_pb_column][\/et_pb_row][\/et_pb_section][et_pb_section fb_built=&#8220;1&#8243; _builder_version=&#8220;4.7.7&#8243; _module_preset=&#8220;default&#8220;][et_pb_row _builder_version=&#8220;4.7.7&#8243; _module_preset=&#8220;default&#8220;][et_pb_column type=&#8220;4_4&#8243; _builder_version=&#8220;4.7.7&#8243; _module_preset=&#8220;default&#8220;][et_pb_text _builder_version=&#8220;4.5.1&#8243; _module_preset=&#8220;default&#8220;]<\/p>\n<h2>Anfahrt zum LKH Villach<\/h2>\n<p>[\/et_pb_text][et_pb_text _builder_version=&#8220;4.5.1&#8243; _module_preset=&#8220;default&#8220; hover_enabled=&#8220;0&#8243;]<\/p>\n<p>Der<a href=\"https:\/\/bahnhof.oebb.at\/de\/kaernten\/villach-hauptbahnhof\" target=\"_blank\" rel=\"noopener noreferrer\"> Bahnhof<\/a> liegt nordwestlich vom Krankenhaus Villach. Hier k\u00f6nnen Sie mit den Buslinien 3, 6 oder 30 zum LKH gelangen. Mit dem Auto Richtung Westen auf der A10 kommend, nehmen Sie die Ausfahrt \u201eVillach-Ossiacher See\u201c. Folgen Sie der B94 ins Zentrum und achten Sie auf die Beschilderung Richtung LKH. Wenn Sie mit dem Auto von S\u00fcden auf der A2 anreisen, dann fahren Sie am besten bei \u201eWarmbad-Villach\u201c ab und folgen der K\u00e4rntner Stra\u00dfe\/Ossiacher Zeile, bis Sie die Kreuzung Nikolaigasse erreichen. Das Krankenhaus befindet sich auf der linken Seite.<\/p>\n<p>Innerhalb des Areals der Krankenanstalt k\u00f6nnen Sie kostenpflichtig parken. \u00d6ffentliche Parkgelegenheiten befinden sich in der Dreschnigstra\u00dfe gegen\u00fcber dem Haupteingang, in der Tschabuschnigstra\u00dfe und in der Nikolaigasse.<\/p>\n<p>Einen \u00fcbersichtlichen Lageplan finden Sie hier: <a href=\"https:\/\/www.lkh-vil.or.at\/fileadmin\/user_upload\/lkhvillach\/service\/Anreise\/Lageplan_12_2021.pdf\">LAGEPLAN<\/a><\/p>\n<p>&nbsp;<\/p>\n<p>[\/et_pb_text][\/et_pb_column][\/et_pb_row][et_pb_row column_structure=&#8220;1_2,1_2&#8243; _builder_version=&#8220;4.7.7&#8243; _module_preset=&#8220;default&#8220;][et_pb_column type=&#8220;1_2&#8243; _builder_version=&#8220;4.7.7&#8243; _module_preset=&#8220;default&#8220;][et_pb_text _builder_version=&#8220;4.5.1&#8243; _module_preset=&#8220;default&#8220;]<\/p>\n<p><strong>Wohnen neben dem LKH Villach f\u00fcr Patienten<\/strong><\/p>\n<p>[\/et_pb_text][et_pb_text _builder_version=&#8220;4.5.1&#8243; _module_preset=&#8220;default&#8220;]<\/p>\n<p>Sollten Sie regelm\u00e4\u00dfig zur Behandlung ins Krankenhaus Villach m\u00fcssen oder Sie haben eine bevorstehende Operation, zu der Sie fr\u00fcher anreisen m\u00fcssen, dann ben\u00f6tigen Sie eventuell eine Unterkunft unmittelbar in der N\u00e4he. Hier k\u00f6nnen wir Ihnen unsere modernen Apartmentwohnungen direkt neben dem LKH Villach anbieten.<\/p>\n<p>Nur wenige Gehminuten von der Krankenanstalt Villach entfernt wohnen Sie in einem modernen, funktional eingerichteten Apartment mit voll ausgestatteter K\u00fcche und Tiefgaragenparkplatz auf Anfrage. Sie brauchen lediglich Ihre pers\u00f6nlichen Habseligkeiten und k\u00f6nnen sofort einziehen und sich wohlf\u00fchlen.<\/p>\n<p>[\/et_pb_text][\/et_pb_column][et_pb_column type=&#8220;1_2&#8243; _builder_version=&#8220;4.7.7&#8243; _module_preset=&#8220;default&#8220;][et_pb_image src=&#8220;https:\/\/www.apartments-villach.at\/wp-content\/uploads\/2019\/06\/Apartments-Villach4.jpg&#8220; alt=&#8220;Ein Koffer liegt auf der Bank im Business Apartment&#8220; title_text=&#8220;Apartments-Villach4&#8243; _builder_version=&#8220;4.5.1&#8243; _module_preset=&#8220;default&#8220;][\/et_pb_image][\/et_pb_column][\/et_pb_row][et_pb_row _builder_version=&#8220;4.7.7&#8243; _module_preset=&#8220;default&#8220;][et_pb_column type=&#8220;4_4&#8243; _builder_version=&#8220;4.7.7&#8243; _module_preset=&#8220;default&#8220;][et_pb_text _builder_version=&#8220;4.5.1&#8243; _module_preset=&#8220;default&#8220;]<\/p>\n<p><strong>Wohnen neben dem LKH Villach f\u00fcr Angeh\u00f6rige und Begleitpersonen<\/strong><\/p>\n<p>[\/et_pb_text][et_pb_text _builder_version=&#8220;4.5.1&#8243; _module_preset=&#8220;default&#8220;]<\/p>\n<p>Sollten Sie als Begleitperson eines Patienten kurz-, mittel- oder langfristig ein Apartment suchen, sind unsere City-Apartments die richtige Wahl. Hierdurch sind Sie in unmittelbarer N\u00e4he Ihres Angeh\u00f6rigen und verf\u00fcgen trotzdem \u00fcber einen modernen R\u00fcckzugsort zum Entspannen und Abschalten.<\/p>\n<p>Von der Apartmentanlage aus erreichen Sie in nur wenigen Gehminuten die Altstadt von Villach. In der Fu\u00dfg\u00e4ngerzone finden Sie zahlreiche Bars, Restaurants und Caf\u00e9s, die mit k\u00f6stlichen regionalen Schmankerln aufwarten. F\u00fcr eine erholsame Abwechslung sorgen ein Sprung in den glasklaren Faaker See oder Ossiacher See. Beide sind nur einige Autominuten von den Apartments entfernt.<\/p>\n<p>[\/et_pb_text][\/et_pb_column][\/et_pb_row][et_pb_row _builder_version=&#8220;4.7.7&#8243; _module_preset=&#8220;default&#8220;][et_pb_column type=&#8220;4_4&#8243; _builder_version=&#8220;4.7.7&#8243; _module_preset=&#8220;default&#8220;][et_pb_text _builder_version=&#8220;4.5.1&#8243; _module_preset=&#8220;default&#8220;]<\/p>\n<p><strong>Wohnen neben dem LKH Villach f\u00fcr\u00a0Angestellte, Praktikanten oder externe Firmen<\/strong><\/p>\n<p>[\/et_pb_text][et_pb_text _builder_version=&#8220;4.5.1&#8243; _module_preset=&#8220;default&#8220;]<\/p>\n<p>Egal ob Sie ein Praktikum, eine Ausbildung oder Schulung machen oder als externe Firma Arbeiten im LKH Villach verrichten m\u00fcssen \u2013 eine Unterkunft direkt neben der Arbeitsst\u00e4tte ist immer vorteilhaft. Ein Apartment neben dem Krankenhaus ist im Apart of me Villach sowohl f\u00fcr wenige Tage als auch f\u00fcr mehrere Wochen unkompliziert buchbar.<\/p>\n<p>Die City-Apartments bieten Ihnen nicht nur eine moderne und stilsichere Unterkunft, sondern sorgen durch ihre zentrale Lage f\u00fcr einen kurzen Arbeitsweg. Superm\u00e4rkte, Restaurants und Gesch\u00e4fte sind zudem in nur wenigen Gehminuten zu Fu\u00df erreichbar. Nicht zuletzt sind die Apartments ein idealer Ausgangspunkt f\u00fcr zahlreiche Unternehmungen in der nahegelegenen Natur.<\/p>\n<p>[\/et_pb_text][\/et_pb_column][\/et_pb_row][\/et_pb_section][et_pb_section fb_built=&#8220;1&#8243; _builder_version=&#8220;4.4.3&#8243; custom_padding=&#8220;0px||4px|||&#8220;][et_pb_row custom_padding_last_edited=&#8220;on|phone&#8220; _builder_version=&#8220;4.4.3&#8243; background_color=&#8220;#d5d7d4&#8243; width=&#8220;100%&#8220; width_tablet=&#8220;95%&#8220; width_phone=&#8220;&#8220; width_last_edited=&#8220;on|tablet&#8220; max_width=&#8220;1250px&#8220; custom_padding=&#8220;100px|140px|100px|140px|true|true&#8220; custom_padding_tablet=&#8220;80px|35px|80px|35px|true|true&#8220; custom_padding_phone=&#8220;|10px||10px|true|true&#8220; width__hover_enabled=&#8220;off|hover&#8220;][et_pb_column type=&#8220;4_4&#8243; _builder_version=&#8220;4.4.3&#8243;][et_pb_text _builder_version=&#8220;4.5.1&#8243; text_line_height=&#8220;28px&#8220; width_tablet=&#8220;87%&#8220; width_phone=&#8220;83%&#8220; width_last_edited=&#8220;on|tablet&#8220; module_alignment=&#8220;left&#8220; custom_margin=&#8220;0px||55px||false|false&#8220; hover_enabled=&#8220;0&#8243; text_font_size_tablet=&#8220;17px&#8220; text_font_size_phone=&#8220;17px&#8220; text_font_size_last_edited=&#8220;on|tablet&#8220; text_orientation_tablet=&#8220;center&#8220; text_orientation_phone=&#8220;&#8220; text_orientation_last_edited=&#8220;on|tablet&#8220; module_alignment_tablet=&#8220;center&#8220; module_alignment_phone=&#8220;&#8220; module_alignment_last_edited=&#8220;on|tablet&#8220; locked=&#8220;off&#8220;]<\/p>\n<p>Sie planen eine Operation im LKH Villach, sind Angeh\u00f6riger eines Patienten oder Mitarbeiter des Krankenhauses und suchen ein Apartment auf Zeit? <a href=\"https:\/\/www.apartments-villach.at\/buchen\/\" target=\"_blank\" rel=\"noopener noreferrer\">Buchen Sie jetzt Ihr City-Apartment<\/a> und genie\u00dfen Sie die N\u00e4he zum Krankenhaus Villach!<\/p>\n<p>[\/et_pb_text][\/et_pb_column][\/et_pb_row][\/et_pb_section][et_pb_section fb_built=&#8220;1&#8243; _builder_version=&#8220;4.4.3&#8243; background_color=&#8220;#d5d7d4&#8243; custom_margin=&#8220;100px|||||&#8220; custom_padding=&#8220;||||false|false&#8220; border_width_top=&#8220;1px&#8220; global_module=&#8220;1486&#8243; collapsed=&#8220;on&#8220;][et_pb_row module_class=&#8220;wa-footer-newsletter-section&#8220; _builder_version=&#8220;4.5.1&#8243; background_size=&#8220;initial&#8220; background_position=&#8220;top_left&#8220; background_repeat=&#8220;repeat&#8220; module_alignment=&#8220;center&#8220;][et_pb_column type=&#8220;4_4&#8243; _builder_version=&#8220;4.4.3&#8243;][et_pb_text _builder_version=&#8220;4.4.3&#8243; text_font=&#8220;|||on|||||&#8220; text_text_color=&#8220;#000000&#8243; text_font_size=&#8220;13px&#8220; text_letter_spacing=&#8220;1.86px&#8220; text_line_height=&#8220;19px&#8220; header_text_color=&#8220;#000000&#8243; header_font_size=&#8220;50px&#8220; header_2_font=&#8220;|700|||||||&#8220; header_2_text_color=&#8220;#000000&#8243; header_2_font_size=&#8220;50px&#8220;]<\/p>\n<h2>Newsletter<\/h2>\n<p>MELDE DICH BEI UNSEREM NEWSLETTER AN UM IMMER \u00dcBER AKTUELLE NEWS UND ANGEBOTE INFORMIERT ZU BLEIBEN<\/p>\n<p>[\/et_pb_text][et_pb_code _builder_version=&#8220;4.4.3&#8243;]<script id=\"n2g_script\">!function(e,t,n,c,r,a,i){e.Newsletter2GoTrackingObject=r,e[r]=e[r]||function(){(e[r].q=e[r].q||[]).push(arguments)},e[r].l=1*new Date,a=t.createElement(n),i=t.getElementsByTagName(n)[0],a.async=1,a.src=c,i.parentNode.insertBefore(a,i)}(window,document,\"script\",\"https:\/\/static.newsletter2go.com\/utils.js\",\"n2g\");var config = {\"container\": {\"type\": \"div\",\"class\": \"\",\"style\": \"\"},\"row\": {\"type\": \"div\",\"class\": \"\",\"style\": \"margin-top: 15px;\"},\"columnLeft\": {\"type\": \"div\",\"class\": \"\",\"style\": \"\"},\"columnRight\": {\"type\": \"div\",\"class\": \"\",\"style\": \"\"},\"label\": {\"type\": \"label\",\"class\": \"\",\"style\": \"\"}};n2g('create', 'ut1m3fer-k96mt4nb-igs');n2g('subscribe:createForm', config);<\/script>[\/et_pb_code][\/et_pb_column][\/et_pb_row][\/et_pb_section]<\/p>\n","protected":false},"excerpt":{"rendered":"<p>KrankenhausLandeskrankenhaus Villach: Lage,Anreise und Aufenthalt\u00a0Das LKH Villach liegt im Zentrum von Villach in der Nikolaigasse 43. Auf unserer Website erhalten Sie alle notwendigen Informationen \u00fcber Lage, Parkm\u00f6glichkeiten, Besuchszeiten und Unterkunft f\u00fcr Begleitpersonen. Patienten, Angeh\u00f6rige, Bedienstete oder Fremdfirmen vom Krankenhaus Villach haben bei Bedarf die M\u00f6glichkeit, direkt neben dem LKH kurz- oder langfristig eines unserer modernen [&hellip;]<\/p>\n","protected":false},"author":1,"featured_media":0,"parent":0,"menu_order":0,"comment_status":"closed","ping_status":"closed","template":"","meta":{"_et_pb_use_builder":"on","_et_pb_old_content":"","_et_gb_content_width":"","footnotes":""},"class_list":["post-5035","page","type-page","status-publish","hentry"],"yoast_head":"<!-- This site is optimized with the Yoast SEO plugin v27.3 - https:\/\/yoast.com\/product\/yoast-seo-wordpress\/ -->\n<title>LKH Villach - Unterkunft - Apart of me Villach Apartments<\/title>\n<meta name=\"description\" content=\"Der schnellste Weg zum LKH Villach. Hier finden Sie eine Unterkunft direkt neben dem Landeskrankenhaus Villach. Auch f\u00fcr l\u00e4ngere Aufenthalte.\" \/>\n<meta name=\"robots\" content=\"index, follow, max-snippet:-1, max-image-preview:large, max-video-preview:-1\" \/>\n<link rel=\"canonical\" href=\"https:\/\/www.apartments-villach.at\/en\/krankenhaus\/\" \/>\n<meta property=\"og:locale\" content=\"en_GB\" \/>\n<meta property=\"og:type\" content=\"article\" \/>\n<meta property=\"og:title\" content=\"LKH Villach - Unterkunft - Apart of me Villach Apartments\" \/>\n<meta property=\"og:description\" content=\"Der schnellste Weg zum LKH Villach. Hier finden Sie eine Unterkunft direkt neben dem Landeskrankenhaus Villach. Auch f\u00fcr l\u00e4ngere Aufenthalte.\" \/>\n<meta property=\"og:url\" content=\"https:\/\/www.apartments-villach.at\/en\/krankenhaus\/\" \/>\n<meta property=\"og:site_name\" content=\"Apartments Villach - Apart of me Villach\" \/>\n<meta property=\"article:modified_time\" content=\"2022-07-07T09:24:20+00:00\" \/>\n<meta name=\"twitter:card\" content=\"summary_large_image\" \/>\n<meta name=\"twitter:label1\" content=\"Est. reading time\" \/>\n\t<meta name=\"twitter:data1\" content=\"8 minutes\" \/>\n<script type=\"application\/ld+json\" class=\"yoast-schema-graph\">{\"@context\":\"https:\\\/\\\/schema.org\",\"@graph\":[{\"@type\":\"WebPage\",\"@id\":\"https:\\\/\\\/www.apartments-villach.at\\\/it\\\/krankenhaus\\\/\",\"url\":\"https:\\\/\\\/www.apartments-villach.at\\\/it\\\/krankenhaus\\\/\",\"name\":\"LKH Villach - Unterkunft - Apart of me Villach Apartments\",\"isPartOf\":{\"@id\":\"https:\\\/\\\/www.apartments-villach.at\\\/en\\\/#website\"},\"datePublished\":\"2022-05-31T13:37:49+00:00\",\"dateModified\":\"2022-07-07T09:24:20+00:00\",\"description\":\"Der schnellste Weg zum LKH Villach. Hier finden Sie eine Unterkunft direkt neben dem Landeskrankenhaus Villach. Auch f\u00fcr l\u00e4ngere Aufenthalte.\",\"breadcrumb\":{\"@id\":\"https:\\\/\\\/www.apartments-villach.at\\\/it\\\/krankenhaus\\\/#breadcrumb\"},\"inLanguage\":\"en-GB\",\"potentialAction\":[{\"@type\":\"ReadAction\",\"target\":[\"https:\\\/\\\/www.apartments-villach.at\\\/it\\\/krankenhaus\\\/\"]}]},{\"@type\":\"BreadcrumbList\",\"@id\":\"https:\\\/\\\/www.apartments-villach.at\\\/it\\\/krankenhaus\\\/#breadcrumb\",\"itemListElement\":[{\"@type\":\"ListItem\",\"position\":1,\"name\":\"Startseite\",\"item\":\"https:\\\/\\\/www.apartments-villach.at\\\/en\\\/\"},{\"@type\":\"ListItem\",\"position\":2,\"name\":\"Krankenhaus\"}]},{\"@type\":\"WebSite\",\"@id\":\"https:\\\/\\\/www.apartments-villach.at\\\/en\\\/#website\",\"url\":\"https:\\\/\\\/www.apartments-villach.at\\\/en\\\/\",\"name\":\"Apartments Villach - Apart of me Villach\",\"description\":\"Ihre Wohlf\u00fchloase in Villach\",\"publisher\":{\"@id\":\"https:\\\/\\\/www.apartments-villach.at\\\/en\\\/#organization\"},\"potentialAction\":[{\"@type\":\"SearchAction\",\"target\":{\"@type\":\"EntryPoint\",\"urlTemplate\":\"https:\\\/\\\/www.apartments-villach.at\\\/en\\\/?s={search_term_string}\"},\"query-input\":{\"@type\":\"PropertyValueSpecification\",\"valueRequired\":true,\"valueName\":\"search_term_string\"}}],\"inLanguage\":\"en-GB\"},{\"@type\":\"Organization\",\"@id\":\"https:\\\/\\\/www.apartments-villach.at\\\/en\\\/#organization\",\"name\":\"Apartments Villach\",\"url\":\"https:\\\/\\\/www.apartments-villach.at\\\/en\\\/\",\"logo\":{\"@type\":\"ImageObject\",\"inLanguage\":\"en-GB\",\"@id\":\"https:\\\/\\\/www.apartments-villach.at\\\/en\\\/#\\\/schema\\\/logo\\\/image\\\/\",\"url\":\"\",\"contentUrl\":\"\",\"caption\":\"Apartments Villach\"},\"image\":{\"@id\":\"https:\\\/\\\/www.apartments-villach.at\\\/en\\\/#\\\/schema\\\/logo\\\/image\\\/\"}}]}<\/script>\n<!-- \/ Yoast SEO plugin. -->","yoast_head_json":{"title":"LKH Villach - Unterkunft - Apart of me Villach Apartments","description":"Der schnellste Weg zum LKH Villach. Hier finden Sie eine Unterkunft direkt neben dem Landeskrankenhaus Villach. Auch f\u00fcr l\u00e4ngere Aufenthalte.","robots":{"index":"index","follow":"follow","max-snippet":"max-snippet:-1","max-image-preview":"max-image-preview:large","max-video-preview":"max-video-preview:-1"},"canonical":"https:\/\/www.apartments-villach.at\/en\/krankenhaus\/","og_locale":"en_GB","og_type":"article","og_title":"LKH Villach - Unterkunft - Apart of me Villach Apartments","og_description":"Der schnellste Weg zum LKH Villach. Hier finden Sie eine Unterkunft direkt neben dem Landeskrankenhaus Villach. Auch f\u00fcr l\u00e4ngere Aufenthalte.","og_url":"https:\/\/www.apartments-villach.at\/en\/krankenhaus\/","og_site_name":"Apartments Villach - Apart of me Villach","article_modified_time":"2022-07-07T09:24:20+00:00","twitter_card":"summary_large_image","twitter_misc":{"Est. reading time":"8 minutes"},"schema":{"@context":"https:\/\/schema.org","@graph":[{"@type":"WebPage","@id":"https:\/\/www.apartments-villach.at\/it\/krankenhaus\/","url":"https:\/\/www.apartments-villach.at\/it\/krankenhaus\/","name":"LKH Villach - Unterkunft - Apart of me Villach Apartments","isPartOf":{"@id":"https:\/\/www.apartments-villach.at\/en\/#website"},"datePublished":"2022-05-31T13:37:49+00:00","dateModified":"2022-07-07T09:24:20+00:00","description":"Der schnellste Weg zum LKH Villach. Hier finden Sie eine Unterkunft direkt neben dem Landeskrankenhaus Villach. Auch f\u00fcr l\u00e4ngere Aufenthalte.","breadcrumb":{"@id":"https:\/\/www.apartments-villach.at\/it\/krankenhaus\/#breadcrumb"},"inLanguage":"en-GB","potentialAction":[{"@type":"ReadAction","target":["https:\/\/www.apartments-villach.at\/it\/krankenhaus\/"]}]},{"@type":"BreadcrumbList","@id":"https:\/\/www.apartments-villach.at\/it\/krankenhaus\/#breadcrumb","itemListElement":[{"@type":"ListItem","position":1,"name":"Startseite","item":"https:\/\/www.apartments-villach.at\/en\/"},{"@type":"ListItem","position":2,"name":"Krankenhaus"}]},{"@type":"WebSite","@id":"https:\/\/www.apartments-villach.at\/en\/#website","url":"https:\/\/www.apartments-villach.at\/en\/","name":"Flats Villach - Apart of me Villach","description":"Your oasis of well-being in Villach","publisher":{"@id":"https:\/\/www.apartments-villach.at\/en\/#organization"},"potentialAction":[{"@type":"SearchAction","target":{"@type":"EntryPoint","urlTemplate":"https:\/\/www.apartments-villach.at\/en\/?s={search_term_string}"},"query-input":{"@type":"PropertyValueSpecification","valueRequired":true,"valueName":"search_term_string"}}],"inLanguage":"en-GB"},{"@type":"Organization","@id":"https:\/\/www.apartments-villach.at\/en\/#organization","name":"Flats Villach","url":"https:\/\/www.apartments-villach.at\/en\/","logo":{"@type":"ImageObject","inLanguage":"en-GB","@id":"https:\/\/www.apartments-villach.at\/en\/#\/schema\/logo\/image\/","url":"","contentUrl":"","caption":"Apartments Villach"},"image":{"@id":"https:\/\/www.apartments-villach.at\/en\/#\/schema\/logo\/image\/"}}]}},"_links":{"self":[{"href":"https:\/\/www.apartments-villach.at\/en\/wp-json\/wp\/v2\/pages\/5035","targetHints":{"allow":["GET"]}}],"collection":[{"href":"https:\/\/www.apartments-villach.at\/en\/wp-json\/wp\/v2\/pages"}],"about":[{"href":"https:\/\/www.apartments-villach.at\/en\/wp-json\/wp\/v2\/types\/page"}],"author":[{"embeddable":true,"href":"https:\/\/www.apartments-villach.at\/en\/wp-json\/wp\/v2\/users\/1"}],"replies":[{"embeddable":true,"href":"https:\/\/www.apartments-villach.at\/en\/wp-json\/wp\/v2\/comments?post=5035"}],"version-history":[{"count":11,"href":"https:\/\/www.apartments-villach.at\/en\/wp-json\/wp\/v2\/pages\/5035\/revisions"}],"predecessor-version":[{"id":5249,"href":"https:\/\/www.apartments-villach.at\/en\/wp-json\/wp\/v2\/pages\/5035\/revisions\/5249"}],"wp:attachment":[{"href":"https:\/\/www.apartments-villach.at\/en\/wp-json\/wp\/v2\/media?parent=5035"}],"curies":[{"name":"wp","href":"https:\/\/api.w.org\/{rel}","templated":true}]}}