{"id":532,"date":"2017-12-05T16:33:02","date_gmt":"2017-12-05T15:33:02","guid":{"rendered":"http:\/\/www.apartments-villach.at\/?page_id=532"},"modified":"2020-07-17T12:01:10","modified_gmt":"2020-07-17T10:01:10","slug":"impressum","status":"publish","type":"page","link":"http:\/\/www.apartments-villach.at\/it\/impressum\/","title":{"rendered":"Impronta"},"content":{"rendered":"<p>[et_pb_section fb_built=&#8220;1&#8243; admin_label=&#8220;section&#8220; module_class=&#8220;wa-impressum-page&#8220; _builder_version=&#8220;4.4.3&#8243; custom_padding=&#8220;1px|0px|0px|0px||&#8220;][et_pb_row _builder_version=&#8220;4.4.3&#8243; width=&#8220;82%&#8220; max_width=&#8220;1170px&#8220; custom_padding=&#8220;94px|||||&#8220;][et_pb_column type=&#8220;4_4&#8243; _builder_version=&#8220;4.4.3&#8243;][et_pb_text module_class=&#8220;wa-simplonMono&#8220; _builder_version=&#8220;4.4.3&#8243; header_font_size=&#8220;50px&#8220; header_font_size_tablet=&#8220;&#8220; header_font_size_phone=&#8220;40px&#8220; header_font_size_last_edited=&#8220;on|phone&#8220;]<\/p>\n<h1>Impressum<\/h1>\n<p>[\/et_pb_text][\/et_pb_column][\/et_pb_row][et_pb_row column_structure=&#8220;2_5,3_5&#8243; admin_label=&#8220;row&#8220; _builder_version=&#8220;4.4.3&#8243; background_size=&#8220;initial&#8220; background_position=&#8220;top_left&#8220; background_repeat=&#8220;repeat&#8220; width=&#8220;82%&#8220; max_width=&#8220;1170px&#8220;][et_pb_column type=&#8220;2_5&#8243; _builder_version=&#8220;3.25&#8243; custom_padding=&#8220;|||&#8220; custom_padding__hover=&#8220;|||&#8220;][et_pb_text _builder_version=&#8220;4.5.1&#8243; text_font_size=&#8220;18px&#8220; text_line_height=&#8220;29px&#8220; hover_enabled=&#8220;0&#8243;]<\/p>\n<p>Apart of me GmbH &amp; Co. KG<br \/>Hausergasse 27<br \/>A-9500 Villach<br \/>Tel.: +43 664 510 35 74<\/p>\n<p>E-Mail: villach@apart-of-me.at<\/p>\n<p>Firmenbuchnummer: FN 288712 b<br \/> Gerichtsstand: Klagenfurt<br \/> UID-Nummer: AUT631 31 444<br \/> Gesch\u00e4ftsf\u00fchrung<br \/> Hansj\u00f6rg Kofler<\/p>\n<p>Offenlegung lt. \u00a7 25 Mediengesetz<br \/> www.apartments-villach.at ist ein Projekt der:<br \/> Apart of me GmbH &amp; Co. KG, Hausergasse 27, A-9500 Villach<\/p>\n<p>[\/et_pb_text][\/et_pb_column][et_pb_column type=&#8220;3_5&#8243; _builder_version=&#8220;3.25&#8243; custom_padding=&#8220;|||&#8220; custom_padding__hover=&#8220;|||&#8220;][et_pb_text module_class=&#8220;wa-simplonMono&#8220; _builder_version=&#8220;4.4.3&#8243; text_font_size=&#8220;18px&#8220; text_line_height=&#8220;29px&#8220; header_2_font=&#8220;|700||on|||||&#8220; header_2_font_size=&#8220;18px&#8220; header_2_letter_spacing=&#8220;3.6px&#8220; header_2_line_height=&#8220;24px&#8220; custom_margin=&#8220;||10px|||&#8220;]<\/p>\n<h2>HAFTUNGSAUSSCHLUSS<\/h2>\n<p>[\/et_pb_text][et_pb_text module_class=&#8220;wa-simplonMono&#8220; _builder_version=&#8220;4.4.3&#8243; text_font_size=&#8220;18px&#8220; text_line_height=&#8220;29px&#8220; header_2_font=&#8220;|700||on|||||&#8220; header_2_font_size=&#8220;18px&#8220; header_2_letter_spacing=&#8220;3.6px&#8220; header_2_line_height=&#8220;24px&#8220; custom_margin=&#8220;||10px|||&#8220;]<\/p>\n<h2>VERANTWORTLICHKEIT F\u00dcR DEN INHALT<\/h2>\n<p>[\/et_pb_text][et_pb_text _builder_version=&#8220;4.4.3&#8243; text_font_size=&#8220;14px&#8220; text_line_height=&#8220;20px&#8220;]Die Inhalte unserer Seiten wurden mit gr\u00f6\u00dfter Sorgfalt erstellt. F\u00fcr die Inhalte k\u00f6nnen wir jedoch keine Gew\u00e4hr \u00fcbernehmen.<br \/>\nGenauigkeit, Vollst\u00e4ndigkeit oder Aktualit\u00e4t. Gem\u00e4\u00df den gesetzlichen Bestimmungen sind wir dar\u00fcber hinaus verantwortlich f\u00fcr<br \/>\nunsere eigenen Inhalte auf diesen Webseiten. Bitte beachten Sie in diesem Zusammenhang, dass wir nicht verpflichtet sind, die<br \/>\n\u00fcbermittelte oder gespeicherte fremde Informationen \u00fcbermitteln oder nach Umst\u00e4nden forschen, die auf eine rechtswidrige T\u00e4tigkeit hinweisen.<br \/>\nVerpflichtungen zur Entfernung oder Sperrung der Nutzung von Informationen nach den allgemeinen Gesetzen bleiben hiervon unber\u00fchrt.<br \/>\n\u00a7\u00a7 8 bis 10 des Telemediengesetzes (TMG).[\/et_pb_text][et_pb_text module_class=&#8220;wa-simplonMono&#8220; _builder_version=&#8220;4.4.3&#8243; text_font_size=&#8220;18px&#8220; text_line_height=&#8220;29px&#8220; header_2_font=&#8220;|700||on|||||&#8220; header_2_font_size=&#8220;18px&#8220; header_2_letter_spacing=&#8220;3.6px&#8220; header_2_line_height=&#8220;24px&#8220; custom_margin=&#8220;||10px|||&#8220;]<\/p>\n<h2>VERANTWORTLICHKEIT F\u00dcR LINKS<\/h2>\n<p>[\/et_pb_text][et_pb_text _builder_version=&#8220;4.4.3&#8243; text_font_size=&#8220;14px&#8220; text_line_height=&#8220;20px&#8220;]Verantwortlich f\u00fcr den Inhalt von<br \/>\nF\u00fcr die Inhalte externer Links (zu Webseiten Dritter) sind ausschlie\u00dflich deren Betreiber verantwortlich. Rechtswidrige Inhalte waren f\u00fcr uns zum Zeitpunkt der Verlinkung nicht erkennbar. Sollte uns eine Rechtsverletzung bekannt werden, werden wir den entsprechenden Link unverz\u00fcglich entfernen.[\/et_pb_text][et_pb_text module_class=&#8220;wa-simplonMono&#8220; _builder_version=&#8220;4.4.3&#8243; text_font_size=&#8220;18px&#8220; text_line_height=&#8220;29px&#8220; header_2_font=&#8220;|700||on|||||&#8220; header_2_font_size=&#8220;18px&#8220; header_2_letter_spacing=&#8220;3.6px&#8220; header_2_line_height=&#8220;24px&#8220; custom_margin=&#8220;||10px|||&#8220;]<\/p>\n<h2>URHEBERRECHT<\/h2>\n<p>[\/et_pb_text][et_pb_text _builder_version=&#8220;4.4.3&#8243; text_font_size=&#8220;14px&#8220; text_line_height=&#8220;20px&#8220;]Unsere Webseiten und deren Inhalte unterliegen dem deutschen Urheberrecht. Es sei denn,<br \/>\nausdr\u00fccklich gesetzlich erlaubt, jede Form der Nutzung, Reproduktion oder Verarbeitung<br \/>\nUrheberrechtlich gesch\u00fctzte Werke auf unseren Webseiten bed\u00fcrfen der vorherigen Zustimmung des jeweiligen Rechteinhabers.<br \/>\nEinzelne Vervielf\u00e4ltigungen eines Werkes sind nur f\u00fcr den privaten Gebrauch gestattet.<br \/>\nDie Materialien dieser Seiten sind urheberrechtlich gesch\u00fctzt und jede unberechtigte Nutzung kann gegen das Urheberrecht versto\u00dfen.[\/et_pb_text][et_pb_text module_class=&#8220;wa-simplonMono&#8220; _builder_version=&#8220;4.4.3&#8243; text_font_size=&#8220;18px&#8220; text_line_height=&#8220;29px&#8220; header_2_font=&#8220;|700||on|||||&#8220; header_2_font_size=&#8220;18px&#8220; header_2_letter_spacing=&#8220;3.6px&#8220; header_2_line_height=&#8220;24px&#8220; min_height=&#8220;14px&#8220; custom_margin=&#8220;||10px|||&#8220;]<\/p>\n<h2>BILDNACHWEIS<\/h2>\n<p>[\/et_pb_text][et_pb_text _builder_version=&#8220;4.4.3&#8243; text_font_size=&#8220;14px&#8220; text_line_height=&#8220;20px&#8220;]<\/p>\n<div class=\"\">&#8211; Shutterstock<\/div>\n<div class=\"\">&#8211; Stocksy<\/div>\n<div class=\"\">&#8211; Unsplash<\/div>\n<div class=\"\">&#8211; Medienarchiv Region Villach<\/div>\n<p>[\/et_pb_text][\/et_pb_column][\/et_pb_row][\/et_pb_section][et_pb_section fb_built=&#8220;1&#8243; _builder_version=&#8220;4.4.3&#8243; background_color=&#8220;#d5d7d4&#8243; custom_margin=&#8220;100px|||||&#8220; custom_padding=&#8220;||||false|false&#8220; border_width_top=&#8220;1px&#8220; global_module=&#8220;1486&#8243;][et_pb_row module_class=&#8220;wa-footer-newsletter-section&#8220; _builder_version=&#8220;4.4.3&#8243; background_size=&#8220;initial&#8220; background_position=&#8220;top_left&#8220; background_repeat=&#8220;repeat&#8220; module_alignment=&#8220;center&#8220; animation_style=&#8220;slide&#8220; animation_duration=&#8220;1500ms&#8220;][et_pb_column type=&#8220;4_4&#8243; _builder_version=&#8220;4.4.3&#8243;][et_pb_text _builder_version=&#8220;4.4.3&#8243; text_font=&#8220;|||on|||||&#8220; text_text_color=&#8220;#000000&#8243; text_font_size=&#8220;13px&#8220; text_letter_spacing=&#8220;1.86px&#8220; text_line_height=&#8220;19px&#8220; header_text_color=&#8220;#000000&#8243; header_font_size=&#8220;50px&#8220; header_2_font=&#8220;|700|||||||&#8220; header_2_text_color=&#8220;#000000&#8243; header_2_font_size=&#8220;50px&#8220;]<\/p>\n<h2>Newsletter<\/h2>\n<p>MELDE DICH BEI UNSEREM NEWSLETTER AN UM IMMER \u00dcBER AKTUELLE NEWS UND ANGEBOTE INFORMIERT ZU BLEIBEN<\/p>\n<p>[\/et_pb_text][et_pb_code _builder_version=&#8220;4.4.3&#8243;]<script id=\"n2g_script\">!function(e,t,n,c,r,a,i){e.Newsletter2GoTrackingObject=r,e[r]=e[r]||function(){(e[r].q=e[r].q||[]).push(arguments)},e[r].l=1*new Date,a=t.createElement(n),i=t.getElementsByTagName(n)[0],a.async=1,a.src=c,i.parentNode.insertBefore(a,i)}(window,document,\"script\",\"https:\/\/static.newsletter2go.com\/utils.js\",\"n2g\");var config = {\"container\": {\"type\": \"div\",\"class\": \"\",\"style\": \"\"},\"row\": {\"type\": \"div\",\"class\": \"\",\"style\": \"margin-top: 15px;\"},\"columnLeft\": {\"type\": \"div\",\"class\": \"\",\"style\": \"\"},\"columnRight\": {\"type\": \"div\",\"class\": \"\",\"style\": \"\"},\"label\": {\"type\": \"label\",\"class\": \"\",\"style\": \"\"}};n2g('create', 'ut1m3fer-k96mt4nb-igs');n2g('subscribe:createForm', config);<\/script>[\/et_pb_code][\/et_pb_column][\/et_pb_row][\/et_pb_section]<\/p>\n","protected":false},"excerpt":{"rendered":"<p>ImpressumApart of me GmbH &amp; Co. KGHausergasse 27A-9500 VillachTel.: +43 664 510 35 74 E-Mail: villach@apart-of-me.at Firmenbuchnummer: FN 288712 b Gerichtsstand: Klagenfurt UID-Nummer: AUT631 31 444 Gesch\u00e4ftsf\u00fchrung Hansj\u00f6rg Kofler Offenlegung lt. \u00a7 25 Mediengesetz www.apartments-villach.at ist ein Projekt der: Apart of me GmbH &amp; Co. KG, Hausergasse 27, A-9500 VillachHAFTUNGSAUSSCHLUSSVERANTWORTLICHKEIT F\u00dcR DEN INHALTDie Inhalte unserer [&hellip;]<\/p>\n","protected":false},"author":1,"featured_media":0,"parent":0,"menu_order":0,"comment_status":"closed","ping_status":"closed","template":"","meta":{"_et_pb_use_builder":"on","_et_pb_old_content":"<h1>Impressum<\/h1>\r\n\r\nKofler Vermietungs- und Beteiligungs GmbH und Co. KG\r\nHausergasse 27\r\nA-9500 Villach\r\n\r\nTel.: +43 0664 46 166 60\r\nE-Mail: info@apartments-faakersee.at\r\n\r\nFirmenbuchnummer: FN 288712 b\r\nGerichtsstand: Klagenfurt\r\nUID-Nummer: ATU41104309\r\n\r\nGesch\u00e4ftsf\u00fchrung\r\nHansj\u00f6rg Kofler\r\n\r\nEigent\u00fcmer\/Gesellschafter\r\nHansj\u00f6rg Kofler\r\n\r\nOffenlegung lt. \u00a7 25 Mediengesetz\r\n\r\nwww.apartments-faakersee.at ist ein Projekt der:\r\nKofler Vermietungs- & BeteiligungsgmbH, Hausergasse 27, A-9500 Villach\r\n\r\nDie inhaltliche Verantwortung f\u00fcr die einzelnen Beitr\u00e4ge liegt bei den Autoren bzw. Ansprechpartnern.\r\nAlle Informationen erfolgen nach bestem Wissen und Gewissen. Sollte dennoch ein Fehler passiert sein, wird dies bedauert \u2013 es kann f\u00fcr diesen Fall aber keine Haftung \u00fcbernommen werden. Der Medieninhaber \u00fcbernimmt keine Verantwortung f\u00fcr externe Inhalte, auf die mittels Hyperlink verwiesen wird.\r\n\r\nEbenfalls distanziert sich der Medieninhaber hiermit ausdr\u00fccklich von allen Inhalten der Unterbereiche von www.apartments-faakersee.at, in welchen der Websitebetrachter selbstst\u00e4ndig, ohne zus\u00e4tzliche Bewilligung vom Medieninhaber, Eintragungen bzw. Ver\u00e4nderungen machen kann bzw. gemacht hat.\r\nAuch macht der Medieninhaber darauf aufmerksam, dass sich das Informationsangebot aus Gr\u00fcnden der Aktualisierung laufend \u00e4ndern kann.\r\nDer Inhalt dieser Seiten ist urheberrechtlich gesch\u00fctzt. Die Informationen sind nur f\u00fcr die pers\u00f6nliche Verwendung bestimmt. Jede weitergehende Nutzung, insbesondere die Speicherung in Datenbanken, Ver\u00f6ffentlichung, Vervielf\u00e4ltigung und jede Form von gewerblicher Nutzung sowie die Weitergabe an Dritte \u2013 auch in Teilen oder in \u00fcberarbeiteter Form \u2013 ohne Zustimmung des Medieninhabers, ist untersagt.\r\n\r\nHyperlinks auf www.apartments-faakersee.at sind willkommen. Der Medieninhaber ersucht Sie jedoch, das Einbinden einzelner Seiten unseres Angebots in fremde Frames zu unterlassen. F\u00fcr organisatorische Fragen wenden Sie sich bitte an den Medieninhaber.","_et_gb_content_width":"","footnotes":""},"class_list":["post-532","page","type-page","status-publish","hentry"],"yoast_head":"<!-- This site is optimized with the Yoast SEO plugin v27.3 - https:\/\/yoast.com\/product\/yoast-seo-wordpress\/ -->\n<title>Impressum - Apartments Villach - Apart of me Villach<\/title>\n<meta name=\"robots\" content=\"index, follow, max-snippet:-1, max-image-preview:large, max-video-preview:-1\" \/>\n<link rel=\"canonical\" href=\"https:\/\/www.apartments-villach.at\/it\/impressum\/\" \/>\n<meta property=\"og:locale\" content=\"it_IT\" \/>\n<meta property=\"og:type\" content=\"article\" \/>\n<meta property=\"og:title\" content=\"Impressum - Apartments Villach - Apart of me Villach\" \/>\n<meta property=\"og:description\" content=\"ImpressumApart of me GmbH &amp; Co. KGHausergasse 27A-9500 VillachTel.: +43 664 510 35 74 E-Mail: villach@apart-of-me.at Firmenbuchnummer: FN 288712 b Gerichtsstand: Klagenfurt UID-Nummer: AUT631 31 444 Gesch\u00e4ftsf\u00fchrung Hansj\u00f6rg Kofler Offenlegung lt. \u00a7 25 Mediengesetz www.apartments-villach.at ist ein Projekt der: Apart of me GmbH &amp; Co. KG, Hausergasse 27, A-9500 VillachHAFTUNGSAUSSCHLUSSVERANTWORTLICHKEIT F\u00dcR DEN INHALTDie Inhalte unserer [&hellip;]\" \/>\n<meta property=\"og:url\" content=\"https:\/\/www.apartments-villach.at\/it\/impressum\/\" \/>\n<meta property=\"og:site_name\" content=\"Apartments Villach - Apart of me Villach\" \/>\n<meta property=\"article:modified_time\" content=\"2020-07-17T10:01:10+00:00\" \/>\n<meta name=\"twitter:card\" content=\"summary_large_image\" \/>\n<meta name=\"twitter:label1\" content=\"Est. reading time\" \/>\n\t<meta name=\"twitter:data1\" content=\"4 minutes\" \/>\n<script type=\"application\/ld+json\" class=\"yoast-schema-graph\">{\"@context\":\"https:\\\/\\\/schema.org\",\"@graph\":[{\"@type\":\"WebPage\",\"@id\":\"https:\\\/\\\/www.apartments-villach.at\\\/it\\\/impressum\\\/\",\"url\":\"https:\\\/\\\/www.apartments-villach.at\\\/it\\\/impressum\\\/\",\"name\":\"Impressum - Apartments Villach - Apart of me Villach\",\"isPartOf\":{\"@id\":\"https:\\\/\\\/www.apartments-villach.at\\\/en\\\/#website\"},\"datePublished\":\"2017-12-05T15:33:02+00:00\",\"dateModified\":\"2020-07-17T10:01:10+00:00\",\"breadcrumb\":{\"@id\":\"https:\\\/\\\/www.apartments-villach.at\\\/it\\\/impressum\\\/#breadcrumb\"},\"inLanguage\":\"it-IT\",\"potentialAction\":[{\"@type\":\"ReadAction\",\"target\":[\"https:\\\/\\\/www.apartments-villach.at\\\/it\\\/impressum\\\/\"]}]},{\"@type\":\"BreadcrumbList\",\"@id\":\"https:\\\/\\\/www.apartments-villach.at\\\/it\\\/impressum\\\/#breadcrumb\",\"itemListElement\":[{\"@type\":\"ListItem\",\"position\":1,\"name\":\"Startseite\",\"item\":\"https:\\\/\\\/www.apartments-villach.at\\\/en\\\/\"},{\"@type\":\"ListItem\",\"position\":2,\"name\":\"Impressum\"}]},{\"@type\":\"WebSite\",\"@id\":\"https:\\\/\\\/www.apartments-villach.at\\\/en\\\/#website\",\"url\":\"https:\\\/\\\/www.apartments-villach.at\\\/en\\\/\",\"name\":\"Apartments Villach - Apart of me Villach\",\"description\":\"Ihre Wohlf\u00fchloase in Villach\",\"publisher\":{\"@id\":\"https:\\\/\\\/www.apartments-villach.at\\\/en\\\/#organization\"},\"potentialAction\":[{\"@type\":\"SearchAction\",\"target\":{\"@type\":\"EntryPoint\",\"urlTemplate\":\"https:\\\/\\\/www.apartments-villach.at\\\/en\\\/?s={search_term_string}\"},\"query-input\":{\"@type\":\"PropertyValueSpecification\",\"valueRequired\":true,\"valueName\":\"search_term_string\"}}],\"inLanguage\":\"it-IT\"},{\"@type\":\"Organization\",\"@id\":\"https:\\\/\\\/www.apartments-villach.at\\\/en\\\/#organization\",\"name\":\"Apartments Villach\",\"url\":\"https:\\\/\\\/www.apartments-villach.at\\\/en\\\/\",\"logo\":{\"@type\":\"ImageObject\",\"inLanguage\":\"it-IT\",\"@id\":\"https:\\\/\\\/www.apartments-villach.at\\\/en\\\/#\\\/schema\\\/logo\\\/image\\\/\",\"url\":\"\",\"contentUrl\":\"\",\"caption\":\"Apartments Villach\"},\"image\":{\"@id\":\"https:\\\/\\\/www.apartments-villach.at\\\/en\\\/#\\\/schema\\\/logo\\\/image\\\/\"}}]}<\/script>\n<!-- \/ Yoast SEO plugin. -->","yoast_head_json":{"title":"Impressum - Apartments Villach - Apart of me Villach","robots":{"index":"index","follow":"follow","max-snippet":"max-snippet:-1","max-image-preview":"max-image-preview:large","max-video-preview":"max-video-preview:-1"},"canonical":"https:\/\/www.apartments-villach.at\/it\/impressum\/","og_locale":"it_IT","og_type":"article","og_title":"Impressum - Apartments Villach - Apart of me Villach","og_description":"ImpressumApart of me GmbH &amp; Co. KGHausergasse 27A-9500 VillachTel.: +43 664 510 35 74 E-Mail: villach@apart-of-me.at Firmenbuchnummer: FN 288712 b Gerichtsstand: Klagenfurt UID-Nummer: AUT631 31 444 Gesch\u00e4ftsf\u00fchrung Hansj\u00f6rg Kofler Offenlegung lt. \u00a7 25 Mediengesetz www.apartments-villach.at ist ein Projekt der: Apart of me GmbH &amp; Co. KG, Hausergasse 27, A-9500 VillachHAFTUNGSAUSSCHLUSSVERANTWORTLICHKEIT F\u00dcR DEN INHALTDie Inhalte unserer [&hellip;]","og_url":"https:\/\/www.apartments-villach.at\/it\/impressum\/","og_site_name":"Apartments Villach - Apart of me Villach","article_modified_time":"2020-07-17T10:01:10+00:00","twitter_card":"summary_large_image","twitter_misc":{"Est. reading time":"4 minutes"},"schema":{"@context":"https:\/\/schema.org","@graph":[{"@type":"WebPage","@id":"https:\/\/www.apartments-villach.at\/it\/impressum\/","url":"https:\/\/www.apartments-villach.at\/it\/impressum\/","name":"Impressum - Apartments Villach - Apart of me Villach","isPartOf":{"@id":"https:\/\/www.apartments-villach.at\/en\/#website"},"datePublished":"2017-12-05T15:33:02+00:00","dateModified":"2020-07-17T10:01:10+00:00","breadcrumb":{"@id":"https:\/\/www.apartments-villach.at\/it\/impressum\/#breadcrumb"},"inLanguage":"it-IT","potentialAction":[{"@type":"ReadAction","target":["https:\/\/www.apartments-villach.at\/it\/impressum\/"]}]},{"@type":"BreadcrumbList","@id":"https:\/\/www.apartments-villach.at\/it\/impressum\/#breadcrumb","itemListElement":[{"@type":"ListItem","position":1,"name":"Startseite","item":"https:\/\/www.apartments-villach.at\/en\/"},{"@type":"ListItem","position":2,"name":"Impressum"}]},{"@type":"WebSite","@id":"https:\/\/www.apartments-villach.at\/en\/#website","url":"https:\/\/www.apartments-villach.at\/en\/","name":"Appartamenti Villach - Apart of me Villach","description":"La vostra oasi di benessere a Villach","publisher":{"@id":"https:\/\/www.apartments-villach.at\/en\/#organization"},"potentialAction":[{"@type":"SearchAction","target":{"@type":"EntryPoint","urlTemplate":"https:\/\/www.apartments-villach.at\/en\/?s={search_term_string}"},"query-input":{"@type":"PropertyValueSpecification","valueRequired":true,"valueName":"search_term_string"}}],"inLanguage":"it-IT"},{"@type":"Organization","@id":"https:\/\/www.apartments-villach.at\/en\/#organization","name":"Appartamenti Villach","url":"https:\/\/www.apartments-villach.at\/en\/","logo":{"@type":"ImageObject","inLanguage":"it-IT","@id":"https:\/\/www.apartments-villach.at\/en\/#\/schema\/logo\/image\/","url":"","contentUrl":"","caption":"Apartments Villach"},"image":{"@id":"https:\/\/www.apartments-villach.at\/en\/#\/schema\/logo\/image\/"}}]}},"_links":{"self":[{"href":"http:\/\/www.apartments-villach.at\/it\/wp-json\/wp\/v2\/pages\/532","targetHints":{"allow":["GET"]}}],"collection":[{"href":"http:\/\/www.apartments-villach.at\/it\/wp-json\/wp\/v2\/pages"}],"about":[{"href":"http:\/\/www.apartments-villach.at\/it\/wp-json\/wp\/v2\/types\/page"}],"author":[{"embeddable":true,"href":"http:\/\/www.apartments-villach.at\/it\/wp-json\/wp\/v2\/users\/1"}],"replies":[{"embeddable":true,"href":"http:\/\/www.apartments-villach.at\/it\/wp-json\/wp\/v2\/comments?post=532"}],"version-history":[{"count":20,"href":"http:\/\/www.apartments-villach.at\/it\/wp-json\/wp\/v2\/pages\/532\/revisions"}],"predecessor-version":[{"id":2969,"href":"http:\/\/www.apartments-villach.at\/it\/wp-json\/wp\/v2\/pages\/532\/revisions\/2969"}],"wp:attachment":[{"href":"http:\/\/www.apartments-villach.at\/it\/wp-json\/wp\/v2\/media?parent=532"}],"curies":[{"name":"wp","href":"https:\/\/api.w.org\/{rel}","templated":true}]}}