{"id":5117,"date":"2022-06-14T08:57:37","date_gmt":"2022-06-14T06:57:37","guid":{"rendered":"https:\/\/www.apartments-villach.at\/?page_id=5117"},"modified":"2022-07-07T13:50:55","modified_gmt":"2022-07-07T11:50:55","slug":"freiheit-und-flexibilitaet","status":"publish","type":"page","link":"http:\/\/www.apartments-villach.at\/it\/freiheit-und-flexibilitaet\/","title":{"rendered":"Libert\u00e0 e flessibilit\u00e0"},"content":{"rendered":"<p>[et_pb_section fb_built=&#8220;1&#8243; _builder_version=&#8220;4.4.3&#8243; max_width=&#8220;1440px&#8220; module_alignment=&#8220;center&#8220; custom_margin=&#8220;0px||||false|false&#8220; custom_padding=&#8220;0px||||false|false&#8220; locked=&#8220;off&#8220;][et_pb_row column_structure=&#8220;1_2,1_2&#8243; make_equal=&#8220;on&#8220; custom_padding_last_edited=&#8220;on|tablet&#8220; module_class=&#8220; wa-vertical-center-section wa-subpages-hero-section&#8220; _builder_version=&#8220;4.4.3&#8243; width=&#8220;100%&#8220; width_tablet=&#8220;100%&#8220; width_phone=&#8220;&#8220; width_last_edited=&#8220;on|phone&#8220; custom_padding=&#8220;80px||||false|false&#8220; custom_padding_tablet=&#8220;||0px||false|false&#8220; custom_padding_phone=&#8220;&#8220; custom_css_before_last_edited=&#8220;on|desktop&#8220;][et_pb_column type=&#8220;1_2&#8243; _builder_version=&#8220;4.4.3&#8243; animation_style=&#8220;slide&#8220; animation_direction=&#8220;left&#8220; animation_duration=&#8220;1500ms&#8220;][et_pb_image src=&#8220;https:\/\/www.apartments-villach.at\/wp-content\/uploads\/2020\/06\/shoppingmoeglichkeiten-in-unmittelbarer-umgebung.jpg&#8220; alt=&#8220;Ein Mensch tippt am Handy etwas ein.&#8220; title_text=&#8220;shoppingmoeglichkeiten-in-unmittelbarer-umgebung&#8220; align=&#8220;center&#8220; align_tablet=&#8220;&#8220; align_phone=&#8220;&#8220; align_last_edited=&#8220;on|tablet&#8220; _builder_version=&#8220;4.5.1&#8243;][\/et_pb_image][\/et_pb_column][et_pb_column type=&#8220;1_2&#8243; _builder_version=&#8220;4.4.3&#8243; custom_padding=&#8220;||||false|false&#8220; custom_padding_tablet=&#8220;|||0px|false|false&#8220; custom_padding_phone=&#8220;&#8220; custom_padding_last_edited=&#8220;on|tablet&#8220; animation_style=&#8220;slide&#8220; animation_direction=&#8220;right&#8220; animation_duration=&#8220;1500ms&#8220;][et_pb_text module_class=&#8220;wa-simplonMono&#8220; _builder_version=&#8220;4.5.1&#8243; text_font=&#8220;|700||on|||||&#8220; text_font_size=&#8220;13px&#8220; text_letter_spacing=&#8220;3.6px&#8220; text_line_height=&#8220;25px&#8220; text_orientation=&#8220;center&#8220; custom_margin=&#8220;||7px|||&#8220; text_orientation_tablet=&#8220;center&#8220; text_orientation_phone=&#8220;&#8220; text_orientation_last_edited=&#8220;on|tablet&#8220; locked=&#8220;off&#8220;]<\/p>\n<p>Unabh\u00e4ngigkeit &amp; Luxus<\/p>\n<p>[\/et_pb_text][et_pb_text module_class=&#8220;wa-simplonMono&#8220; _builder_version=&#8220;4.5.1&#8243; text_font=&#8220;|700||on|||||&#8220; text_font_size=&#8220;18px&#8220; text_line_height=&#8220;25px&#8220; header_font=&#8220;|700|||||||&#8220; header_text_align=&#8220;center&#8220; header_font_size=&#8220;50px&#8220; header_line_height=&#8220;65px&#8220; header_3_font=&#8220;|700|||||||&#8220; header_3_text_align=&#8220;left&#8220; header_3_font_size=&#8220;50px&#8220; header_3_line_height=&#8220;65px&#8220; width=&#8220;100%&#8220; width_tablet=&#8220;100%&#8220; width_phone=&#8220;&#8220; width_last_edited=&#8220;on|tablet&#8220; custom_margin=&#8220;||1px|||&#8220; header_text_align_tablet=&#8220;center&#8220; header_text_align_phone=&#8220;&#8220; header_text_align_last_edited=&#8220;on|tablet&#8220; header_font_size_tablet=&#8220;40px&#8220; header_font_size_phone=&#8220;40px&#8220; header_font_size_last_edited=&#8220;on|phone&#8220; header_3_text_align_tablet=&#8220;center&#8220; header_3_text_align_phone=&#8220;&#8220; header_3_text_align_last_edited=&#8220;on|tablet&#8220; header_3_font_size_tablet=&#8220;40px&#8220; header_3_font_size_phone=&#8220;40px&#8220; header_3_font_size_last_edited=&#8220;on|phone&#8220; text_orientation_tablet=&#8220;&#8220; text_orientation_phone=&#8220;&#8220; text_orientation_last_edited=&#8220;on|desktop&#8220; locked=&#8220;off&#8220;]<\/p>\n<h1>Ihr Apartment Villach kombiniert Freiheit und Komfort\u00a0<\/h1>\n<p>[\/et_pb_text][\/et_pb_column][\/et_pb_row][\/et_pb_section][et_pb_section fb_built=&#8220;1&#8243; _builder_version=&#8220;4.4.3&#8243; custom_padding=&#8220;0px||4px|||&#8220;][et_pb_row custom_padding_last_edited=&#8220;on|phone&#8220; _builder_version=&#8220;4.7.7&#8243; background_color=&#8220;#d5d7d4&#8243; width=&#8220;100%&#8220; width_tablet=&#8220;95%&#8220; width_phone=&#8220;&#8220; width_last_edited=&#8220;on|tablet&#8220; max_width=&#8220;1250px&#8220; custom_padding=&#8220;100px|140px|100px|140px|true|true&#8220; custom_padding_tablet=&#8220;80px|35px|80px|35px|true|true&#8220; custom_padding_phone=&#8220;|10px||10px|true|true&#8220; width__hover_enabled=&#8220;off|hover&#8220;][et_pb_column type=&#8220;4_4&#8243; _builder_version=&#8220;4.4.3&#8243;][et_pb_text _builder_version=&#8220;4.5.1&#8243; text_line_height=&#8220;28px&#8220; width_tablet=&#8220;87%&#8220; width_phone=&#8220;83%&#8220; width_last_edited=&#8220;on|tablet&#8220; module_alignment=&#8220;left&#8220; custom_margin=&#8220;0px||55px||false|false&#8220; hover_enabled=&#8220;0&#8243; text_font_size_tablet=&#8220;17px&#8220; text_font_size_phone=&#8220;17px&#8220; text_font_size_last_edited=&#8220;on|tablet&#8220; text_orientation_tablet=&#8220;center&#8220; text_orientation_phone=&#8220;&#8220; text_orientation_last_edited=&#8220;on|tablet&#8220; module_alignment_tablet=&#8220;center&#8220; module_alignment_phone=&#8220;&#8220; module_alignment_last_edited=&#8220;on|tablet&#8220; locked=&#8220;off&#8220;]<\/p>\n<p>In unseren Apartments in Villach profitieren Sie von einer modernen Unterkunft, zentral in der Stadt, aber doch ruhig gelegen. Sie haben alle Annehmlichkeiten eines Hotels verbunden mit der Freiheit und Flexibilit\u00e4t einer Ferienwohnung.<\/p>\n<p>Es bleibt Ihnen \u00fcberlassen, ob Sie nur f\u00fcr ein Wochenende \u00fcbernachten oder gleich einen ganzen Monat in unseren stilvollen Apartments verbringen. Wir bieten f\u00fcr Businessreisende, Familien, Weltenbummler und St\u00e4dteurlauber die passende Unterkunft mit <a href=\"https:\/\/www.apartments-villach.at\/ausstattung\/\" target=\"_blank\" rel=\"noopener noreferrer\">allen Essentials und Annehmlichkeiten<\/a>, die Sie ben\u00f6tigen.<\/p>\n<p>[\/et_pb_text][\/et_pb_column][\/et_pb_row][\/et_pb_section][et_pb_section fb_built=&#8220;1&#8243; _builder_version=&#8220;4.7.7&#8243; _module_preset=&#8220;default&#8220;][et_pb_row _builder_version=&#8220;4.7.7&#8243; _module_preset=&#8220;default&#8220;][et_pb_column type=&#8220;4_4&#8243; _builder_version=&#8220;4.7.7&#8243; _module_preset=&#8220;default&#8220;][et_pb_text _builder_version=&#8220;4.5.1&#8243; _module_preset=&#8220;default&#8220;]<\/p>\n<h2>Ihre Unterkunft zum Entspannen und Erholen\u00a0<\/h2>\n<p>[\/et_pb_text][et_pb_text _builder_version=&#8220;4.5.1&#8243; _module_preset=&#8220;default&#8220; hover_enabled=&#8220;0&#8243;]<\/p>\n<p>Ihr Ferienapartment in Villach ist die perfekte Privatunterkunft f\u00fcr Ihre individuellen Bed\u00fcrfnisse. Das Aparthotel ist zentral gelegen und sowohl mit den \u00f6ffentlichen Verkehrsmitteln als auch mit dem Auto optimal erreichbar. Von den Apartments aus gelangen Sie zu etlichen kulturellen Sehensw\u00fcrdigkeiten, Restaurants und Shops.<\/p>\n<p>In unseren Apartments genie\u00dfen Sie Ihre Privatsph\u00e4re in stilsicherem Ambiente. Durch die mit viel Liebe zum Detail eingerichtete Unterkunft k\u00f6nnen Sie sich ganz wie zu Hause f\u00fchlen. Unser kontaktloses Check-in und Check-out erm\u00f6glicht Ihnen dar\u00fcber hinaus maximale Flexibilit\u00e4t bei Ihrer <a href=\"https:\/\/www.apartments-villach.at\/lage-anreise\/\" target=\"_blank\" rel=\"noopener noreferrer\">An- und Abreise<\/a>. F\u00fcr Fragen steht Ihnen jederzeit unser Rezeptionspersonal zu den vorgegebenen Rezeptionszeiten zur Verf\u00fcgung. Ausflugtipps, diensthabende \u00c4rzte und Apotheken finden Sie in unserer G\u00e4stemappe.<\/p>\n<p>[\/et_pb_text][\/et_pb_column][\/et_pb_row][et_pb_row column_structure=&#8220;1_2,1_2&#8243; _builder_version=&#8220;4.7.7&#8243; _module_preset=&#8220;default&#8220;][et_pb_column type=&#8220;1_2&#8243; _builder_version=&#8220;4.7.7&#8243; _module_preset=&#8220;default&#8220;][et_pb_text _builder_version=&#8220;4.5.1&#8243; _module_preset=&#8220;default&#8220;]<\/p>\n<h3>Business-Apartment zum Wohlf\u00fchlen\u00a0<\/h3>\n<p>[\/et_pb_text][et_pb_text _builder_version=&#8220;4.5.1&#8243; _module_preset=&#8220;default&#8220;]<\/p>\n<p>\u00a0Sollten Sie auf Gesch\u00e4ftsreise in Villach sein und eine Unterkunft ben\u00f6tigen, sind Sie bei \u201eApart of me\u201c genau richtig. Unsere modern und funktional eingerichteten Business-Apartments sind speziell auf die Bed\u00fcrfnisse von Gesch\u00e4ftsreisenden abgestimmt und bieten Ihnen zudem den h\u00f6chsten Komfort.<\/p>\n<p>Ausreichend Steckdosen, High-Speed-WLAN, Arbeitsplatzgelegenheiten und gen\u00fcgend Ablagefl\u00e4chen machen Ihr Apartment zu einem modernen Home-Office auf Zeit. Hier k\u00f6nnen Sie ungest\u00f6rt arbeiten und zeitgleich nach einem langen Arbeitstag entspannen und Ihre Batterien wieder aufladen.<\/p>\n<p>[\/et_pb_text][\/et_pb_column][et_pb_column type=&#8220;1_2&#8243; _builder_version=&#8220;4.7.7&#8243; _module_preset=&#8220;default&#8220;][et_pb_image src=&#8220;https:\/\/www.apartments-villach.at\/wp-content\/uploads\/2020\/05\/Apartments-Villach-Business-Apartments-villa6.jpg&#8220; alt=&#8220;Ein Koffer liegt auf der Bank im Business Apartment&#8220; title_text=&#8220;Apartments-Villach-Business-Apartments-villa6&#8243; _builder_version=&#8220;4.5.1&#8243; _module_preset=&#8220;default&#8220;][\/et_pb_image][\/et_pb_column][\/et_pb_row][et_pb_row _builder_version=&#8220;4.7.7&#8243; _module_preset=&#8220;default&#8220;][et_pb_column type=&#8220;4_4&#8243; _builder_version=&#8220;4.7.7&#8243; _module_preset=&#8220;default&#8220;][et_pb_text _builder_version=&#8220;4.5.1&#8243; _module_preset=&#8220;default&#8220;]<\/p>\n<h3>Kurzaufenthalt mit besonderem Komfort<\/h3>\n<p>[\/et_pb_text][et_pb_text _builder_version=&#8220;4.5.1&#8243; _module_preset=&#8220;default&#8220; hover_enabled=&#8220;0&#8243;]<\/p>\n<p>Ein Familientreffen, ein <a href=\"https:\/\/www.ccv.at\/?LNG=de\" target=\"_blank\" rel=\"noopener noreferrer\">Kongress oder eine Veranstaltung<\/a> verschl\u00e4gt Sie in die Draustadt? Buchen Sie Ihr Traumapartment und genie\u00dfen Sie exklusiven Komfort kombiniert mit modernem Design und dem Gef\u00fchl von Unabh\u00e4ngigkeit.<\/p>\n<p>In unserem Apartmenthaus haben Sie volle Flexibilit\u00e4t. Sie k\u00f6nnen Ihren Kaffee auf der gem\u00fctlichen Couch vor dem Flat-Screen-TV genie\u00dfen oder ein nahegelegenes Caf\u00e9 besuchen. Sie haben die M\u00f6glichkeit, sich selbst ein leckeres Essen in der voll ausgestatteten Apartmentk\u00fcche zu zaubern oder eines der beliebten Villacher Restaurants zu testen. Ganz wie Sie m\u00f6chten!<\/p>\n<p>[\/et_pb_text][\/et_pb_column][\/et_pb_row][et_pb_row _builder_version=&#8220;4.7.7&#8243; _module_preset=&#8220;default&#8220;][et_pb_column type=&#8220;4_4&#8243; _builder_version=&#8220;4.7.7&#8243; _module_preset=&#8220;default&#8220;][et_pb_text _builder_version=&#8220;4.5.1&#8243; _module_preset=&#8220;default&#8220;]<\/p>\n<h3>Longstay in Villach<\/h3>\n<p>[\/et_pb_text][et_pb_text _builder_version=&#8220;4.5.1&#8243; _module_preset=&#8220;default&#8220; hover_enabled=&#8220;0&#8243;]<\/p>\n<p>Manchmal ben\u00f6tigt man ein Apartment f\u00fcr einen l\u00e4ngeren Zeitraum. Egal ob Ihr Aufenthalt privater Natur ist oder Sie beruflich eine Weile in Villach Ihre Zelte aufschlagen \u2013 wir haben das passende Apartment f\u00fcr Sie. Unsere Apartments sind mit allen notwendigen Annehmlichkeiten ausgestattet. Sie ben\u00f6tigen lediglich Ihre pers\u00f6nlichen Sachen und k\u00f6nnen sofort einziehen.<\/p>\n<p>Ihr Langzeit-Apartment k\u00f6nnen Sie bequem <a href=\"https:\/\/www.apartments-villach.at\/lage-anreise\/\" target=\"_blank\" rel=\"noopener noreferrer\">online auf unserer Website oder telefonisch buchen.<\/a> Das Check-in und Check-out kann je nach Wunsch kontaktlos oder an unserer Rezeption erfolgen. F\u00fcr Fragen zu Ihrem Aufenthalt oder f\u00fcr Ausflugtipps steht Ihnen unser Personal gerne zur Verf\u00fcgung. Zudem haben Sie die M\u00f6glichkeit, vorab einen Tiefgaragenparkplatz zu reservieren. Auch das Aufladen Ihres Elektroautos ist unkompliziert m\u00f6glich.<\/p>\n<p>[\/et_pb_text][\/et_pb_column][\/et_pb_row][\/et_pb_section][et_pb_section fb_built=&#8220;1&#8243; _builder_version=&#8220;4.4.3&#8243; custom_padding=&#8220;0px||4px|||&#8220;][et_pb_row custom_padding_last_edited=&#8220;on|phone&#8220; _builder_version=&#8220;4.4.3&#8243; background_color=&#8220;#d5d7d4&#8243; width=&#8220;100%&#8220; width_tablet=&#8220;95%&#8220; width_phone=&#8220;&#8220; width_last_edited=&#8220;on|tablet&#8220; max_width=&#8220;1250px&#8220; custom_padding=&#8220;100px|140px|100px|140px|true|true&#8220; custom_padding_tablet=&#8220;80px|35px|80px|35px|true|true&#8220; custom_padding_phone=&#8220;|10px||10px|true|true&#8220; width__hover_enabled=&#8220;off|hover&#8220;][et_pb_column type=&#8220;4_4&#8243; _builder_version=&#8220;4.4.3&#8243;][et_pb_text _builder_version=&#8220;4.5.1&#8243; text_line_height=&#8220;28px&#8220; width_tablet=&#8220;87%&#8220; width_phone=&#8220;83%&#8220; width_last_edited=&#8220;on|tablet&#8220; module_alignment=&#8220;left&#8220; custom_margin=&#8220;0px||55px||false|false&#8220; hover_enabled=&#8220;0&#8243; text_font_size_tablet=&#8220;17px&#8220; text_font_size_phone=&#8220;17px&#8220; text_font_size_last_edited=&#8220;on|tablet&#8220; text_orientation_tablet=&#8220;center&#8220; text_orientation_phone=&#8220;&#8220; text_orientation_last_edited=&#8220;on|tablet&#8220; module_alignment_tablet=&#8220;center&#8220; module_alignment_phone=&#8220;&#8220; module_alignment_last_edited=&#8220;on|tablet&#8220; locked=&#8220;off&#8220;]<\/p>\n<p>Sie ben\u00f6tigen ein Apartment f\u00fcr einen Kurztrip oder einen Langzeitaufenthalt in Villach? <a href=\"https:\/\/www.apartments-villach.at\/buchen\/\" target=\"_blank\" rel=\"noopener noreferrer\">Checken Sie noch heute in Ihrem Apartment Villach ein.<\/a><\/p>\n<p>[\/et_pb_text][\/et_pb_column][\/et_pb_row][\/et_pb_section][et_pb_section fb_built=&#8220;1&#8243; _builder_version=&#8220;4.4.3&#8243; background_color=&#8220;#d5d7d4&#8243; custom_margin=&#8220;100px|||||&#8220; custom_padding=&#8220;||||false|false&#8220; border_width_top=&#8220;1px&#8220; global_module=&#8220;1486&#8243; collapsed=&#8220;on&#8220;][et_pb_row module_class=&#8220;wa-footer-newsletter-section&#8220; _builder_version=&#8220;4.5.1&#8243; background_size=&#8220;initial&#8220; background_position=&#8220;top_left&#8220; background_repeat=&#8220;repeat&#8220; module_alignment=&#8220;center&#8220;][et_pb_column type=&#8220;4_4&#8243; _builder_version=&#8220;4.4.3&#8243;][et_pb_text _builder_version=&#8220;4.4.3&#8243; text_font=&#8220;|||on|||||&#8220; text_text_color=&#8220;#000000&#8243; text_font_size=&#8220;13px&#8220; text_letter_spacing=&#8220;1.86px&#8220; text_line_height=&#8220;19px&#8220; header_text_color=&#8220;#000000&#8243; header_font_size=&#8220;50px&#8220; header_2_font=&#8220;|700|||||||&#8220; header_2_text_color=&#8220;#000000&#8243; header_2_font_size=&#8220;50px&#8220;]<\/p>\n<h2>Newsletter<\/h2>\n<p>MELDE DICH BEI UNSEREM NEWSLETTER AN UM IMMER \u00dcBER AKTUELLE NEWS UND ANGEBOTE INFORMIERT ZU BLEIBEN<\/p>\n<p>[\/et_pb_text][et_pb_code _builder_version=&#8220;4.4.3&#8243;]<script id=\"n2g_script\">!function(e,t,n,c,r,a,i){e.Newsletter2GoTrackingObject=r,e[r]=e[r]||function(){(e[r].q=e[r].q||[]).push(arguments)},e[r].l=1*new Date,a=t.createElement(n),i=t.getElementsByTagName(n)[0],a.async=1,a.src=c,i.parentNode.insertBefore(a,i)}(window,document,\"script\",\"https:\/\/static.newsletter2go.com\/utils.js\",\"n2g\");var config = {\"container\": {\"type\": \"div\",\"class\": \"\",\"style\": \"\"},\"row\": {\"type\": \"div\",\"class\": \"\",\"style\": \"margin-top: 15px;\"},\"columnLeft\": {\"type\": \"div\",\"class\": \"\",\"style\": \"\"},\"columnRight\": {\"type\": \"div\",\"class\": \"\",\"style\": \"\"},\"label\": {\"type\": \"label\",\"class\": \"\",\"style\": \"\"}};n2g('create', 'ut1m3fer-k96mt4nb-igs');n2g('subscribe:createForm', config);<\/script>[\/et_pb_code][\/et_pb_column][\/et_pb_row][\/et_pb_section]<\/p>\n","protected":false},"excerpt":{"rendered":"<p>Unabh\u00e4ngigkeit &amp; LuxusIhr Apartment Villach kombiniert Freiheit und Komfort\u00a0In unseren Apartments in Villach profitieren Sie von einer modernen Unterkunft, zentral in der Stadt, aber doch ruhig gelegen. Sie haben alle Annehmlichkeiten eines Hotels verbunden mit der Freiheit und Flexibilit\u00e4t einer Ferienwohnung. Es bleibt Ihnen \u00fcberlassen, ob Sie nur f\u00fcr ein Wochenende \u00fcbernachten oder gleich einen [&hellip;]<\/p>\n","protected":false},"author":1,"featured_media":0,"parent":0,"menu_order":0,"comment_status":"closed","ping_status":"closed","template":"","meta":{"_et_pb_use_builder":"on","_et_pb_old_content":"","_et_gb_content_width":"","footnotes":""},"class_list":["post-5117","page","type-page","status-publish","hentry"],"yoast_head":"<!-- This site is optimized with the Yoast SEO plugin v27.3 - https:\/\/yoast.com\/product\/yoast-seo-wordpress\/ -->\n<title>Ihr Apartment Villach \u2013 flexibel, stilvoll und unabh\u00e4ngig<\/title>\n<meta name=\"description\" content=\"Ihr Apartment Villach ist exakt das, was Sie suchen. Egal ob Ferienwohnung oder Business-Apartment, ob Kurztrip oder Langzeitaufenthalt.\" \/>\n<meta name=\"robots\" content=\"index, follow, max-snippet:-1, max-image-preview:large, max-video-preview:-1\" \/>\n<link rel=\"canonical\" href=\"https:\/\/www.apartments-villach.at\/it\/freiheit-und-flexibilitaet\/\" \/>\n<meta property=\"og:locale\" content=\"it_IT\" \/>\n<meta property=\"og:type\" content=\"article\" \/>\n<meta property=\"og:title\" content=\"Ihr Apartment Villach \u2013 flexibel, stilvoll und unabh\u00e4ngig\" \/>\n<meta property=\"og:description\" content=\"Ihr Apartment Villach ist exakt das, was Sie suchen. Egal ob Ferienwohnung oder Business-Apartment, ob Kurztrip oder Langzeitaufenthalt.\" \/>\n<meta property=\"og:url\" content=\"https:\/\/www.apartments-villach.at\/it\/freiheit-und-flexibilitaet\/\" \/>\n<meta property=\"og:site_name\" content=\"Apartments Villach - Apart of me Villach\" \/>\n<meta property=\"article:modified_time\" content=\"2022-07-07T11:50:55+00:00\" \/>\n<meta name=\"twitter:card\" content=\"summary_large_image\" \/>\n<meta name=\"twitter:label1\" content=\"Est. reading time\" \/>\n\t<meta name=\"twitter:data1\" content=\"8 minutes\" \/>\n<script type=\"application\/ld+json\" class=\"yoast-schema-graph\">{\"@context\":\"https:\\\/\\\/schema.org\",\"@graph\":[{\"@type\":\"WebPage\",\"@id\":\"https:\\\/\\\/www.apartments-villach.at\\\/it\\\/freiheit-und-flexibilitaet\\\/\",\"url\":\"https:\\\/\\\/www.apartments-villach.at\\\/it\\\/freiheit-und-flexibilitaet\\\/\",\"name\":\"Ihr Apartment Villach \u2013 flexibel, stilvoll und unabh\u00e4ngig\",\"isPartOf\":{\"@id\":\"https:\\\/\\\/www.apartments-villach.at\\\/en\\\/#website\"},\"datePublished\":\"2022-06-14T06:57:37+00:00\",\"dateModified\":\"2022-07-07T11:50:55+00:00\",\"description\":\"Ihr Apartment Villach ist exakt das, was Sie suchen. Egal ob Ferienwohnung oder Business-Apartment, ob Kurztrip oder Langzeitaufenthalt.\",\"breadcrumb\":{\"@id\":\"https:\\\/\\\/www.apartments-villach.at\\\/it\\\/freiheit-und-flexibilitaet\\\/#breadcrumb\"},\"inLanguage\":\"it-IT\",\"potentialAction\":[{\"@type\":\"ReadAction\",\"target\":[\"https:\\\/\\\/www.apartments-villach.at\\\/it\\\/freiheit-und-flexibilitaet\\\/\"]}]},{\"@type\":\"BreadcrumbList\",\"@id\":\"https:\\\/\\\/www.apartments-villach.at\\\/it\\\/freiheit-und-flexibilitaet\\\/#breadcrumb\",\"itemListElement\":[{\"@type\":\"ListItem\",\"position\":1,\"name\":\"Startseite\",\"item\":\"https:\\\/\\\/www.apartments-villach.at\\\/en\\\/\"},{\"@type\":\"ListItem\",\"position\":2,\"name\":\"Freiheit und Flexibilit\u00e4t\"}]},{\"@type\":\"WebSite\",\"@id\":\"https:\\\/\\\/www.apartments-villach.at\\\/en\\\/#website\",\"url\":\"https:\\\/\\\/www.apartments-villach.at\\\/en\\\/\",\"name\":\"Apartments Villach - Apart of me Villach\",\"description\":\"Ihre Wohlf\u00fchloase in Villach\",\"publisher\":{\"@id\":\"https:\\\/\\\/www.apartments-villach.at\\\/en\\\/#organization\"},\"potentialAction\":[{\"@type\":\"SearchAction\",\"target\":{\"@type\":\"EntryPoint\",\"urlTemplate\":\"https:\\\/\\\/www.apartments-villach.at\\\/en\\\/?s={search_term_string}\"},\"query-input\":{\"@type\":\"PropertyValueSpecification\",\"valueRequired\":true,\"valueName\":\"search_term_string\"}}],\"inLanguage\":\"it-IT\"},{\"@type\":\"Organization\",\"@id\":\"https:\\\/\\\/www.apartments-villach.at\\\/en\\\/#organization\",\"name\":\"Apartments Villach\",\"url\":\"https:\\\/\\\/www.apartments-villach.at\\\/en\\\/\",\"logo\":{\"@type\":\"ImageObject\",\"inLanguage\":\"it-IT\",\"@id\":\"https:\\\/\\\/www.apartments-villach.at\\\/en\\\/#\\\/schema\\\/logo\\\/image\\\/\",\"url\":\"\",\"contentUrl\":\"\",\"caption\":\"Apartments Villach\"},\"image\":{\"@id\":\"https:\\\/\\\/www.apartments-villach.at\\\/en\\\/#\\\/schema\\\/logo\\\/image\\\/\"}}]}<\/script>\n<!-- \/ Yoast SEO plugin. -->","yoast_head_json":{"title":"Ihr Apartment Villach \u2013 flexibel, stilvoll und unabh\u00e4ngig","description":"Ihr Apartment Villach ist exakt das, was Sie suchen. Egal ob Ferienwohnung oder Business-Apartment, ob Kurztrip oder Langzeitaufenthalt.","robots":{"index":"index","follow":"follow","max-snippet":"max-snippet:-1","max-image-preview":"max-image-preview:large","max-video-preview":"max-video-preview:-1"},"canonical":"https:\/\/www.apartments-villach.at\/it\/freiheit-und-flexibilitaet\/","og_locale":"it_IT","og_type":"article","og_title":"Ihr Apartment Villach \u2013 flexibel, stilvoll und unabh\u00e4ngig","og_description":"Ihr Apartment Villach ist exakt das, was Sie suchen. Egal ob Ferienwohnung oder Business-Apartment, ob Kurztrip oder Langzeitaufenthalt.","og_url":"https:\/\/www.apartments-villach.at\/it\/freiheit-und-flexibilitaet\/","og_site_name":"Apartments Villach - Apart of me Villach","article_modified_time":"2022-07-07T11:50:55+00:00","twitter_card":"summary_large_image","twitter_misc":{"Est. reading time":"8 minutes"},"schema":{"@context":"https:\/\/schema.org","@graph":[{"@type":"WebPage","@id":"https:\/\/www.apartments-villach.at\/it\/freiheit-und-flexibilitaet\/","url":"https:\/\/www.apartments-villach.at\/it\/freiheit-und-flexibilitaet\/","name":"Ihr Apartment Villach \u2013 flexibel, stilvoll und unabh\u00e4ngig","isPartOf":{"@id":"https:\/\/www.apartments-villach.at\/en\/#website"},"datePublished":"2022-06-14T06:57:37+00:00","dateModified":"2022-07-07T11:50:55+00:00","description":"Ihr Apartment Villach ist exakt das, was Sie suchen. Egal ob Ferienwohnung oder Business-Apartment, ob Kurztrip oder Langzeitaufenthalt.","breadcrumb":{"@id":"https:\/\/www.apartments-villach.at\/it\/freiheit-und-flexibilitaet\/#breadcrumb"},"inLanguage":"it-IT","potentialAction":[{"@type":"ReadAction","target":["https:\/\/www.apartments-villach.at\/it\/freiheit-und-flexibilitaet\/"]}]},{"@type":"BreadcrumbList","@id":"https:\/\/www.apartments-villach.at\/it\/freiheit-und-flexibilitaet\/#breadcrumb","itemListElement":[{"@type":"ListItem","position":1,"name":"Startseite","item":"https:\/\/www.apartments-villach.at\/en\/"},{"@type":"ListItem","position":2,"name":"Freiheit und Flexibilit\u00e4t"}]},{"@type":"WebSite","@id":"https:\/\/www.apartments-villach.at\/en\/#website","url":"https:\/\/www.apartments-villach.at\/en\/","name":"Appartamenti Villach - Apart of me Villach","description":"La vostra oasi di benessere a Villach","publisher":{"@id":"https:\/\/www.apartments-villach.at\/en\/#organization"},"potentialAction":[{"@type":"SearchAction","target":{"@type":"EntryPoint","urlTemplate":"https:\/\/www.apartments-villach.at\/en\/?s={search_term_string}"},"query-input":{"@type":"PropertyValueSpecification","valueRequired":true,"valueName":"search_term_string"}}],"inLanguage":"it-IT"},{"@type":"Organization","@id":"https:\/\/www.apartments-villach.at\/en\/#organization","name":"Appartamenti Villach","url":"https:\/\/www.apartments-villach.at\/en\/","logo":{"@type":"ImageObject","inLanguage":"it-IT","@id":"https:\/\/www.apartments-villach.at\/en\/#\/schema\/logo\/image\/","url":"","contentUrl":"","caption":"Apartments Villach"},"image":{"@id":"https:\/\/www.apartments-villach.at\/en\/#\/schema\/logo\/image\/"}}]}},"_links":{"self":[{"href":"http:\/\/www.apartments-villach.at\/it\/wp-json\/wp\/v2\/pages\/5117","targetHints":{"allow":["GET"]}}],"collection":[{"href":"http:\/\/www.apartments-villach.at\/it\/wp-json\/wp\/v2\/pages"}],"about":[{"href":"http:\/\/www.apartments-villach.at\/it\/wp-json\/wp\/v2\/types\/page"}],"author":[{"embeddable":true,"href":"http:\/\/www.apartments-villach.at\/it\/wp-json\/wp\/v2\/users\/1"}],"replies":[{"embeddable":true,"href":"http:\/\/www.apartments-villach.at\/it\/wp-json\/wp\/v2\/comments?post=5117"}],"version-history":[{"count":16,"href":"http:\/\/www.apartments-villach.at\/it\/wp-json\/wp\/v2\/pages\/5117\/revisions"}],"predecessor-version":[{"id":5254,"href":"http:\/\/www.apartments-villach.at\/it\/wp-json\/wp\/v2\/pages\/5117\/revisions\/5254"}],"wp:attachment":[{"href":"http:\/\/www.apartments-villach.at\/it\/wp-json\/wp\/v2\/media?parent=5117"}],"curies":[{"name":"wp","href":"https:\/\/api.w.org\/{rel}","templated":true}]}}