{"id":5097,"date":"2022-06-09T11:36:12","date_gmt":"2022-06-09T09:36:12","guid":{"rendered":"https:\/\/www.apartments-villach.at\/?page_id=5097"},"modified":"2022-07-07T11:05:13","modified_gmt":"2022-07-07T09:05:13","slug":"restaurants-in-villach","status":"publish","type":"page","link":"http:\/\/www.apartments-villach.at\/it\/restaurants-in-villach\/","title":{"rendered":"Ristoranti a Villach"},"content":{"rendered":"<p>[et_pb_section fb_built=&#8220;1&#8243; _builder_version=&#8220;4.4.3&#8243; max_width=&#8220;1440px&#8220; module_alignment=&#8220;center&#8220; custom_margin=&#8220;0px||||false|false&#8220; custom_padding=&#8220;0px||||false|false&#8220; locked=&#8220;off&#8220;][et_pb_row column_structure=&#8220;1_2,1_2&#8243; make_equal=&#8220;on&#8220; custom_padding_last_edited=&#8220;on|tablet&#8220; module_class=&#8220; wa-vertical-center-section wa-subpages-hero-section&#8220; _builder_version=&#8220;4.4.3&#8243; width=&#8220;100%&#8220; width_tablet=&#8220;100%&#8220; width_phone=&#8220;&#8220; width_last_edited=&#8220;on|phone&#8220; custom_padding=&#8220;80px||||false|false&#8220; custom_padding_tablet=&#8220;||0px||false|false&#8220; custom_padding_phone=&#8220;&#8220; custom_css_before_last_edited=&#8220;on|desktop&#8220;][et_pb_column type=&#8220;1_2&#8243; _builder_version=&#8220;4.4.3&#8243; animation_style=&#8220;slide&#8220; animation_direction=&#8220;left&#8220; animation_duration=&#8220;1500ms&#8220;][et_pb_image src=&#8220;https:\/\/www.apartments-villach.at\/wp-content\/uploads\/2020\/06\/kulinarische-gaumenfreuden.jpg&#8220; alt=&#8220;Ein Mensch tippt am Handy etwas ein.&#8220; title_text=&#8220;kulinarische-gaumenfreuden&#8220; align=&#8220;center&#8220; align_tablet=&#8220;&#8220; align_phone=&#8220;&#8220; align_last_edited=&#8220;on|tablet&#8220; _builder_version=&#8220;4.5.1&#8243;][\/et_pb_image][\/et_pb_column][et_pb_column type=&#8220;1_2&#8243; _builder_version=&#8220;4.4.3&#8243; custom_padding=&#8220;||||false|false&#8220; custom_padding_tablet=&#8220;|||0px|false|false&#8220; custom_padding_phone=&#8220;&#8220; custom_padding_last_edited=&#8220;on|tablet&#8220; animation_style=&#8220;slide&#8220; animation_direction=&#8220;right&#8220; animation_duration=&#8220;1500ms&#8220;][et_pb_text module_class=&#8220;wa-simplonMono&#8220; _builder_version=&#8220;4.5.1&#8243; text_font=&#8220;|700||on|||||&#8220; text_font_size=&#8220;13px&#8220; text_letter_spacing=&#8220;3.6px&#8220; text_line_height=&#8220;25px&#8220; text_orientation=&#8220;center&#8220; custom_margin=&#8220;||7px|||&#8220; text_orientation_tablet=&#8220;center&#8220; text_orientation_phone=&#8220;&#8220; text_orientation_last_edited=&#8220;on|tablet&#8220; locked=&#8220;off&#8220;]<\/p>\n<p>Kulinarik<\/p>\n<p>[\/et_pb_text][et_pb_text module_class=&#8220;wa-simplonMono&#8220; _builder_version=&#8220;4.5.1&#8243; text_font=&#8220;|700||on|||||&#8220; text_font_size=&#8220;18px&#8220; text_line_height=&#8220;25px&#8220; header_font=&#8220;|700|||||||&#8220; header_text_align=&#8220;center&#8220; header_font_size=&#8220;50px&#8220; header_line_height=&#8220;65px&#8220; header_3_font=&#8220;|700|||||||&#8220; header_3_text_align=&#8220;left&#8220; header_3_font_size=&#8220;50px&#8220; header_3_line_height=&#8220;65px&#8220; width=&#8220;100%&#8220; width_tablet=&#8220;100%&#8220; width_phone=&#8220;&#8220; width_last_edited=&#8220;on|tablet&#8220; custom_margin=&#8220;||1px|||&#8220; header_text_align_tablet=&#8220;center&#8220; header_text_align_phone=&#8220;&#8220; header_text_align_last_edited=&#8220;on|tablet&#8220; header_font_size_tablet=&#8220;40px&#8220; header_font_size_phone=&#8220;40px&#8220; header_font_size_last_edited=&#8220;on|phone&#8220; header_3_text_align_tablet=&#8220;center&#8220; header_3_text_align_phone=&#8220;&#8220; header_3_text_align_last_edited=&#8220;on|tablet&#8220; header_3_font_size_tablet=&#8220;40px&#8220; header_3_font_size_phone=&#8220;40px&#8220; header_3_font_size_last_edited=&#8220;on|phone&#8220; text_orientation_tablet=&#8220;&#8220; text_orientation_phone=&#8220;&#8220; text_orientation_last_edited=&#8220;on|desktop&#8220; locked=&#8220;off&#8220;]<\/p>\n<h1>Restaurants in Villach &#8211; unsere Empfehlung<\/h1>\n<p>[\/et_pb_text][\/et_pb_column][\/et_pb_row][\/et_pb_section][et_pb_section fb_built=&#8220;1&#8243; _builder_version=&#8220;4.4.3&#8243; custom_padding=&#8220;0px||4px|||&#8220;][et_pb_row custom_padding_last_edited=&#8220;on|phone&#8220; _builder_version=&#8220;4.7.7&#8243; background_color=&#8220;#d5d7d4&#8243; width=&#8220;100%&#8220; width_tablet=&#8220;95%&#8220; width_phone=&#8220;&#8220; width_last_edited=&#8220;on|tablet&#8220; max_width=&#8220;1250px&#8220; custom_padding=&#8220;100px|140px|100px|140px|true|true&#8220; custom_padding_tablet=&#8220;80px|35px|80px|35px|true|true&#8220; custom_padding_phone=&#8220;|10px||10px|true|true&#8220; width__hover_enabled=&#8220;off|hover&#8220;][et_pb_column type=&#8220;4_4&#8243; _builder_version=&#8220;4.4.3&#8243;][et_pb_text _builder_version=&#8220;4.5.1&#8243; text_line_height=&#8220;28px&#8220; width_tablet=&#8220;87%&#8220; width_phone=&#8220;83%&#8220; width_last_edited=&#8220;on|tablet&#8220; module_alignment=&#8220;left&#8220; custom_margin=&#8220;0px||55px||false|false&#8220; text_font_size_tablet=&#8220;17px&#8220; text_font_size_phone=&#8220;17px&#8220; text_font_size_last_edited=&#8220;on|tablet&#8220; text_orientation_tablet=&#8220;center&#8220; text_orientation_phone=&#8220;&#8220; text_orientation_last_edited=&#8220;on|tablet&#8220; module_alignment_tablet=&#8220;center&#8220; module_alignment_phone=&#8220;&#8220; module_alignment_last_edited=&#8220;on|tablet&#8220; locked=&#8220;off&#8220;]<\/p>\n<p>Villach hat kulinarisch einiges zu bieten. Das Angebot reicht von hippen Bars \u00fcber regionale M\u00e4rkte bis hin zu exklusiven Restaurants. Flanieren Sie in gem\u00fctliche Caf\u00e9s, schlemmen Sie sich in heimeligen Gasth\u00e4usern durch die traditionelle K\u00e4rntner K\u00fcche oder schl\u00fcrfen Sie exotische Cocktails entlang der Drau. F\u00fcr Feinschmecker l\u00e4sst Villach keine W\u00fcnsche offen.<\/p>\n<p>Ausgangspunkt der Genussreise ist Ihr <a href=\"https:\/\/www.apartments-villach.at\/apartments-villach\/\" target=\"_blank\" rel=\"noopener noreferrer\">exklusives Apartment<\/a> im Zentrum von Villach. Von hier aus haben Sie die M\u00f6glichkeit, in die unz\u00e4hligen umliegenden Caf\u00e9s, Restaurants oder Gasth\u00e4user gem\u00fctlich zu Fu\u00df einzukehren.\u00a0 Hobbyk\u00f6che finden in der N\u00e4he eine gro\u00dfe Auswahl an Super- oder Biom\u00e4rkten, die ebenfalls ohne Auto einfach und schnell zu erreichen sind.<\/p>\n<p>[\/et_pb_text][\/et_pb_column][\/et_pb_row][\/et_pb_section][et_pb_section fb_built=&#8220;1&#8243; _builder_version=&#8220;4.7.7&#8243; _module_preset=&#8220;default&#8220;][et_pb_row _builder_version=&#8220;4.7.7&#8243; _module_preset=&#8220;default&#8220;][et_pb_column type=&#8220;4_4&#8243; _builder_version=&#8220;4.7.7&#8243; _module_preset=&#8220;default&#8220;][et_pb_text _builder_version=&#8220;4.5.1&#8243; _module_preset=&#8220;default&#8220;]<\/p>\n<h2>Kulinarische Angebote in Villach<\/h2>\n<p>[\/et_pb_text][et_pb_text _builder_version=&#8220;4.5.1&#8243; _module_preset=&#8220;default&#8220;]<\/p>\n<p>Frisches Geb\u00e4ck von einer Villacher B\u00e4ckerei, regionale Schmankerl vom Villacher Wochenmarkt, leckere Bioprodukte von den umliegenden Bauern oder einfach ein Einkauf bei einem der vielen Superm\u00e4rkte in der N\u00e4he \u2013 Selbstversorger haben die Qual der Wahl. Unsere G\u00e4ste finden in den voll ausgestatteten Apartments alles, was sie zum Kochen ben\u00f6tigen. Von T\u00f6pfen und Pfannen \u00fcber Backpapier und K\u00fcchenrolle bis hin zu Salz und Pfeffer ist alles Notwendige dabei.<\/p>\n<p>Ausw\u00e4rtsesser k\u00f6nnen sich in der Villacher Innenstadt kulinarisch verw\u00f6hnen lassen. Egal ob Sie lieber in ein Fast-Food-Restaurant gehen, ein traditionelles Gasthaus besuchen oder bei einem Lieferservice ordern: Die Kulinarik in Villach bietet alles, was Ihr Herz begehrt, und wird Sie begeistern.<\/p>\n<p>[\/et_pb_text][\/et_pb_column][\/et_pb_row][et_pb_row column_structure=&#8220;1_2,1_2&#8243; _builder_version=&#8220;4.7.7&#8243; _module_preset=&#8220;default&#8220;][et_pb_column type=&#8220;1_2&#8243; _builder_version=&#8220;4.7.7&#8243; _module_preset=&#8220;default&#8220;][et_pb_text _builder_version=&#8220;4.5.1&#8243; _module_preset=&#8220;default&#8220;]<\/p>\n<h3>Regionale Bauernm\u00e4rkte<\/h3>\n<p>[\/et_pb_text][et_pb_text _builder_version=&#8220;4.5.1&#8243; _module_preset=&#8220;default&#8220;]<\/p>\n<p>Regionale K\u00f6stlichkeiten wie frisches Bauernbrot, Speck oder selbstgemachte K\u00e4rntner Kasnudeln finden Sie am <a href=\"https:\/\/www.biovillach.at\/\" target=\"_blank\" rel=\"noopener noreferrer\">Bio-Bauernmarkt<\/a> am Hans-Gasser-Platz. Dieser findet jeden Freitag zwischen 09:00 und 15:00 statt. Zudem gibt es zweimal w\u00f6chentlich, n\u00e4mlich mittwochs und samstags, am\u00a0Burgplatz an der Draul\u00e4nde\u00a0einen\u00a0gro\u00dfen Wochenmarkt mit Bioprodukten.<\/p>\n<p>Schlendern, Essen und Shoppen nach Lust und Laune k\u00f6nnen Sie auch am Faaker Bauernmarkt. Den beliebten Treffpunkt f\u00fcr Jung und Alt sollten Sie sich auf keinen Fall entgehen lassen! Zentral am Marktgel\u00e4nde der Ortschaft Faak am See gelegen, werden hier jeden Donnerstag von Mai bis September die vielen Marktst\u00e4nde von unz\u00e4hligen Urlaubern und Einheimischen besucht.<\/p>\n<p>[\/et_pb_text][\/et_pb_column][et_pb_column type=&#8220;1_2&#8243; _builder_version=&#8220;4.7.7&#8243; _module_preset=&#8220;default&#8220;][et_pb_image src=&#8220;https:\/\/www.apartments-villach.at\/wp-content\/uploads\/2020\/05\/Villacher-Kirchtag_Kaernten-Werbung_Franz-Gerdl.jpg&#8220; alt=&#8220;Ein Koffer liegt auf der Bank im Business Apartment&#8220; title_text=&#8220;Villacher-Kirchtag_Kaernten-Werbung_Franz-Gerdl&#8220; _builder_version=&#8220;4.5.1&#8243; _module_preset=&#8220;default&#8220;][\/et_pb_image][\/et_pb_column][\/et_pb_row][et_pb_row _builder_version=&#8220;4.7.7&#8243; _module_preset=&#8220;default&#8220;][et_pb_column type=&#8220;4_4&#8243; _builder_version=&#8220;4.7.7&#8243; _module_preset=&#8220;default&#8220;][et_pb_text _builder_version=&#8220;4.5.1&#8243; _module_preset=&#8220;default&#8220;]<\/p>\n<h3>Internationale K\u00fcche rund um Villach<\/h3>\n<p>[\/et_pb_text][et_pb_text _builder_version=&#8220;4.5.1&#8243; _module_preset=&#8220;default&#8220;]<\/p>\n<p>Durch unsere einzigartige geografische Lage erreichen Sie nach kurzer Fahrzeit Italien und Slowenien. Dort k\u00f6nnen Sie sich von den landestypischen Gerichten verzaubern lassen. Ob bei k\u00f6stlichem italienischen Prosciutto oder bei slowenischen Fischdelikatessen \u2013 wie auch immer Sie sich entscheiden, Sie werden auf jeden Fall kulinarisch um den Finger gewickelt!<\/p>\n<p>[\/et_pb_text][\/et_pb_column][\/et_pb_row][et_pb_row _builder_version=&#8220;4.7.7&#8243; _module_preset=&#8220;default&#8220;][et_pb_column type=&#8220;4_4&#8243; _builder_version=&#8220;4.7.7&#8243; _module_preset=&#8220;default&#8220;][et_pb_text _builder_version=&#8220;4.5.1&#8243; _module_preset=&#8220;default&#8220;]<\/p>\n<h3>Gasth\u00e4user in Villach<\/h3>\n<p>[\/et_pb_text][et_pb_text _builder_version=&#8220;4.5.1&#8243; _module_preset=&#8220;default&#8220;]<\/p>\n<p>Die Gasth\u00e4user in Villach und Umgebung verf\u00fcgen \u00fcber eine riesige Auswahl an \u00f6sterreichischen und K\u00e4rntner Gerichten. Vom saftigen Wiener Schnitzel \u00fcber deftige K\u00e4ssp\u00e4tzle bis hin zu den legend\u00e4ren K\u00e4rntner Kasnudeln kann sich das Angebot unserer regionalen K\u00fcche durchwegs sehen lassen.<\/p>\n<p>\u00a0Abgerundet wird der kulinarische Hochgenuss durch ein uriges Ambiente und herzliche Gastfreundschaft. Im Sommer k\u00f6nnen Sie Ihren Imbiss drau\u00dfen in den zahlreichen Gastg\u00e4rten oder direkt an einem der angrenzenden Seen genie\u00dfen.<\/p>\n<p>[\/et_pb_text][\/et_pb_column][\/et_pb_row][et_pb_row _builder_version=&#8220;4.7.7&#8243; _module_preset=&#8220;default&#8220;][et_pb_column type=&#8220;4_4&#8243; _builder_version=&#8220;4.7.7&#8243; _module_preset=&#8220;default&#8220;][et_pb_text _builder_version=&#8220;4.5.1&#8243; _module_preset=&#8220;default&#8220;]<\/p>\n<h3>Essen bestellen in Villach<\/h3>\n<p>[\/et_pb_text][et_pb_text _builder_version=&#8220;4.5.1&#8243; _module_preset=&#8220;default&#8220;]<\/p>\n<p>Nicht immer hat man Lust, schick essen zu gehen. Vor allem dann nicht, wenn das eigene Apartment so gem\u00fctlich und modern eingerichtet ist wie bei den <a href=\"https:\/\/www.apartments-villach.at\/apartments-villach\/\" target=\"_blank\" rel=\"noopener noreferrer\">\u201eApart of me\u201c-Apartments.<\/a> Sie k\u00f6nnen bequem von der Unterkunft aus Essen bestellen. Von Italienisch bis Chinesisch, von Mexikanisch bis \u00d6sterreichisch \u2013 die Auswahl ist gro\u00df.<\/p>\n<p>Machen Sie Ihr Apartment zu Ihrer Wohlf\u00fchloase und profitieren Sie von allen Annehmlichkeiten, die Ihr Zuhause auf Zeit zu bieten hat. Bestellen Sie bequem \u00fcber die g\u00e4ngigen Lieferservice-Anbieter wie <a href=\"https:\/\/www.mjam.net\/?ax=25121723009&amp;tx=aud-625516919462:kwd-15652326053&amp;ap=&amp;dv=c&amp;nt=g&amp;mt=e&amp;pm=20043&amp;pi=&amp;cr=544251228619&amp;fi=&amp;bc=7513&amp;gclid=CjwKCAjwiJqWBhBdEiwAtESPaJ2DH-HhYmzXWz1BTvv2vpjvdQ1DfsEwtPXsxjUWJ4zCPOKyvhToExoCK4QQAvD_BwE\" target=\"_blank\" rel=\"noopener noreferrer\">Mjam<\/a> oder <a href=\"https:\/\/www.lieferando.at\/?gclsrc=aw.ds&amp;gclid=CjwKCAjwiJqWBhBdEiwAtESPaGanBx9WPkyPM4RSRU5pTO0ca3ToDysPoJ02erRCFy9g0QUELB2gPRoCmmkQAvD_BwE\" target=\"_blank\" rel=\"noopener noreferrer\">Lieferando<\/a> und schon kurze Zeit sp\u00e4ter halten Sie Ihr Essen in den H\u00e4nden.<\/p>\n<p>[\/et_pb_text][\/et_pb_column][\/et_pb_row][\/et_pb_section][et_pb_section fb_built=&#8220;1&#8243; _builder_version=&#8220;4.4.3&#8243; custom_padding=&#8220;0px||4px|||&#8220;][et_pb_row custom_padding_last_edited=&#8220;on|phone&#8220; _builder_version=&#8220;4.4.3&#8243; background_color=&#8220;#d5d7d4&#8243; width=&#8220;100%&#8220; width_tablet=&#8220;95%&#8220; width_phone=&#8220;&#8220; width_last_edited=&#8220;on|tablet&#8220; max_width=&#8220;1250px&#8220; custom_padding=&#8220;100px|140px|100px|140px|true|true&#8220; custom_padding_tablet=&#8220;80px|35px|80px|35px|true|true&#8220; custom_padding_phone=&#8220;|10px||10px|true|true&#8220; width__hover_enabled=&#8220;off|hover&#8220;][et_pb_column type=&#8220;4_4&#8243; _builder_version=&#8220;4.4.3&#8243;][et_pb_text _builder_version=&#8220;4.5.1&#8243; text_line_height=&#8220;28px&#8220; width_tablet=&#8220;87%&#8220; width_phone=&#8220;83%&#8220; width_last_edited=&#8220;on|tablet&#8220; module_alignment=&#8220;left&#8220; custom_margin=&#8220;0px||55px||false|false&#8220; text_font_size_tablet=&#8220;17px&#8220; text_font_size_phone=&#8220;17px&#8220; text_font_size_last_edited=&#8220;on|tablet&#8220; text_orientation_tablet=&#8220;center&#8220; text_orientation_phone=&#8220;&#8220; text_orientation_last_edited=&#8220;on|tablet&#8220; module_alignment_tablet=&#8220;center&#8220; module_alignment_phone=&#8220;&#8220; module_alignment_last_edited=&#8220;on|tablet&#8220; locked=&#8220;off&#8220;]<\/p>\n<p>Der beste Weg, um die Restaurants in Villach auszuprobieren? Einfach in unseren <a href=\"https:\/\/www.apartments-villach.at\/buchen\/\" target=\"_blank\" rel=\"noopener noreferrer\">Apartments in Villach einchecken<\/a> und die kulinarischen Highlights genie\u00dfen.<\/p>\n<p>[\/et_pb_text][\/et_pb_column][\/et_pb_row][\/et_pb_section][et_pb_section fb_built=&#8220;1&#8243; _builder_version=&#8220;4.4.3&#8243; background_color=&#8220;#d5d7d4&#8243; custom_margin=&#8220;100px|||||&#8220; custom_padding=&#8220;||||false|false&#8220; border_width_top=&#8220;1px&#8220; global_module=&#8220;1486&#8243; collapsed=&#8220;on&#8220;][et_pb_row module_class=&#8220;wa-footer-newsletter-section&#8220; _builder_version=&#8220;4.5.1&#8243; background_size=&#8220;initial&#8220; background_position=&#8220;top_left&#8220; background_repeat=&#8220;repeat&#8220; module_alignment=&#8220;center&#8220;][et_pb_column type=&#8220;4_4&#8243; _builder_version=&#8220;4.4.3&#8243;][et_pb_text _builder_version=&#8220;4.4.3&#8243; text_font=&#8220;|||on|||||&#8220; text_text_color=&#8220;#000000&#8243; text_font_size=&#8220;13px&#8220; text_letter_spacing=&#8220;1.86px&#8220; text_line_height=&#8220;19px&#8220; header_text_color=&#8220;#000000&#8243; header_font_size=&#8220;50px&#8220; header_2_font=&#8220;|700|||||||&#8220; header_2_text_color=&#8220;#000000&#8243; header_2_font_size=&#8220;50px&#8220;]<\/p>\n<h2>Newsletter<\/h2>\n<p>MELDE DICH BEI UNSEREM NEWSLETTER AN UM IMMER \u00dcBER AKTUELLE NEWS UND ANGEBOTE INFORMIERT ZU BLEIBEN<\/p>\n<p>[\/et_pb_text][et_pb_code _builder_version=&#8220;4.4.3&#8243;]<script id=\"n2g_script\">!function(e,t,n,c,r,a,i){e.Newsletter2GoTrackingObject=r,e[r]=e[r]||function(){(e[r].q=e[r].q||[]).push(arguments)},e[r].l=1*new Date,a=t.createElement(n),i=t.getElementsByTagName(n)[0],a.async=1,a.src=c,i.parentNode.insertBefore(a,i)}(window,document,\"script\",\"https:\/\/static.newsletter2go.com\/utils.js\",\"n2g\");var config = {\"container\": {\"type\": \"div\",\"class\": \"\",\"style\": \"\"},\"row\": {\"type\": \"div\",\"class\": \"\",\"style\": \"margin-top: 15px;\"},\"columnLeft\": {\"type\": \"div\",\"class\": \"\",\"style\": \"\"},\"columnRight\": {\"type\": \"div\",\"class\": \"\",\"style\": \"\"},\"label\": {\"type\": \"label\",\"class\": \"\",\"style\": \"\"}};n2g('create', 'ut1m3fer-k96mt4nb-igs');n2g('subscribe:createForm', config);<\/script>[\/et_pb_code][\/et_pb_column][\/et_pb_row][\/et_pb_section]<\/p>\n","protected":false},"excerpt":{"rendered":"<p>KulinarikRestaurants in Villach &#8211; unsere EmpfehlungVillach hat kulinarisch einiges zu bieten. Das Angebot reicht von hippen Bars \u00fcber regionale M\u00e4rkte bis hin zu exklusiven Restaurants. Flanieren Sie in gem\u00fctliche Caf\u00e9s, schlemmen Sie sich in heimeligen Gasth\u00e4usern durch die traditionelle K\u00e4rntner K\u00fcche oder schl\u00fcrfen Sie exotische Cocktails entlang der Drau. F\u00fcr Feinschmecker l\u00e4sst Villach keine W\u00fcnsche [&hellip;]<\/p>\n","protected":false},"author":1,"featured_media":0,"parent":0,"menu_order":0,"comment_status":"closed","ping_status":"closed","template":"","meta":{"_et_pb_use_builder":"on","_et_pb_old_content":"","_et_gb_content_width":"","footnotes":""},"class_list":["post-5097","page","type-page","status-publish","hentry"],"yoast_head":"<!-- This site is optimized with the Yoast SEO plugin v27.3 - https:\/\/yoast.com\/product\/yoast-seo-wordpress\/ -->\n<title>Restaurants in Villach - Apartments Villach - Apart of me Villach<\/title>\n<meta name=\"description\" content=\"Die Restaurants in Villach bieten k\u00f6stliche Gaumenfreuden, regionale Schmankerl und ein ganz besonderes Altstadtflair, welches Sie verzaubern wird.\" \/>\n<meta name=\"robots\" content=\"index, follow, max-snippet:-1, max-image-preview:large, max-video-preview:-1\" \/>\n<link rel=\"canonical\" href=\"https:\/\/www.apartments-villach.at\/it\/restaurants-in-villach\/\" \/>\n<meta property=\"og:locale\" content=\"it_IT\" \/>\n<meta property=\"og:type\" content=\"article\" \/>\n<meta property=\"og:title\" content=\"Restaurants in Villach - Apartments Villach - Apart of me Villach\" \/>\n<meta property=\"og:description\" content=\"Die Restaurants in Villach bieten k\u00f6stliche Gaumenfreuden, regionale Schmankerl und ein ganz besonderes Altstadtflair, welches Sie verzaubern wird.\" \/>\n<meta property=\"og:url\" content=\"https:\/\/www.apartments-villach.at\/it\/restaurants-in-villach\/\" \/>\n<meta property=\"og:site_name\" content=\"Apartments Villach - Apart of me Villach\" \/>\n<meta property=\"article:modified_time\" content=\"2022-07-07T09:05:13+00:00\" \/>\n<meta name=\"twitter:card\" content=\"summary_large_image\" \/>\n<meta name=\"twitter:label1\" content=\"Est. reading time\" \/>\n\t<meta name=\"twitter:data1\" content=\"9 minutes\" \/>\n<script type=\"application\/ld+json\" class=\"yoast-schema-graph\">{\"@context\":\"https:\\\/\\\/schema.org\",\"@graph\":[{\"@type\":\"WebPage\",\"@id\":\"https:\\\/\\\/www.apartments-villach.at\\\/it\\\/restaurants-in-villach\\\/\",\"url\":\"https:\\\/\\\/www.apartments-villach.at\\\/it\\\/restaurants-in-villach\\\/\",\"name\":\"Restaurants in Villach - Apartments Villach - Apart of me Villach\",\"isPartOf\":{\"@id\":\"https:\\\/\\\/www.apartments-villach.at\\\/en\\\/#website\"},\"datePublished\":\"2022-06-09T09:36:12+00:00\",\"dateModified\":\"2022-07-07T09:05:13+00:00\",\"description\":\"Die Restaurants in Villach bieten k\u00f6stliche Gaumenfreuden, regionale Schmankerl und ein ganz besonderes Altstadtflair, welches Sie verzaubern wird.\",\"breadcrumb\":{\"@id\":\"https:\\\/\\\/www.apartments-villach.at\\\/it\\\/restaurants-in-villach\\\/#breadcrumb\"},\"inLanguage\":\"it-IT\",\"potentialAction\":[{\"@type\":\"ReadAction\",\"target\":[\"https:\\\/\\\/www.apartments-villach.at\\\/it\\\/restaurants-in-villach\\\/\"]}]},{\"@type\":\"BreadcrumbList\",\"@id\":\"https:\\\/\\\/www.apartments-villach.at\\\/it\\\/restaurants-in-villach\\\/#breadcrumb\",\"itemListElement\":[{\"@type\":\"ListItem\",\"position\":1,\"name\":\"Startseite\",\"item\":\"https:\\\/\\\/www.apartments-villach.at\\\/en\\\/\"},{\"@type\":\"ListItem\",\"position\":2,\"name\":\"Restaurants in Villach\"}]},{\"@type\":\"WebSite\",\"@id\":\"https:\\\/\\\/www.apartments-villach.at\\\/en\\\/#website\",\"url\":\"https:\\\/\\\/www.apartments-villach.at\\\/en\\\/\",\"name\":\"Apartments Villach - Apart of me Villach\",\"description\":\"Ihre Wohlf\u00fchloase in Villach\",\"publisher\":{\"@id\":\"https:\\\/\\\/www.apartments-villach.at\\\/en\\\/#organization\"},\"potentialAction\":[{\"@type\":\"SearchAction\",\"target\":{\"@type\":\"EntryPoint\",\"urlTemplate\":\"https:\\\/\\\/www.apartments-villach.at\\\/en\\\/?s={search_term_string}\"},\"query-input\":{\"@type\":\"PropertyValueSpecification\",\"valueRequired\":true,\"valueName\":\"search_term_string\"}}],\"inLanguage\":\"it-IT\"},{\"@type\":\"Organization\",\"@id\":\"https:\\\/\\\/www.apartments-villach.at\\\/en\\\/#organization\",\"name\":\"Apartments Villach\",\"url\":\"https:\\\/\\\/www.apartments-villach.at\\\/en\\\/\",\"logo\":{\"@type\":\"ImageObject\",\"inLanguage\":\"it-IT\",\"@id\":\"https:\\\/\\\/www.apartments-villach.at\\\/en\\\/#\\\/schema\\\/logo\\\/image\\\/\",\"url\":\"\",\"contentUrl\":\"\",\"caption\":\"Apartments Villach\"},\"image\":{\"@id\":\"https:\\\/\\\/www.apartments-villach.at\\\/en\\\/#\\\/schema\\\/logo\\\/image\\\/\"}}]}<\/script>\n<!-- \/ Yoast SEO plugin. -->","yoast_head_json":{"title":"Restaurants in Villach - Apartments Villach - Apart of me Villach","description":"Die Restaurants in Villach bieten k\u00f6stliche Gaumenfreuden, regionale Schmankerl und ein ganz besonderes Altstadtflair, welches Sie verzaubern wird.","robots":{"index":"index","follow":"follow","max-snippet":"max-snippet:-1","max-image-preview":"max-image-preview:large","max-video-preview":"max-video-preview:-1"},"canonical":"https:\/\/www.apartments-villach.at\/it\/restaurants-in-villach\/","og_locale":"it_IT","og_type":"article","og_title":"Restaurants in Villach - Apartments Villach - Apart of me Villach","og_description":"Die Restaurants in Villach bieten k\u00f6stliche Gaumenfreuden, regionale Schmankerl und ein ganz besonderes Altstadtflair, welches Sie verzaubern wird.","og_url":"https:\/\/www.apartments-villach.at\/it\/restaurants-in-villach\/","og_site_name":"Apartments Villach - Apart of me Villach","article_modified_time":"2022-07-07T09:05:13+00:00","twitter_card":"summary_large_image","twitter_misc":{"Est. reading time":"9 minutes"},"schema":{"@context":"https:\/\/schema.org","@graph":[{"@type":"WebPage","@id":"https:\/\/www.apartments-villach.at\/it\/restaurants-in-villach\/","url":"https:\/\/www.apartments-villach.at\/it\/restaurants-in-villach\/","name":"Restaurants in Villach - Apartments Villach - Apart of me Villach","isPartOf":{"@id":"https:\/\/www.apartments-villach.at\/en\/#website"},"datePublished":"2022-06-09T09:36:12+00:00","dateModified":"2022-07-07T09:05:13+00:00","description":"Die Restaurants in Villach bieten k\u00f6stliche Gaumenfreuden, regionale Schmankerl und ein ganz besonderes Altstadtflair, welches Sie verzaubern wird.","breadcrumb":{"@id":"https:\/\/www.apartments-villach.at\/it\/restaurants-in-villach\/#breadcrumb"},"inLanguage":"it-IT","potentialAction":[{"@type":"ReadAction","target":["https:\/\/www.apartments-villach.at\/it\/restaurants-in-villach\/"]}]},{"@type":"BreadcrumbList","@id":"https:\/\/www.apartments-villach.at\/it\/restaurants-in-villach\/#breadcrumb","itemListElement":[{"@type":"ListItem","position":1,"name":"Startseite","item":"https:\/\/www.apartments-villach.at\/en\/"},{"@type":"ListItem","position":2,"name":"Restaurants in Villach"}]},{"@type":"WebSite","@id":"https:\/\/www.apartments-villach.at\/en\/#website","url":"https:\/\/www.apartments-villach.at\/en\/","name":"Appartamenti Villach - Apart of me Villach","description":"La vostra oasi di benessere a Villach","publisher":{"@id":"https:\/\/www.apartments-villach.at\/en\/#organization"},"potentialAction":[{"@type":"SearchAction","target":{"@type":"EntryPoint","urlTemplate":"https:\/\/www.apartments-villach.at\/en\/?s={search_term_string}"},"query-input":{"@type":"PropertyValueSpecification","valueRequired":true,"valueName":"search_term_string"}}],"inLanguage":"it-IT"},{"@type":"Organization","@id":"https:\/\/www.apartments-villach.at\/en\/#organization","name":"Appartamenti Villach","url":"https:\/\/www.apartments-villach.at\/en\/","logo":{"@type":"ImageObject","inLanguage":"it-IT","@id":"https:\/\/www.apartments-villach.at\/en\/#\/schema\/logo\/image\/","url":"","contentUrl":"","caption":"Apartments Villach"},"image":{"@id":"https:\/\/www.apartments-villach.at\/en\/#\/schema\/logo\/image\/"}}]}},"_links":{"self":[{"href":"http:\/\/www.apartments-villach.at\/it\/wp-json\/wp\/v2\/pages\/5097","targetHints":{"allow":["GET"]}}],"collection":[{"href":"http:\/\/www.apartments-villach.at\/it\/wp-json\/wp\/v2\/pages"}],"about":[{"href":"http:\/\/www.apartments-villach.at\/it\/wp-json\/wp\/v2\/types\/page"}],"author":[{"embeddable":true,"href":"http:\/\/www.apartments-villach.at\/it\/wp-json\/wp\/v2\/users\/1"}],"replies":[{"embeddable":true,"href":"http:\/\/www.apartments-villach.at\/it\/wp-json\/wp\/v2\/comments?post=5097"}],"version-history":[{"count":14,"href":"http:\/\/www.apartments-villach.at\/it\/wp-json\/wp\/v2\/pages\/5097\/revisions"}],"predecessor-version":[{"id":5246,"href":"http:\/\/www.apartments-villach.at\/it\/wp-json\/wp\/v2\/pages\/5097\/revisions\/5246"}],"wp:attachment":[{"href":"http:\/\/www.apartments-villach.at\/it\/wp-json\/wp\/v2\/media?parent=5097"}],"curies":[{"name":"wp","href":"https:\/\/api.w.org\/{rel}","templated":true}]}}