{"id":5071,"date":"2022-06-08T08:33:25","date_gmt":"2022-06-08T06:33:25","guid":{"rendered":"https:\/\/www.apartments-villach.at\/?page_id=5071"},"modified":"2022-08-24T13:28:30","modified_gmt":"2022-08-24T11:28:30","slug":"ausstattung","status":"publish","type":"page","link":"http:\/\/www.apartments-villach.at\/it\/ausstattung\/","title":{"rendered":"Attrezzatura"},"content":{"rendered":"<p>[et_pb_section fb_built=&#8220;1&#8243; _builder_version=&#8220;4.4.3&#8243; max_width=&#8220;1440px&#8220; module_alignment=&#8220;center&#8220; custom_margin=&#8220;0px||||false|false&#8220; custom_padding=&#8220;0px||||false|false&#8220; locked=&#8220;off&#8220;][et_pb_row column_structure=&#8220;1_2,1_2&#8243; make_equal=&#8220;on&#8220; custom_padding_last_edited=&#8220;on|tablet&#8220; module_class=&#8220; wa-vertical-center-section wa-subpages-hero-section&#8220; _builder_version=&#8220;4.4.3&#8243; width=&#8220;100%&#8220; width_tablet=&#8220;100%&#8220; width_phone=&#8220;&#8220; width_last_edited=&#8220;on|phone&#8220; custom_padding=&#8220;80px||||false|false&#8220; custom_padding_tablet=&#8220;||0px||false|false&#8220; custom_padding_phone=&#8220;&#8220; custom_css_before_last_edited=&#8220;on|desktop&#8220;][et_pb_column type=&#8220;1_2&#8243; _builder_version=&#8220;4.4.3&#8243; animation_style=&#8220;slide&#8220; animation_direction=&#8220;left&#8220; animation_duration=&#8220;1500ms&#8220;][et_pb_image src=&#8220;https:\/\/www.apartments-villach.at\/wp-content\/uploads\/2021\/05\/210521-AOM-V-0173.jpg&#8220; alt=&#8220;Ein Mensch tippt am Handy etwas ein.&#8220; title_text=&#8220;210521-AOM-V-0173&#8243; align=&#8220;center&#8220; align_tablet=&#8220;&#8220; align_phone=&#8220;&#8220; align_last_edited=&#8220;on|tablet&#8220; _builder_version=&#8220;4.5.1&#8243;][\/et_pb_image][\/et_pb_column][et_pb_column type=&#8220;1_2&#8243; _builder_version=&#8220;4.4.3&#8243; custom_padding=&#8220;||||false|false&#8220; custom_padding_tablet=&#8220;|||0px|false|false&#8220; custom_padding_phone=&#8220;&#8220; custom_padding_last_edited=&#8220;on|tablet&#8220; animation_style=&#8220;slide&#8220; animation_direction=&#8220;right&#8220; animation_duration=&#8220;1500ms&#8220;][et_pb_text module_class=&#8220;wa-simplonMono&#8220; _builder_version=&#8220;4.5.1&#8243; text_font=&#8220;|700||on|||||&#8220; text_font_size=&#8220;13px&#8220; text_letter_spacing=&#8220;3.6px&#8220; text_line_height=&#8220;25px&#8220; text_orientation=&#8220;center&#8220; custom_margin=&#8220;||7px|||&#8220; text_orientation_tablet=&#8220;center&#8220; text_orientation_phone=&#8220;&#8220; text_orientation_last_edited=&#8220;on|tablet&#8220; locked=&#8220;off&#8220;]<\/p>\n<p>Ausstattung<\/p>\n<p>[\/et_pb_text][et_pb_text module_class=&#8220;wa-simplonMono&#8220; _builder_version=&#8220;4.5.1&#8243; text_font=&#8220;|700||on|||||&#8220; text_font_size=&#8220;18px&#8220; text_line_height=&#8220;25px&#8220; header_font=&#8220;|700|||||||&#8220; header_text_align=&#8220;center&#8220; header_font_size=&#8220;50px&#8220; header_line_height=&#8220;65px&#8220; header_3_font=&#8220;|700|||||||&#8220; header_3_text_align=&#8220;left&#8220; header_3_font_size=&#8220;50px&#8220; header_3_line_height=&#8220;65px&#8220; width=&#8220;100%&#8220; width_tablet=&#8220;100%&#8220; width_phone=&#8220;&#8220; width_last_edited=&#8220;on|tablet&#8220; custom_margin=&#8220;||1px|||&#8220; header_text_align_tablet=&#8220;center&#8220; header_text_align_phone=&#8220;&#8220; header_text_align_last_edited=&#8220;on|tablet&#8220; header_font_size_tablet=&#8220;40px&#8220; header_font_size_phone=&#8220;40px&#8220; header_font_size_last_edited=&#8220;on|phone&#8220; header_3_text_align_tablet=&#8220;center&#8220; header_3_text_align_phone=&#8220;&#8220; header_3_text_align_last_edited=&#8220;on|tablet&#8220; header_3_font_size_tablet=&#8220;40px&#8220; header_3_font_size_phone=&#8220;40px&#8220; header_3_font_size_last_edited=&#8220;on|phone&#8220; text_orientation_tablet=&#8220;&#8220; text_orientation_phone=&#8220;&#8220; text_orientation_last_edited=&#8220;on|desktop&#8220; locked=&#8220;off&#8220;]<\/p>\n<h1>Ausstattungshighlights Ihres Urlaubsapartments\u00a0<\/h1>\n<p>[\/et_pb_text][\/et_pb_column][\/et_pb_row][\/et_pb_section][et_pb_section fb_built=&#8220;1&#8243; _builder_version=&#8220;4.4.3&#8243; custom_padding=&#8220;0px||4px|||&#8220;][et_pb_row custom_padding_last_edited=&#8220;on|phone&#8220; _builder_version=&#8220;4.7.7&#8243; background_color=&#8220;#d5d7d4&#8243; width=&#8220;100%&#8220; width_tablet=&#8220;95%&#8220; width_phone=&#8220;&#8220; width_last_edited=&#8220;on|tablet&#8220; max_width=&#8220;1250px&#8220; custom_padding=&#8220;100px|140px|100px|140px|true|true&#8220; custom_padding_tablet=&#8220;80px|35px|80px|35px|true|true&#8220; custom_padding_phone=&#8220;|10px||10px|true|true&#8220; width__hover_enabled=&#8220;off|hover&#8220;][et_pb_column type=&#8220;4_4&#8243; _builder_version=&#8220;4.4.3&#8243;][et_pb_text _builder_version=&#8220;4.5.1&#8243; text_line_height=&#8220;28px&#8220; width_tablet=&#8220;87%&#8220; width_phone=&#8220;83%&#8220; width_last_edited=&#8220;on|tablet&#8220; module_alignment=&#8220;left&#8220; custom_margin=&#8220;0px||55px||false|false&#8220; text_font_size_tablet=&#8220;17px&#8220; text_font_size_phone=&#8220;17px&#8220; text_font_size_last_edited=&#8220;on|tablet&#8220; text_orientation_tablet=&#8220;center&#8220; text_orientation_phone=&#8220;&#8220; text_orientation_last_edited=&#8220;on|tablet&#8220; module_alignment_tablet=&#8220;center&#8220; module_alignment_phone=&#8220;&#8220; module_alignment_last_edited=&#8220;on|tablet&#8220; locked=&#8220;off&#8220;]<\/p>\n<p>Die Ausstattung einer Ferienwohnung ist mindestens genauso wichtig wie deren Mobiliar. Schlie\u00dflich wollen Sie sich in Ihrem Urlaub wie zu Hause f\u00fchlen. Egal ob Sie auf St\u00e4dteurlaub, Gesch\u00e4ftsreise oder Familienbesuch in der sch\u00f6nen Draustadt sind, ein funktional und modern eingerichtetes Apartment ist die Grundlage f\u00fcr einen gelungenen Aufenthalt und rundet einen unvergesslichen Urlaub perfekt ab.<\/p>\n<p>Ihr Apartment in<a href=\"https:\/\/villach.at\/\" target=\"_blank\" rel=\"noopener noreferrer\"> Villach<\/a> punktet mit einer exklusiven Ausstattung, einem stilvollen Design sowie einwandfreier Hygiene. Dar\u00fcber hinaus stehen Ihnen zahlreiche Annehmlichkeiten wie kostenloses Internet, eine moderne Klimaanlage und eine voll ausgestattete K\u00fcche zur Verf\u00fcgung. Erleben Sie selbst die Vorz\u00fcge eines Aparthotels und verbinden Sie Freiheit mit luxuri\u00f6sem Wohnambiente.<\/p>\n<p>[\/et_pb_text][\/et_pb_column][\/et_pb_row][\/et_pb_section][et_pb_section fb_built=&#8220;1&#8243; _builder_version=&#8220;4.7.7&#8243; _module_preset=&#8220;default&#8220;][et_pb_row _builder_version=&#8220;4.7.7&#8243; _module_preset=&#8220;default&#8220; custom_padding=&#8220;||0px|||&#8220;][et_pb_column type=&#8220;4_4&#8243; _builder_version=&#8220;4.7.7&#8243; _module_preset=&#8220;default&#8220;][et_pb_text _builder_version=&#8220;4.5.1&#8243; _module_preset=&#8220;default&#8220;]<\/p>\n<h2>Ausstattung: Details im \u00dcberblick<\/h2>\n<p>[\/et_pb_text][et_pb_text _builder_version=&#8220;4.5.1&#8243; _module_preset=&#8220;default&#8220;]<\/p>\n<h3>ALLGEMEINE AUSSTATTUNG<\/h3>\n<p><strong>Lift: <\/strong>Unser Apartmenthaus ist mit einem modernen, sicheren Aufzug ausgestattet. Somit gelangen Sie rasch und ohne l\u00e4stiges Kofferschleppen in die oberen Stockwerke unseres Hauses.<\/p>\n<p><strong>Klimaanlage: <\/strong>Zu einem gut ausgestatteten Ferienapartment geh\u00f6rt ebenfalls eine leicht bedienbare Klimaanlage. Diese garantiert zu jeder Jahreszeit eine optimale Raumtemperatur und sorgt zudem f\u00fcr einen angenehmen und erholsamen Schlaf.<\/p>\n<p><strong>WiFi: <\/strong>High-Speed-Internet z\u00e4hlt bei uns zu einer Selbstverst\u00e4ndlichkeit. Egal ob Sie nur schnell Ihre Mails checken, ein Video streamen oder sich nach dem Wetter erkundigen wollen, unser kostenloses WLAN l\u00e4sst Sie nie im Stich.<\/p>\n<h3>IM BADEZIMMER INKLUDIERT<\/h3>\n<p><strong>Seifenspender: <\/strong>Speziell in Zeiten von Pandemien ist es wichtig, sich regelm\u00e4\u00dfig die H\u00e4nde zu waschen. In unseren Apartments sind im Badezimmer bef\u00fcllte Seifenspender angebracht. So sind Sie jederzeit vor Viren und Bakterien gesch\u00fctzt.<\/p>\n<p><strong>Vanity-Kit: <\/strong>Auf jeden unserer Apartments liegt ein Vanity-Kit f\u00fcr Notf\u00e4lle bereit. Dieses hat schon so manchen Gast aus einer misslichen Lage befreit.<\/p>\n<p><strong>F\u00f6hn: <\/strong>Damit Sie nicht mit nassen Haaren die Unterkunft verlassen m\u00fcssen, finden Sie auf jedem Zimmer einen F\u00f6hn, der an einer praktischen Halterung im Badezimmer angebracht ist.<\/p>\n<p>&nbsp;[\/et_pb_text][\/et_pb_column][\/et_pb_row][et_pb_row column_structure=&#8220;1_2,1_2&#8243; _builder_version=&#8220;4.7.7&#8243; _module_preset=&#8220;default&#8220;][et_pb_column type=&#8220;1_2&#8243; _builder_version=&#8220;4.7.7&#8243; _module_preset=&#8220;default&#8220;][et_pb_text _builder_version=&#8220;4.5.1&#8243; _module_preset=&#8220;default&#8220;]<\/p>\n<h3>VOLL EINGERICHTETE K\u00dcCHE<\/h3>\n<p><strong>Kaffeemaschine: <\/strong>Was gibt es Sch\u00f6neres als nach dem Aufwachen eine hei\u00dfe Tasse Kaffee? Damit Sie nicht auf Ihren Koffeinkick verzichten m\u00fcssen, steht in jedem unserer Apartments eine Kaffeemaschine f\u00fcr Sie bereit.<\/p>\n<p><strong>Tee: <\/strong>Teeliebhaber finden einen Wasserkocher sowie eine kleine Auswahl an verschiedenen Teesorten im K\u00fcchenbereich.<\/p>\n<p><strong>Salz- &amp; Pfefferstreuer: <\/strong>F\u00fcr all jene G\u00e4ste, die gerne selbst kochen, haben wir einen Salz- &amp; und Pfefferstreuer bereitgestellt. Mit diesen k\u00f6nnen Sie Ihre Speisen beliebig w\u00fcrzen und m\u00fcssen sich nicht vorab die Gew\u00fcrze umst\u00e4ndlich selbst besorgen.<\/p>\n<p><strong>Backpapier: <\/strong>Damit auch im Backofen nichts danebengeht, befindet sich in der K\u00fcche des Apartments Backpapier zur freien Entnahme. So m\u00fcssen Sie sich keine Sorgen machen, das Ger\u00e4t unn\u00f6tig zu verunreinigen, und k\u00f6nnen je nach Lust und Laune kochen.<\/p>\n<p><strong>K\u00fcchenrolle: <\/strong>Ein Klassiker unter dem Haushaltszubeh\u00f6r, das niemals fehlen darf, ist die K\u00fcchenrolle. Kleine Missgeschicke k\u00f6nnen somit rasch und effizient beseitigt werden. Diese steht ebenfalls f\u00fcr Sie im Apartment zur Verf\u00fcgung.[\/et_pb_text][\/et_pb_column][et_pb_column type=&#8220;1_2&#8243; _builder_version=&#8220;4.7.7&#8243; _module_preset=&#8220;default&#8220;][et_pb_image src=&#8220;https:\/\/www.apartments-villach.at\/wp-content\/uploads\/2019\/06\/Apartments-Villach-Superior-Apartment-6.jpg&#8220; alt=&#8220;Superior Apartment Villach&#8220; title_text=&#8220;Apartments Villach Superior Apartment-6&#8243; _builder_version=&#8220;4.5.1&#8243; _module_preset=&#8220;default&#8220;][\/et_pb_image][\/et_pb_column][\/et_pb_row][et_pb_row _builder_version=&#8220;4.7.7&#8243; _module_preset=&#8220;default&#8220;][et_pb_column type=&#8220;4_4&#8243; _builder_version=&#8220;4.7.7&#8243; _module_preset=&#8220;default&#8220;][et_pb_text _builder_version=&#8220;4.5.1&#8243; _module_preset=&#8220;default&#8220;]<\/p>\n<h3>KONTAKTLOSER CHECK-IN UND CHECK-OUT<\/h3>\n<p><strong>Schnelle und reibungslose Abwicklung: <\/strong>Ankommen, einparken und dann entspannt in das Apartment einchecken. Kontaktlos und zu jeder Tages- sowie Nachtzeit k\u00f6nnen Sie mit unserem digitalen Schl\u00fcsselsystem Ihr Urlaubsapartment betreten. Dies garantiert Ihnen maximale Sicherheit und Hygiene. Zudem k\u00f6nnen Sie so Ihre <a href=\"https:\/\/www.apartments-villach.at\/lage-anreise\/\" target=\"_blank\" rel=\"noopener noreferrer\">An- und Abreise<\/a> flexibler gestalten.<\/p>\n<p>[\/et_pb_text][\/et_pb_column][\/et_pb_row][\/et_pb_section][et_pb_section fb_built=&#8220;1&#8243; _builder_version=&#8220;4.5.1&#8243; _module_preset=&#8220;default&#8220; custom_margin=&#8220;0px||||false|false&#8220; custom_padding=&#8220;0px||||false|false&#8220;][et_pb_row _builder_version=&#8220;4.5.1&#8243; _module_preset=&#8220;default&#8220;][et_pb_column type=&#8220;4_4&#8243; _builder_version=&#8220;4.5.1&#8243; _module_preset=&#8220;default&#8220;][et_pb_gallery gallery_ids=&#8220;5269,5270,5271,5272&#8243; show_title_and_caption=&#8220;off&#8220; show_pagination=&#8220;off&#8220; _builder_version=&#8220;4.5.1&#8243; _module_preset=&#8220;default&#8220; hover_enabled=&#8220;0&#8243;][\/et_pb_gallery][\/et_pb_column][\/et_pb_row][\/et_pb_section][et_pb_section fb_built=&#8220;1&#8243; _builder_version=&#8220;4.4.3&#8243; custom_padding=&#8220;0px||4px|||&#8220;][et_pb_row custom_padding_last_edited=&#8220;on|phone&#8220; _builder_version=&#8220;4.4.3&#8243; background_color=&#8220;#d5d7d4&#8243; width=&#8220;100%&#8220; width_tablet=&#8220;95%&#8220; width_phone=&#8220;&#8220; width_last_edited=&#8220;on|tablet&#8220; max_width=&#8220;1250px&#8220; custom_padding=&#8220;100px|140px|100px|140px|true|true&#8220; custom_padding_tablet=&#8220;80px|35px|80px|35px|true|true&#8220; custom_padding_phone=&#8220;|10px||10px|true|true&#8220; width__hover_enabled=&#8220;off|hover&#8220;][et_pb_column type=&#8220;4_4&#8243; _builder_version=&#8220;4.4.3&#8243;][et_pb_text _builder_version=&#8220;4.5.1&#8243; text_line_height=&#8220;28px&#8220; width_tablet=&#8220;87%&#8220; width_phone=&#8220;83%&#8220; width_last_edited=&#8220;on|tablet&#8220; module_alignment=&#8220;left&#8220; custom_margin=&#8220;0px||55px||false|false&#8220; text_font_size_tablet=&#8220;17px&#8220; text_font_size_phone=&#8220;17px&#8220; text_font_size_last_edited=&#8220;on|tablet&#8220; text_orientation_tablet=&#8220;center&#8220; text_orientation_phone=&#8220;&#8220; text_orientation_last_edited=&#8220;on|tablet&#8220; module_alignment_tablet=&#8220;center&#8220; module_alignment_phone=&#8220;&#8220; module_alignment_last_edited=&#8220;on|tablet&#8220; locked=&#8220;off&#8220;]<\/p>\n<p>Sie bevorzugen ein voll ausgestattetes Apartment mit vielen Highlights und stilvoller Einrichtung? Dann <a href=\"https:\/\/www.apartments-villach.at\/buchen\/\" target=\"_blank\" rel=\"noopener noreferrer\">buchen Sie noch heute Ihr Wohlf\u00fchlapartment<\/a> im Zentrum von Villach!<\/p>\n<p>[\/et_pb_text][\/et_pb_column][\/et_pb_row][\/et_pb_section][et_pb_section fb_built=&#8220;1&#8243; _builder_version=&#8220;4.4.3&#8243; background_color=&#8220;#d5d7d4&#8243; custom_margin=&#8220;100px|||||&#8220; custom_padding=&#8220;||||false|false&#8220; border_width_top=&#8220;1px&#8220; global_module=&#8220;1486&#8243; collapsed=&#8220;on&#8220;][et_pb_row module_class=&#8220;wa-footer-newsletter-section&#8220; _builder_version=&#8220;4.5.1&#8243; background_size=&#8220;initial&#8220; background_position=&#8220;top_left&#8220; background_repeat=&#8220;repeat&#8220; module_alignment=&#8220;center&#8220;][et_pb_column type=&#8220;4_4&#8243; _builder_version=&#8220;4.4.3&#8243;][et_pb_text _builder_version=&#8220;4.4.3&#8243; text_font=&#8220;|||on|||||&#8220; text_text_color=&#8220;#000000&#8243; text_font_size=&#8220;13px&#8220; text_letter_spacing=&#8220;1.86px&#8220; text_line_height=&#8220;19px&#8220; header_text_color=&#8220;#000000&#8243; header_font_size=&#8220;50px&#8220; header_2_font=&#8220;|700|||||||&#8220; header_2_text_color=&#8220;#000000&#8243; header_2_font_size=&#8220;50px&#8220;]<\/p>\n<h2>Newsletter<\/h2>\n<p>MELDE DICH BEI UNSEREM NEWSLETTER AN UM IMMER \u00dcBER AKTUELLE NEWS UND ANGEBOTE INFORMIERT ZU BLEIBEN<\/p>\n<p>[\/et_pb_text][et_pb_code _builder_version=&#8220;4.4.3&#8243;]<script id=\"n2g_script\">!function(e,t,n,c,r,a,i){e.Newsletter2GoTrackingObject=r,e[r]=e[r]||function(){(e[r].q=e[r].q||[]).push(arguments)},e[r].l=1*new Date,a=t.createElement(n),i=t.getElementsByTagName(n)[0],a.async=1,a.src=c,i.parentNode.insertBefore(a,i)}(window,document,\"script\",\"https:\/\/static.newsletter2go.com\/utils.js\",\"n2g\");var config = {\"container\": {\"type\": \"div\",\"class\": \"\",\"style\": \"\"},\"row\": {\"type\": \"div\",\"class\": \"\",\"style\": \"margin-top: 15px;\"},\"columnLeft\": {\"type\": \"div\",\"class\": \"\",\"style\": \"\"},\"columnRight\": {\"type\": \"div\",\"class\": \"\",\"style\": \"\"},\"label\": {\"type\": \"label\",\"class\": \"\",\"style\": \"\"}};n2g('create', 'ut1m3fer-k96mt4nb-igs');n2g('subscribe:createForm', config);<\/script>[\/et_pb_code][\/et_pb_column][\/et_pb_row][\/et_pb_section]<\/p>\n","protected":false},"excerpt":{"rendered":"<p>AusstattungAusstattungshighlights Ihres Urlaubsapartments\u00a0Die Ausstattung einer Ferienwohnung ist mindestens genauso wichtig wie deren Mobiliar. Schlie\u00dflich wollen Sie sich in Ihrem Urlaub wie zu Hause f\u00fchlen. Egal ob Sie auf St\u00e4dteurlaub, Gesch\u00e4ftsreise oder Familienbesuch in der sch\u00f6nen Draustadt sind, ein funktional und modern eingerichtetes Apartment ist die Grundlage f\u00fcr einen gelungenen Aufenthalt und rundet einen unvergesslichen Urlaub [&hellip;]<\/p>\n","protected":false},"author":1,"featured_media":0,"parent":0,"menu_order":0,"comment_status":"closed","ping_status":"closed","template":"","meta":{"_et_pb_use_builder":"on","_et_pb_old_content":"","_et_gb_content_width":"","footnotes":""},"class_list":["post-5071","page","type-page","status-publish","hentry"],"yoast_head":"<!-- This site is optimized with the Yoast SEO plugin v27.3 - https:\/\/yoast.com\/product\/yoast-seo-wordpress\/ -->\n<title>Moderne Ausstattung Ihres Ferienapartments in Villach<\/title>\n<meta name=\"description\" content=\"Sie suchen nach einem Apartment mit guter Ausstattung im Zentrum von Villach mit WLAN, K\u00fcche und Parkgarage? Buchen Sie jetzt.\" \/>\n<meta name=\"robots\" content=\"index, follow, max-snippet:-1, max-image-preview:large, max-video-preview:-1\" \/>\n<link rel=\"canonical\" href=\"https:\/\/www.apartments-villach.at\/it\/ausstattung\/\" \/>\n<meta property=\"og:locale\" content=\"it_IT\" \/>\n<meta property=\"og:type\" content=\"article\" \/>\n<meta property=\"og:title\" content=\"Moderne Ausstattung Ihres Ferienapartments in Villach\" \/>\n<meta property=\"og:description\" content=\"Sie suchen nach einem Apartment mit guter Ausstattung im Zentrum von Villach mit WLAN, K\u00fcche und Parkgarage? Buchen Sie jetzt.\" \/>\n<meta property=\"og:url\" content=\"https:\/\/www.apartments-villach.at\/it\/ausstattung\/\" \/>\n<meta property=\"og:site_name\" content=\"Apartments Villach - Apart of me Villach\" \/>\n<meta property=\"article:modified_time\" content=\"2022-08-24T11:28:30+00:00\" \/>\n<meta name=\"twitter:card\" content=\"summary_large_image\" \/>\n<meta name=\"twitter:label1\" content=\"Est. reading time\" \/>\n\t<meta name=\"twitter:data1\" content=\"8 minutes\" \/>\n<script type=\"application\/ld+json\" class=\"yoast-schema-graph\">{\"@context\":\"https:\\\/\\\/schema.org\",\"@graph\":[{\"@type\":\"WebPage\",\"@id\":\"https:\\\/\\\/www.apartments-villach.at\\\/it\\\/ausstattung\\\/\",\"url\":\"https:\\\/\\\/www.apartments-villach.at\\\/it\\\/ausstattung\\\/\",\"name\":\"Moderne Ausstattung Ihres Ferienapartments in Villach\",\"isPartOf\":{\"@id\":\"https:\\\/\\\/www.apartments-villach.at\\\/en\\\/#website\"},\"datePublished\":\"2022-06-08T06:33:25+00:00\",\"dateModified\":\"2022-08-24T11:28:30+00:00\",\"description\":\"Sie suchen nach einem Apartment mit guter Ausstattung im Zentrum von Villach mit WLAN, K\u00fcche und Parkgarage? Buchen Sie jetzt.\",\"breadcrumb\":{\"@id\":\"https:\\\/\\\/www.apartments-villach.at\\\/it\\\/ausstattung\\\/#breadcrumb\"},\"inLanguage\":\"it-IT\",\"potentialAction\":[{\"@type\":\"ReadAction\",\"target\":[\"https:\\\/\\\/www.apartments-villach.at\\\/it\\\/ausstattung\\\/\"]}]},{\"@type\":\"BreadcrumbList\",\"@id\":\"https:\\\/\\\/www.apartments-villach.at\\\/it\\\/ausstattung\\\/#breadcrumb\",\"itemListElement\":[{\"@type\":\"ListItem\",\"position\":1,\"name\":\"Startseite\",\"item\":\"https:\\\/\\\/www.apartments-villach.at\\\/en\\\/\"},{\"@type\":\"ListItem\",\"position\":2,\"name\":\"Ausstattung\"}]},{\"@type\":\"WebSite\",\"@id\":\"https:\\\/\\\/www.apartments-villach.at\\\/en\\\/#website\",\"url\":\"https:\\\/\\\/www.apartments-villach.at\\\/en\\\/\",\"name\":\"Apartments Villach - Apart of me Villach\",\"description\":\"Ihre Wohlf\u00fchloase in Villach\",\"publisher\":{\"@id\":\"https:\\\/\\\/www.apartments-villach.at\\\/en\\\/#organization\"},\"potentialAction\":[{\"@type\":\"SearchAction\",\"target\":{\"@type\":\"EntryPoint\",\"urlTemplate\":\"https:\\\/\\\/www.apartments-villach.at\\\/en\\\/?s={search_term_string}\"},\"query-input\":{\"@type\":\"PropertyValueSpecification\",\"valueRequired\":true,\"valueName\":\"search_term_string\"}}],\"inLanguage\":\"it-IT\"},{\"@type\":\"Organization\",\"@id\":\"https:\\\/\\\/www.apartments-villach.at\\\/en\\\/#organization\",\"name\":\"Apartments Villach\",\"url\":\"https:\\\/\\\/www.apartments-villach.at\\\/en\\\/\",\"logo\":{\"@type\":\"ImageObject\",\"inLanguage\":\"it-IT\",\"@id\":\"https:\\\/\\\/www.apartments-villach.at\\\/en\\\/#\\\/schema\\\/logo\\\/image\\\/\",\"url\":\"\",\"contentUrl\":\"\",\"caption\":\"Apartments Villach\"},\"image\":{\"@id\":\"https:\\\/\\\/www.apartments-villach.at\\\/en\\\/#\\\/schema\\\/logo\\\/image\\\/\"}}]}<\/script>\n<!-- \/ Yoast SEO plugin. -->","yoast_head_json":{"title":"Moderne Ausstattung Ihres Ferienapartments in Villach","description":"Sie suchen nach einem Apartment mit guter Ausstattung im Zentrum von Villach mit WLAN, K\u00fcche und Parkgarage? Buchen Sie jetzt.","robots":{"index":"index","follow":"follow","max-snippet":"max-snippet:-1","max-image-preview":"max-image-preview:large","max-video-preview":"max-video-preview:-1"},"canonical":"https:\/\/www.apartments-villach.at\/it\/ausstattung\/","og_locale":"it_IT","og_type":"article","og_title":"Moderne Ausstattung Ihres Ferienapartments in Villach","og_description":"Sie suchen nach einem Apartment mit guter Ausstattung im Zentrum von Villach mit WLAN, K\u00fcche und Parkgarage? Buchen Sie jetzt.","og_url":"https:\/\/www.apartments-villach.at\/it\/ausstattung\/","og_site_name":"Apartments Villach - Apart of me Villach","article_modified_time":"2022-08-24T11:28:30+00:00","twitter_card":"summary_large_image","twitter_misc":{"Est. reading time":"8 minutes"},"schema":{"@context":"https:\/\/schema.org","@graph":[{"@type":"WebPage","@id":"https:\/\/www.apartments-villach.at\/it\/ausstattung\/","url":"https:\/\/www.apartments-villach.at\/it\/ausstattung\/","name":"Moderne Ausstattung Ihres Ferienapartments in Villach","isPartOf":{"@id":"https:\/\/www.apartments-villach.at\/en\/#website"},"datePublished":"2022-06-08T06:33:25+00:00","dateModified":"2022-08-24T11:28:30+00:00","description":"Sie suchen nach einem Apartment mit guter Ausstattung im Zentrum von Villach mit WLAN, K\u00fcche und Parkgarage? Buchen Sie jetzt.","breadcrumb":{"@id":"https:\/\/www.apartments-villach.at\/it\/ausstattung\/#breadcrumb"},"inLanguage":"it-IT","potentialAction":[{"@type":"ReadAction","target":["https:\/\/www.apartments-villach.at\/it\/ausstattung\/"]}]},{"@type":"BreadcrumbList","@id":"https:\/\/www.apartments-villach.at\/it\/ausstattung\/#breadcrumb","itemListElement":[{"@type":"ListItem","position":1,"name":"Startseite","item":"https:\/\/www.apartments-villach.at\/en\/"},{"@type":"ListItem","position":2,"name":"Ausstattung"}]},{"@type":"WebSite","@id":"https:\/\/www.apartments-villach.at\/en\/#website","url":"https:\/\/www.apartments-villach.at\/en\/","name":"Appartamenti Villach - Apart of me Villach","description":"La vostra oasi di benessere a Villach","publisher":{"@id":"https:\/\/www.apartments-villach.at\/en\/#organization"},"potentialAction":[{"@type":"SearchAction","target":{"@type":"EntryPoint","urlTemplate":"https:\/\/www.apartments-villach.at\/en\/?s={search_term_string}"},"query-input":{"@type":"PropertyValueSpecification","valueRequired":true,"valueName":"search_term_string"}}],"inLanguage":"it-IT"},{"@type":"Organization","@id":"https:\/\/www.apartments-villach.at\/en\/#organization","name":"Appartamenti Villach","url":"https:\/\/www.apartments-villach.at\/en\/","logo":{"@type":"ImageObject","inLanguage":"it-IT","@id":"https:\/\/www.apartments-villach.at\/en\/#\/schema\/logo\/image\/","url":"","contentUrl":"","caption":"Apartments Villach"},"image":{"@id":"https:\/\/www.apartments-villach.at\/en\/#\/schema\/logo\/image\/"}}]}},"_links":{"self":[{"href":"http:\/\/www.apartments-villach.at\/it\/wp-json\/wp\/v2\/pages\/5071","targetHints":{"allow":["GET"]}}],"collection":[{"href":"http:\/\/www.apartments-villach.at\/it\/wp-json\/wp\/v2\/pages"}],"about":[{"href":"http:\/\/www.apartments-villach.at\/it\/wp-json\/wp\/v2\/types\/page"}],"author":[{"embeddable":true,"href":"http:\/\/www.apartments-villach.at\/it\/wp-json\/wp\/v2\/users\/1"}],"replies":[{"embeddable":true,"href":"http:\/\/www.apartments-villach.at\/it\/wp-json\/wp\/v2\/comments?post=5071"}],"version-history":[{"count":21,"href":"http:\/\/www.apartments-villach.at\/it\/wp-json\/wp\/v2\/pages\/5071\/revisions"}],"predecessor-version":[{"id":5278,"href":"http:\/\/www.apartments-villach.at\/it\/wp-json\/wp\/v2\/pages\/5071\/revisions\/5278"}],"wp:attachment":[{"href":"http:\/\/www.apartments-villach.at\/it\/wp-json\/wp\/v2\/media?parent=5071"}],"curies":[{"name":"wp","href":"https:\/\/api.w.org\/{rel}","templated":true}]}}