{"id":5048,"date":"2022-06-02T09:45:49","date_gmt":"2022-06-02T07:45:49","guid":{"rendered":"https:\/\/www.apartments-villach.at\/?page_id=5048"},"modified":"2022-07-07T10:42:11","modified_gmt":"2022-07-07T08:42:11","slug":"auto-draft","status":"publish","type":"page","link":"http:\/\/www.apartments-villach.at\/it\/auto-draft\/","title":{"rendered":"Lavoro a Villach"},"content":{"rendered":"<p>[et_pb_section fb_built=&#8220;1&#8243; _builder_version=&#8220;4.4.3&#8243; max_width=&#8220;1440px&#8220; module_alignment=&#8220;center&#8220; custom_margin=&#8220;0px||||false|false&#8220; custom_padding=&#8220;0px||||false|false&#8220; locked=&#8220;off&#8220;][et_pb_row column_structure=&#8220;1_2,1_2&#8243; make_equal=&#8220;on&#8220; custom_padding_last_edited=&#8220;on|tablet&#8220; module_class=&#8220; wa-vertical-center-section wa-subpages-hero-section&#8220; _builder_version=&#8220;4.4.3&#8243; width=&#8220;100%&#8220; width_tablet=&#8220;100%&#8220; width_phone=&#8220;&#8220; width_last_edited=&#8220;on|phone&#8220; custom_padding=&#8220;80px||||false|false&#8220; custom_padding_tablet=&#8220;||0px||false|false&#8220; custom_padding_phone=&#8220;&#8220; custom_css_before_last_edited=&#8220;on|desktop&#8220;][et_pb_column type=&#8220;1_2&#8243; _builder_version=&#8220;4.4.3&#8243; animation_style=&#8220;slide&#8220; animation_direction=&#8220;left&#8220; animation_duration=&#8220;1500ms&#8220;][et_pb_image src=&#8220;https:\/\/www.apartments-villach.at\/wp-content\/uploads\/2022\/05\/die-region-villach-app.jpg&#8220; alt=&#8220;Ein Mensch tippt am Handy etwas ein.&#8220; title_text=&#8220;die-region-villach-app&#8220; align=&#8220;center&#8220; align_tablet=&#8220;&#8220; align_phone=&#8220;&#8220; align_last_edited=&#8220;on|tablet&#8220; _builder_version=&#8220;4.7.7&#8243;][\/et_pb_image][\/et_pb_column][et_pb_column type=&#8220;1_2&#8243; _builder_version=&#8220;4.4.3&#8243; custom_padding=&#8220;||||false|false&#8220; custom_padding_tablet=&#8220;|||0px|false|false&#8220; custom_padding_phone=&#8220;&#8220; custom_padding_last_edited=&#8220;on|tablet&#8220; animation_style=&#8220;slide&#8220; animation_direction=&#8220;right&#8220; animation_duration=&#8220;1500ms&#8220;][et_pb_text module_class=&#8220;wa-simplonMono&#8220; _builder_version=&#8220;4.7.7&#8243; text_font=&#8220;|700||on|||||&#8220; text_font_size=&#8220;13px&#8220; text_letter_spacing=&#8220;3.6px&#8220; text_line_height=&#8220;25px&#8220; text_orientation=&#8220;center&#8220; custom_margin=&#8220;||7px|||&#8220; text_orientation_tablet=&#8220;center&#8220; text_orientation_phone=&#8220;&#8220; text_orientation_last_edited=&#8220;on|tablet&#8220; locked=&#8220;off&#8220;]<\/p>\n<p>Workation<\/p>\n<p>[\/et_pb_text][et_pb_text module_class=&#8220;wa-simplonMono&#8220; _builder_version=&#8220;4.7.7&#8243; text_font=&#8220;|700||on|||||&#8220; text_font_size=&#8220;18px&#8220; text_line_height=&#8220;25px&#8220; header_font=&#8220;|700|||||||&#8220; header_text_align=&#8220;center&#8220; header_font_size=&#8220;50px&#8220; header_line_height=&#8220;65px&#8220; header_3_font=&#8220;|700|||||||&#8220; header_3_text_align=&#8220;left&#8220; header_3_font_size=&#8220;50px&#8220; header_3_line_height=&#8220;65px&#8220; width=&#8220;100%&#8220; width_tablet=&#8220;100%&#8220; width_phone=&#8220;&#8220; width_last_edited=&#8220;on|tablet&#8220; custom_margin=&#8220;||1px|||&#8220; header_text_align_tablet=&#8220;center&#8220; header_text_align_phone=&#8220;&#8220; header_text_align_last_edited=&#8220;on|tablet&#8220; header_font_size_tablet=&#8220;40px&#8220; header_font_size_phone=&#8220;40px&#8220; header_font_size_last_edited=&#8220;on|phone&#8220; header_3_text_align_tablet=&#8220;center&#8220; header_3_text_align_phone=&#8220;&#8220; header_3_text_align_last_edited=&#8220;on|tablet&#8220; header_3_font_size_tablet=&#8220;40px&#8220; header_3_font_size_phone=&#8220;40px&#8220; header_3_font_size_last_edited=&#8220;on|phone&#8220; text_orientation_tablet=&#8220;&#8220; text_orientation_phone=&#8220;&#8220; text_orientation_last_edited=&#8220;on|desktop&#8220; locked=&#8220;off&#8220;]<\/p>\n<h1>Workation in Villach: Arbeit und Urlaub mit Altstadtflair<\/h1>\n<p>[\/et_pb_text][\/et_pb_column][\/et_pb_row][\/et_pb_section][et_pb_section fb_built=&#8220;1&#8243; _builder_version=&#8220;4.4.3&#8243; custom_padding=&#8220;0px||4px|||&#8220;][et_pb_row custom_padding_last_edited=&#8220;on|phone&#8220; _builder_version=&#8220;4.7.7&#8243; background_color=&#8220;#d5d7d4&#8243; width=&#8220;100%&#8220; width_tablet=&#8220;95%&#8220; width_phone=&#8220;&#8220; width_last_edited=&#8220;on|tablet&#8220; max_width=&#8220;1250px&#8220; custom_padding=&#8220;100px|140px|100px|140px|true|true&#8220; custom_padding_tablet=&#8220;80px|35px|80px|35px|true|true&#8220; custom_padding_phone=&#8220;|10px||10px|true|true&#8220; width__hover_enabled=&#8220;off|hover&#8220;][et_pb_column type=&#8220;4_4&#8243; _builder_version=&#8220;4.4.3&#8243;][et_pb_text _builder_version=&#8220;4.5.1&#8243; text_line_height=&#8220;28px&#8220; width_tablet=&#8220;87%&#8220; width_phone=&#8220;83%&#8220; width_last_edited=&#8220;on|tablet&#8220; module_alignment=&#8220;left&#8220; custom_margin=&#8220;0px||55px||false|false&#8220; hover_enabled=&#8220;0&#8243; text_font_size_tablet=&#8220;17px&#8220; text_font_size_phone=&#8220;17px&#8220; text_font_size_last_edited=&#8220;on|tablet&#8220; text_orientation_tablet=&#8220;center&#8220; text_orientation_phone=&#8220;&#8220; text_orientation_last_edited=&#8220;on|tablet&#8220; module_alignment_tablet=&#8220;center&#8220; module_alignment_phone=&#8220;&#8220; module_alignment_last_edited=&#8220;on|tablet&#8220; locked=&#8220;off&#8220;]<\/p>\n<p>Arbeiten und Reisen ist die perfekte Kombination \u2013 zumindest in unseren <a href=\"https:\/\/www.apartments-villach.at\/apartments-villach\/\" target=\"_blank\" rel=\"noopener noreferrer\">Business-Apartments<\/a> in Villach. Denn unsere stilvoll eingerichteten Apartments bieten Ihnen sowohl ausreichend Platz zum Arbeiten als auch Ruhe zum Entspannen.<\/p>\n<p>Egal ob Sie sich f\u00fcr einen Termin vorbereiten m\u00fcssen, an einem Projekt arbeiten oder auf Gesch\u00e4ftsreise sind, durch die zentrale Lage unseres Aparthotels haben Sie au\u00dferdem Zugang zu vielen Freizeitaktivit\u00e4ten und k\u00f6nnen so Ihre Work-Life-Balance verbessern, indem Sie etwa den stressigen Arbeitstag bei einem guten Glas Wein in der Villacher Innenstadt ausklingen lassen, sportlich an der Drau entlanglaufen oder die kulturelle Altstadt erkunden. Anreisen k\u00f6nnen Sie bequem per Auto <a href=\"https:\/\/www.apartments-villach.at\/lage-anreise\/\" target=\"_blank\" rel=\"noopener noreferrer\">(Tiefgaragenparkplatz auf Anfrage)<\/a> oder mit der Bahn. Der Villacher Bahnhof ist nur wenige Gehminuten von unserem Apartmenthaus entfernt.<\/p>\n<p>[\/et_pb_text][\/et_pb_column][\/et_pb_row][\/et_pb_section][et_pb_section fb_built=&#8220;1&#8243; _builder_version=&#8220;4.7.7&#8243; _module_preset=&#8220;default&#8220;][et_pb_row _builder_version=&#8220;4.7.7&#8243; _module_preset=&#8220;default&#8220;][et_pb_column type=&#8220;4_4&#8243; _builder_version=&#8220;4.7.7&#8243; _module_preset=&#8220;default&#8220;][et_pb_text _builder_version=&#8220;4.5.1&#8243; _module_preset=&#8220;default&#8220;]<\/p>\n<h2>Reisen und Arbeiten in Villach<\/h2>\n<p>[\/et_pb_text][et_pb_text _builder_version=&#8220;4.5.1&#8243; _module_preset=&#8220;default&#8220;]<\/p>\n<p>Villach eignet sich perfekt f\u00fcr einen Workation-Aufenthalt, egal ob sie nur \u00fcber ein Wochenende oder f\u00fcr einen l\u00e4ngeren Zeitraum bleiben. In unseren Business-Apartments f\u00fchlen Sie sich wie zu Hause und profitieren zudem von maximaler Freiheit und Flexibilit\u00e4t.<\/p>\n<p>\u00a0Durch die perfekte Lage k\u00f6nnen Sie den historischen Stadtkern in kurzer Zeit bequem zu Fu\u00df erreichen. Auch das Congress-Center Villach liegt in unmittelbarer N\u00e4he. Zum Ossiacher See oder zum Faaker See sind es wiederum nur wenige Fahrminuten, die Sie zum Beispiel mit einem E-Bike zur\u00fccklegen k\u00f6nnen.<\/p>\n<p>[\/et_pb_text][\/et_pb_column][\/et_pb_row][et_pb_row column_structure=&#8220;1_2,1_2&#8243; _builder_version=&#8220;4.7.7&#8243; _module_preset=&#8220;default&#8220;][et_pb_column type=&#8220;1_2&#8243; _builder_version=&#8220;4.7.7&#8243; _module_preset=&#8220;default&#8220;][et_pb_text _builder_version=&#8220;4.5.1&#8243; _module_preset=&#8220;default&#8220;]<\/p>\n<h3>Inspiration f\u00fcr Ihren Workation-Urlaub<\/h3>\n<p>[\/et_pb_text][et_pb_text _builder_version=&#8220;4.5.1&#8243; _module_preset=&#8220;default&#8220; hover_enabled=&#8220;0&#8243;]<\/p>\n<p>Als Gesch\u00e4ftsreisender haben Sie nach Ihren beruflichen Terminen ausreichend Zeit, die Stadt und die Umgebung zu erkunden. Nutzen Sie die Freizeit und besichtigen Sie den Villacher Kirchturm der Pfarrkirche St. Jakob, bummeln Sie durch die Gesch\u00e4fte des Einkaufszentrums <a href=\"https:\/\/www.atrio.at\/de\/\" target=\"_blank\" rel=\"noopener noreferrer\">ATRIO<\/a> oder genie\u00dfen Sie die heimischen Schmankerln in den zahlreichen Restaurants in der Fu\u00dfg\u00e4ngerzone.<\/p>\n<p>Die einzigartige Lage Ihres Business-Apartments im Zentrum Villachs l\u00e4dt zum Flanieren, Entdecken und Entspannen ein. Erleben Sie die kulturellen Highlights der Draustadt oder bewundern Sie die sch\u00f6ne Landschaft bei einer gem\u00fctlichen Schifffahrt auf der Drau. Nutzen Sie Ihren Aufenthalt f\u00fcr einen Sprung in den t\u00fcrkisblauen Faaker See oder eine Fahrradtour entlang des Radweges. Auch ein Ausflug in das nahe gelegene Italien ist empfehlenswert.<\/p>\n<p>&nbsp;<\/p>\n<p>[\/et_pb_text][\/et_pb_column][et_pb_column type=&#8220;1_2&#8243; _builder_version=&#8220;4.7.7&#8243; _module_preset=&#8220;default&#8220;][et_pb_image src=&#8220;https:\/\/www.apartments-villach.at\/wp-content\/uploads\/2020\/05\/Apartments-Villach-Business-Apartments-villa.jpg&#8220; alt=&#8220;Ein Koffer liegt auf der Bank im Business Apartment&#8220; title_text=&#8220;Homeoffice ist ebenfalls in dem Business Apartment m\u00f6glich&#8220; _builder_version=&#8220;4.5.1&#8243; _module_preset=&#8220;default&#8220;][\/et_pb_image][\/et_pb_column][\/et_pb_row][et_pb_row _builder_version=&#8220;4.7.7&#8243; _module_preset=&#8220;default&#8220;][et_pb_column type=&#8220;4_4&#8243; _builder_version=&#8220;4.7.7&#8243; _module_preset=&#8220;default&#8220;][et_pb_text _builder_version=&#8220;4.5.1&#8243; _module_preset=&#8220;default&#8220;]<\/p>\n<p><strong>Arbeitsplatz und Remote Working<\/strong><\/p>\n<p>[\/et_pb_text][et_pb_text _builder_version=&#8220;4.5.1&#8243; _module_preset=&#8220;default&#8220;]<\/p>\n<p>Ihr Business-Apartment erf\u00fcllt alle Kriterien, die es f\u00fcr einen perfekten Arbeitsplatz braucht. Kostenfreies WLAN, ausreichend Ablagefl\u00e4chen und Steckdosen sowie eine eigene voll ausgestattete K\u00fcche mit Kaffeemaschine und Wasserkocher verwandeln Ihr Apartment in Ihr pers\u00f6nliches Home-Office im Ausland.<\/p>\n<p>Freuen Sie sich bei Ihrem Workation-Urlaub auf ein modern eingerichtetes und vollwertig ausgestattetes Business-Apartment. Einfach kontaktlos einchecken, Laptop anschlie\u00dfen und schon k\u00f6nnen Sie in entspannter Atmosph\u00e4re loslegen.<\/p>\n<p>[\/et_pb_text][\/et_pb_column][\/et_pb_row][\/et_pb_section][et_pb_section fb_built=&#8220;1&#8243; _builder_version=&#8220;4.4.3&#8243; custom_padding=&#8220;0px||4px|||&#8220;][et_pb_row custom_padding_last_edited=&#8220;on|phone&#8220; _builder_version=&#8220;4.4.3&#8243; background_color=&#8220;#d5d7d4&#8243; width=&#8220;100%&#8220; width_tablet=&#8220;95%&#8220; width_phone=&#8220;&#8220; width_last_edited=&#8220;on|tablet&#8220; max_width=&#8220;1250px&#8220; custom_padding=&#8220;100px|140px|100px|140px|true|true&#8220; custom_padding_tablet=&#8220;80px|35px|80px|35px|true|true&#8220; custom_padding_phone=&#8220;|10px||10px|true|true&#8220; width__hover_enabled=&#8220;off|hover&#8220;][et_pb_column type=&#8220;4_4&#8243; _builder_version=&#8220;4.4.3&#8243;][et_pb_text _builder_version=&#8220;4.5.1&#8243; text_line_height=&#8220;28px&#8220; width_tablet=&#8220;87%&#8220; width_phone=&#8220;83%&#8220; width_last_edited=&#8220;on|tablet&#8220; module_alignment=&#8220;left&#8220; custom_margin=&#8220;0px||55px||false|false&#8220; hover_enabled=&#8220;0&#8243; text_font_size_tablet=&#8220;17px&#8220; text_font_size_phone=&#8220;17px&#8220; text_font_size_last_edited=&#8220;on|tablet&#8220; text_orientation_tablet=&#8220;center&#8220; text_orientation_phone=&#8220;&#8220; text_orientation_last_edited=&#8220;on|tablet&#8220; module_alignment_tablet=&#8220;center&#8220; module_alignment_phone=&#8220;&#8220; module_alignment_last_edited=&#8220;on|tablet&#8220; locked=&#8220;off&#8220;]<\/p>\n<p>Sie w\u00fcrden gerne Urlaub und Arbeit miteinander verbinden? Dann<a href=\"https:\/\/www.apartments-villach.at\/buchen\/\" target=\"_blank\" rel=\"noopener noreferrer\"> buchen Sie<\/a> eines unserer Business-Apartments direkt in Villach und genie\u00dfen Sie Ihren Workation-Aufenthalt.<\/p>\n<p>[\/et_pb_text][\/et_pb_column][\/et_pb_row][\/et_pb_section][et_pb_section fb_built=&#8220;1&#8243; _builder_version=&#8220;4.4.3&#8243; background_color=&#8220;#d5d7d4&#8243; custom_margin=&#8220;100px|||||&#8220; custom_padding=&#8220;||||false|false&#8220; border_width_top=&#8220;1px&#8220; global_module=&#8220;1486&#8243; collapsed=&#8220;on&#8220;][et_pb_row module_class=&#8220;wa-footer-newsletter-section&#8220; _builder_version=&#8220;4.5.1&#8243; background_size=&#8220;initial&#8220; background_position=&#8220;top_left&#8220; background_repeat=&#8220;repeat&#8220; module_alignment=&#8220;center&#8220;][et_pb_column type=&#8220;4_4&#8243; _builder_version=&#8220;4.4.3&#8243;][et_pb_text _builder_version=&#8220;4.4.3&#8243; text_font=&#8220;|||on|||||&#8220; text_text_color=&#8220;#000000&#8243; text_font_size=&#8220;13px&#8220; text_letter_spacing=&#8220;1.86px&#8220; text_line_height=&#8220;19px&#8220; header_text_color=&#8220;#000000&#8243; header_font_size=&#8220;50px&#8220; header_2_font=&#8220;|700|||||||&#8220; header_2_text_color=&#8220;#000000&#8243; header_2_font_size=&#8220;50px&#8220;]<\/p>\n<h2>Newsletter<\/h2>\n<p>MELDE DICH BEI UNSEREM NEWSLETTER AN UM IMMER \u00dcBER AKTUELLE NEWS UND ANGEBOTE INFORMIERT ZU BLEIBEN<\/p>\n<p>[\/et_pb_text][et_pb_code _builder_version=&#8220;4.4.3&#8243;]<script id=\"n2g_script\">!function(e,t,n,c,r,a,i){e.Newsletter2GoTrackingObject=r,e[r]=e[r]||function(){(e[r].q=e[r].q||[]).push(arguments)},e[r].l=1*new Date,a=t.createElement(n),i=t.getElementsByTagName(n)[0],a.async=1,a.src=c,i.parentNode.insertBefore(a,i)}(window,document,\"script\",\"https:\/\/static.newsletter2go.com\/utils.js\",\"n2g\");var config = {\"container\": {\"type\": \"div\",\"class\": \"\",\"style\": \"\"},\"row\": {\"type\": \"div\",\"class\": \"\",\"style\": \"margin-top: 15px;\"},\"columnLeft\": {\"type\": \"div\",\"class\": \"\",\"style\": \"\"},\"columnRight\": {\"type\": \"div\",\"class\": \"\",\"style\": \"\"},\"label\": {\"type\": \"label\",\"class\": \"\",\"style\": \"\"}};n2g('create', 'ut1m3fer-k96mt4nb-igs');n2g('subscribe:createForm', config);<\/script>[\/et_pb_code][\/et_pb_column][\/et_pb_row][\/et_pb_section]<\/p>\n","protected":false},"excerpt":{"rendered":"<p>WorkationWorkation in Villach: Arbeit und Urlaub mit AltstadtflairArbeiten und Reisen ist die perfekte Kombination \u2013 zumindest in unseren Business-Apartments in Villach. Denn unsere stilvoll eingerichteten Apartments bieten Ihnen sowohl ausreichend Platz zum Arbeiten als auch Ruhe zum Entspannen. Egal ob Sie sich f\u00fcr einen Termin vorbereiten m\u00fcssen, an einem Projekt arbeiten oder auf Gesch\u00e4ftsreise sind, [&hellip;]<\/p>\n","protected":false},"author":1,"featured_media":0,"parent":0,"menu_order":0,"comment_status":"closed","ping_status":"closed","template":"","meta":{"_et_pb_use_builder":"on","_et_pb_old_content":"","_et_gb_content_width":"","footnotes":""},"class_list":["post-5048","page","type-page","status-publish","hentry"],"yoast_head":"<!-- This site is optimized with the Yoast SEO plugin v27.3 - https:\/\/yoast.com\/product\/yoast-seo-wordpress\/ -->\n<title>Workation in Villach -Arbeiten und Reisen - Apart of me Villach<\/title>\n<meta name=\"description\" content=\"Bei einem Workation Aufenthalt in Villach k\u00f6nnen Sie Urlaub und Arbeit auf perfekte Art verbinden. Checken Sie noch heute in Ihrem Business-Apartment ein.\" \/>\n<meta name=\"robots\" content=\"index, follow, max-snippet:-1, max-image-preview:large, max-video-preview:-1\" \/>\n<link rel=\"canonical\" href=\"https:\/\/www.apartments-villach.at\/it\/auto-draft\/\" \/>\n<meta property=\"og:locale\" content=\"it_IT\" \/>\n<meta property=\"og:type\" content=\"article\" \/>\n<meta property=\"og:title\" content=\"Workation in Villach -Arbeiten und Reisen - Apart of me Villach\" \/>\n<meta property=\"og:description\" content=\"Bei einem Workation Aufenthalt in Villach k\u00f6nnen Sie Urlaub und Arbeit auf perfekte Art verbinden. Checken Sie noch heute in Ihrem Business-Apartment ein.\" \/>\n<meta property=\"og:url\" content=\"https:\/\/www.apartments-villach.at\/it\/auto-draft\/\" \/>\n<meta property=\"og:site_name\" content=\"Apartments Villach - Apart of me Villach\" \/>\n<meta property=\"article:modified_time\" content=\"2022-07-07T08:42:11+00:00\" \/>\n<meta name=\"twitter:card\" content=\"summary_large_image\" \/>\n<meta name=\"twitter:label1\" content=\"Est. reading time\" \/>\n\t<meta name=\"twitter:data1\" content=\"7 minutes\" \/>\n<script type=\"application\/ld+json\" class=\"yoast-schema-graph\">{\"@context\":\"https:\\\/\\\/schema.org\",\"@graph\":[{\"@type\":\"WebPage\",\"@id\":\"https:\\\/\\\/www.apartments-villach.at\\\/it\\\/auto-draft\\\/\",\"url\":\"https:\\\/\\\/www.apartments-villach.at\\\/it\\\/auto-draft\\\/\",\"name\":\"Workation in Villach -Arbeiten und Reisen - Apart of me Villach\",\"isPartOf\":{\"@id\":\"https:\\\/\\\/www.apartments-villach.at\\\/en\\\/#website\"},\"datePublished\":\"2022-06-02T07:45:49+00:00\",\"dateModified\":\"2022-07-07T08:42:11+00:00\",\"description\":\"Bei einem Workation Aufenthalt in Villach k\u00f6nnen Sie Urlaub und Arbeit auf perfekte Art verbinden. Checken Sie noch heute in Ihrem Business-Apartment ein.\",\"breadcrumb\":{\"@id\":\"https:\\\/\\\/www.apartments-villach.at\\\/it\\\/auto-draft\\\/#breadcrumb\"},\"inLanguage\":\"it-IT\",\"potentialAction\":[{\"@type\":\"ReadAction\",\"target\":[\"https:\\\/\\\/www.apartments-villach.at\\\/it\\\/auto-draft\\\/\"]}]},{\"@type\":\"BreadcrumbList\",\"@id\":\"https:\\\/\\\/www.apartments-villach.at\\\/it\\\/auto-draft\\\/#breadcrumb\",\"itemListElement\":[{\"@type\":\"ListItem\",\"position\":1,\"name\":\"Startseite\",\"item\":\"https:\\\/\\\/www.apartments-villach.at\\\/en\\\/\"},{\"@type\":\"ListItem\",\"position\":2,\"name\":\"Workation in Villach\"}]},{\"@type\":\"WebSite\",\"@id\":\"https:\\\/\\\/www.apartments-villach.at\\\/en\\\/#website\",\"url\":\"https:\\\/\\\/www.apartments-villach.at\\\/en\\\/\",\"name\":\"Apartments Villach - Apart of me Villach\",\"description\":\"Ihre Wohlf\u00fchloase in Villach\",\"publisher\":{\"@id\":\"https:\\\/\\\/www.apartments-villach.at\\\/en\\\/#organization\"},\"potentialAction\":[{\"@type\":\"SearchAction\",\"target\":{\"@type\":\"EntryPoint\",\"urlTemplate\":\"https:\\\/\\\/www.apartments-villach.at\\\/en\\\/?s={search_term_string}\"},\"query-input\":{\"@type\":\"PropertyValueSpecification\",\"valueRequired\":true,\"valueName\":\"search_term_string\"}}],\"inLanguage\":\"it-IT\"},{\"@type\":\"Organization\",\"@id\":\"https:\\\/\\\/www.apartments-villach.at\\\/en\\\/#organization\",\"name\":\"Apartments Villach\",\"url\":\"https:\\\/\\\/www.apartments-villach.at\\\/en\\\/\",\"logo\":{\"@type\":\"ImageObject\",\"inLanguage\":\"it-IT\",\"@id\":\"https:\\\/\\\/www.apartments-villach.at\\\/en\\\/#\\\/schema\\\/logo\\\/image\\\/\",\"url\":\"\",\"contentUrl\":\"\",\"caption\":\"Apartments Villach\"},\"image\":{\"@id\":\"https:\\\/\\\/www.apartments-villach.at\\\/en\\\/#\\\/schema\\\/logo\\\/image\\\/\"}}]}<\/script>\n<!-- \/ Yoast SEO plugin. -->","yoast_head_json":{"title":"Workation in Villach -Arbeiten und Reisen - Apart of me Villach","description":"Bei einem Workation Aufenthalt in Villach k\u00f6nnen Sie Urlaub und Arbeit auf perfekte Art verbinden. Checken Sie noch heute in Ihrem Business-Apartment ein.","robots":{"index":"index","follow":"follow","max-snippet":"max-snippet:-1","max-image-preview":"max-image-preview:large","max-video-preview":"max-video-preview:-1"},"canonical":"https:\/\/www.apartments-villach.at\/it\/auto-draft\/","og_locale":"it_IT","og_type":"article","og_title":"Workation in Villach -Arbeiten und Reisen - Apart of me Villach","og_description":"Bei einem Workation Aufenthalt in Villach k\u00f6nnen Sie Urlaub und Arbeit auf perfekte Art verbinden. Checken Sie noch heute in Ihrem Business-Apartment ein.","og_url":"https:\/\/www.apartments-villach.at\/it\/auto-draft\/","og_site_name":"Apartments Villach - Apart of me Villach","article_modified_time":"2022-07-07T08:42:11+00:00","twitter_card":"summary_large_image","twitter_misc":{"Est. reading time":"7 minutes"},"schema":{"@context":"https:\/\/schema.org","@graph":[{"@type":"WebPage","@id":"https:\/\/www.apartments-villach.at\/it\/auto-draft\/","url":"https:\/\/www.apartments-villach.at\/it\/auto-draft\/","name":"Workation in Villach -Arbeiten und Reisen - Apart of me Villach","isPartOf":{"@id":"https:\/\/www.apartments-villach.at\/en\/#website"},"datePublished":"2022-06-02T07:45:49+00:00","dateModified":"2022-07-07T08:42:11+00:00","description":"Bei einem Workation Aufenthalt in Villach k\u00f6nnen Sie Urlaub und Arbeit auf perfekte Art verbinden. Checken Sie noch heute in Ihrem Business-Apartment ein.","breadcrumb":{"@id":"https:\/\/www.apartments-villach.at\/it\/auto-draft\/#breadcrumb"},"inLanguage":"it-IT","potentialAction":[{"@type":"ReadAction","target":["https:\/\/www.apartments-villach.at\/it\/auto-draft\/"]}]},{"@type":"BreadcrumbList","@id":"https:\/\/www.apartments-villach.at\/it\/auto-draft\/#breadcrumb","itemListElement":[{"@type":"ListItem","position":1,"name":"Startseite","item":"https:\/\/www.apartments-villach.at\/en\/"},{"@type":"ListItem","position":2,"name":"Workation in Villach"}]},{"@type":"WebSite","@id":"https:\/\/www.apartments-villach.at\/en\/#website","url":"https:\/\/www.apartments-villach.at\/en\/","name":"Appartamenti Villach - Apart of me Villach","description":"La vostra oasi di benessere a Villach","publisher":{"@id":"https:\/\/www.apartments-villach.at\/en\/#organization"},"potentialAction":[{"@type":"SearchAction","target":{"@type":"EntryPoint","urlTemplate":"https:\/\/www.apartments-villach.at\/en\/?s={search_term_string}"},"query-input":{"@type":"PropertyValueSpecification","valueRequired":true,"valueName":"search_term_string"}}],"inLanguage":"it-IT"},{"@type":"Organization","@id":"https:\/\/www.apartments-villach.at\/en\/#organization","name":"Appartamenti Villach","url":"https:\/\/www.apartments-villach.at\/en\/","logo":{"@type":"ImageObject","inLanguage":"it-IT","@id":"https:\/\/www.apartments-villach.at\/en\/#\/schema\/logo\/image\/","url":"","contentUrl":"","caption":"Apartments Villach"},"image":{"@id":"https:\/\/www.apartments-villach.at\/en\/#\/schema\/logo\/image\/"}}]}},"_links":{"self":[{"href":"http:\/\/www.apartments-villach.at\/it\/wp-json\/wp\/v2\/pages\/5048","targetHints":{"allow":["GET"]}}],"collection":[{"href":"http:\/\/www.apartments-villach.at\/it\/wp-json\/wp\/v2\/pages"}],"about":[{"href":"http:\/\/www.apartments-villach.at\/it\/wp-json\/wp\/v2\/types\/page"}],"author":[{"embeddable":true,"href":"http:\/\/www.apartments-villach.at\/it\/wp-json\/wp\/v2\/users\/1"}],"replies":[{"embeddable":true,"href":"http:\/\/www.apartments-villach.at\/it\/wp-json\/wp\/v2\/comments?post=5048"}],"version-history":[{"count":12,"href":"http:\/\/www.apartments-villach.at\/it\/wp-json\/wp\/v2\/pages\/5048\/revisions"}],"predecessor-version":[{"id":5242,"href":"http:\/\/www.apartments-villach.at\/it\/wp-json\/wp\/v2\/pages\/5048\/revisions\/5242"}],"wp:attachment":[{"href":"http:\/\/www.apartments-villach.at\/it\/wp-json\/wp\/v2\/media?parent=5048"}],"curies":[{"name":"wp","href":"https:\/\/api.w.org\/{rel}","templated":true}]}}