{"id":2373,"date":"2020-05-06T06:50:20","date_gmt":"2020-05-06T04:50:20","guid":{"rendered":"https:\/\/www.apartments-villach.at\/?page_id=2373"},"modified":"2021-12-07T15:12:50","modified_gmt":"2021-12-07T14:12:50","slug":"partnerangebote","status":"publish","type":"page","link":"http:\/\/www.apartments-villach.at\/it\/partnerangebote\/","title":{"rendered":"Offerte dei partner"},"content":{"rendered":"<p>[et_pb_section fb_built=&#8220;1&#8243; custom_padding_last_edited=&#8220;on|phone&#8220; disabled_on=&#8220;off|off|off&#8220; _builder_version=&#8220;4.4.3&#8243; custom_padding=&#8220;||228px|||&#8220; custom_padding_tablet=&#8220;&#8220; custom_padding_phone=&#8220;||10px||false|false&#8220;][et_pb_row _builder_version=&#8220;4.4.3&#8243; custom_padding=&#8220;80px||||false|false&#8220;][et_pb_column type=&#8220;4_4&#8243; _builder_version=&#8220;4.4.3&#8243;][et_pb_text module_class=&#8220;wa-simplonMono&#8220; _builder_version=&#8220;4.4.3&#8243; header_font=&#8220;|700|||||||&#8220; header_text_align=&#8220;center&#8220; header_font_size=&#8220;100px&#8220; header_line_height=&#8220;65px&#8220; header_font_size_tablet=&#8220;&#8220; header_font_size_phone=&#8220;50px&#8220; header_font_size_last_edited=&#8220;on|phone&#8220; header_line_height_tablet=&#8220;&#8220; header_line_height_phone=&#8220;&#8220; header_line_height_last_edited=&#8220;on|phone&#8220;]<\/p>\n<h1 class=\"wa-hero-title\">Partner<span><br \/>SPECIALS<\/span><\/h1>\n<p>[\/et_pb_text][et_pb_text module_class=&#8220;wa-simplonMono&#8220; _builder_version=&#8220;4.4.3&#8243; text_font=&#8220;|||on|||||&#8220; text_font_size=&#8220;18px&#8220; text_letter_spacing=&#8220;3.6px&#8220; text_line_height=&#8220;25px&#8220; text_orientation=&#8220;center&#8220; custom_margin=&#8220;||7px|||&#8220; locked=&#8220;off&#8220;]<\/p>\n<p>F\u00dcR UNSERE BESUCHER<br \/>UND FREUNDE<\/p>\n<p>[\/et_pb_text][\/et_pb_column][\/et_pb_row][\/et_pb_section][et_pb_section fb_built=&#8220;1&#8243; disabled_on=&#8220;on|on|off&#8220; _builder_version=&#8220;4.4.3&#8243;][et_pb_row column_structure=&#8220;1_2,1_2&#8243; module_class=&#8220;wa-partner-desktop-section&#8220; _builder_version=&#8220;4.4.3&#8243; positioning=&#8220;absolute&#8220; position_origin_a=&#8220;top_center&#8220; z_index=&#8220;228&#8243; width=&#8220;82%&#8220; width_tablet=&#8220;&#8220; width_phone=&#8220;&#8220; width_last_edited=&#8220;on|desktop&#8220;][et_pb_column type=&#8220;1_2&#8243; _builder_version=&#8220;4.4.3&#8243;][et_pb_gallery gallery_ids=&#8220;2723,2721,2730&#8243; fullwidth=&#8220;on&#8220; module_class=&#8220;wa-partner-gallery&#8220; _builder_version=&#8220;4.4.3&#8243; locked=&#8220;off&#8220;][\/et_pb_gallery][\/et_pb_column][et_pb_column type=&#8220;1_2&#8243; _builder_version=&#8220;4.4.3&#8243;][\/et_pb_column][\/et_pb_row][et_pb_row column_structure=&#8220;1_2,1_2&#8243; make_equal=&#8220;on&#8220; module_class=&#8220;wa-partner-desktop-section-text wa-partner-desktop-section-text-right&#8220; _builder_version=&#8220;4.4.3&#8243; background_color=&#8220;#d5d7d4&#8243; width=&#8220;74%&#8220; width_tablet=&#8220;&#8220; width_phone=&#8220;&#8220; width_last_edited=&#8220;on|desktop&#8220; max_width=&#8220;1170px&#8220; module_alignment=&#8220;right&#8220; min_height=&#8220;463px&#8220; custom_margin=&#8220;||||false|false&#8220; custom_padding=&#8220;69px||57px|20px|false|false&#8220;][et_pb_column type=&#8220;1_2&#8243; module_class=&#8220;wa-partner-desktop-section-text-right-column&#8220; _builder_version=&#8220;4.4.3&#8243; background_color=&#8220;#d5d7d4&#8243;][et_pb_text module_class=&#8220;wa-simplonMono&#8220; _builder_version=&#8220;4.4.3&#8243; text_font=&#8220;|700||on|||||&#8220; text_font_size=&#8220;13px&#8220; text_letter_spacing=&#8220;2.6px&#8220; text_line_height=&#8220;25px&#8220; custom_margin=&#8220;||7px|||&#8220; text_font_size_tablet=&#8220;13px&#8220; text_font_size_phone=&#8220;&#8220; text_font_size_last_edited=&#8220;on|tablet&#8220; locked=&#8220;off&#8220;]<\/p>\n<p>Bike tourEN<\/p>\n<p>[\/et_pb_text][et_pb_text _builder_version=&#8220;4.4.3&#8243; text_font_size=&#8220;40px&#8220; text_line_height=&#8220;36px&#8220; custom_margin=&#8220;23px||||false|false&#8220; animation_direction=&#8220;right&#8220; locked=&#8220;off&#8220;]<\/p>\n<p><span class=\"wa-ab wa-simplonMono\">AB<\/span>\u20ac 35,-<\/p>\n<p>[\/et_pb_text][\/et_pb_column][et_pb_column type=&#8220;1_2&#8243; _builder_version=&#8220;4.4.3&#8243; background_color=&#8220;#d5d7d4&#8243; custom_padding=&#8220;||||false|false&#8220;][et_pb_text module_class=&#8220;wa-simplonMono&#8220; _builder_version=&#8220;4.4.3&#8243; text_font=&#8220;|700||on|||||&#8220; text_font_size=&#8220;18px&#8220; text_letter_spacing=&#8220;3.6px&#8220; text_line_height=&#8220;30px&#8220; custom_margin=&#8220;||7px|||&#8220; text_font_size_tablet=&#8220;13px&#8220; text_font_size_phone=&#8220;&#8220; text_font_size_last_edited=&#8220;on|tablet&#8220; locked=&#8220;off&#8220;]<\/p>\n<p>BIKE SPECIAL<\/p>\n<p>[\/et_pb_text][et_pb_text module_class=&#8220;wa-simplonMono&#8220; _builder_version=&#8220;4.4.3&#8243; text_font=&#8220;|700|||||||&#8220; text_font_size=&#8220;50px&#8220; text_line_height=&#8220;65px&#8220; custom_margin=&#8220;||7px|||&#8220; text_font_size_tablet=&#8220;30px&#8220; text_font_size_phone=&#8220;&#8220; text_font_size_last_edited=&#8220;on|tablet&#8220; locked=&#8220;off&#8220;]<\/p>\n<p>Alpbrothers<\/p>\n<p>[\/et_pb_text][et_pb_text _builder_version=&#8220;4.4.3&#8243; text_line_height=&#8220;32px&#8220; width=&#8220;84%&#8220; width_tablet=&#8220;100%&#8220; width_phone=&#8220;&#8220; width_last_edited=&#8220;on|desktop&#8220; module_alignment=&#8220;left&#8220; custom_margin=&#8220;||40px||false|false&#8220; locked=&#8220;off&#8220;]<\/p>\n<p>Mountainbiken in K\u00e4rnten ist einzigartig.<br \/>\nWer mit uns den Tag verbringt soll daher vor allem eines, mit einem breiten L\u00e4cheln nach Hause gehen.<\/p>\n<p>[\/et_pb_text][et_pb_button button_url=&#8220;\/partnerangebote\/alpbrothers&#8220; button_text=&#8220;MEHR DAZU&#8220; button_alignment=&#8220;left&#8220; module_class=&#8220;wa-simplonMono wa-link-with-arrow&#8220; _builder_version=&#8220;4.4.3&#8243; custom_button=&#8220;on&#8220; button_text_size=&#8220;13px&#8220; button_text_color=&#8220;#000000&#8243; button_bg_color=&#8220;rgba(0,0,0,0)&#8220; button_border_width=&#8220;0px&#8220; button_border_color=&#8220;rgba(0,0,0,0)&#8220; button_border_radius=&#8220;0px&#8220; button_letter_spacing=&#8220;1.86px&#8220; button_icon=&#8220;%%20%%&#8220; button_on_hover=&#8220;off&#8220; animation_direction=&#8220;right&#8220; locked=&#8220;off&#8220; button_border_color__hover_enabled=&#8220;on|desktop&#8220; button_bg_color__hover_enabled=&#8220;on|desktop&#8220;][\/et_pb_button][\/et_pb_column][\/et_pb_row][\/et_pb_section][et_pb_section fb_built=&#8220;1&#8243; disabled_on=&#8220;on|on|on&#8220; _builder_version=&#8220;4.4.3&#8243; custom_margin=&#8220;180px||||false|false&#8220; disabled=&#8220;on&#8220;][et_pb_row column_structure=&#8220;1_2,1_2&#8243; module_class=&#8220;wa-partner-desktop-section&#8220; _builder_version=&#8220;4.4.3&#8243; positioning=&#8220;absolute&#8220; position_origin_a=&#8220;top_center&#8220; z_index=&#8220;228&#8243; width=&#8220;82%&#8220; width_tablet=&#8220;&#8220; width_phone=&#8220;&#8220; width_last_edited=&#8220;on|desktop&#8220;][et_pb_column type=&#8220;1_2&#8243; _builder_version=&#8220;4.4.3&#8243;][\/et_pb_column][et_pb_column type=&#8220;1_2&#8243; _builder_version=&#8220;4.4.3&#8243;][et_pb_gallery gallery_ids=&#8220;2735,2734,2733&#8243; fullwidth=&#8220;on&#8220; module_class=&#8220;wa-partner-gallery&#8220; _builder_version=&#8220;4.4.3&#8243; locked=&#8220;off&#8220;][\/et_pb_gallery][\/et_pb_column][\/et_pb_row][\/et_pb_section][et_pb_section fb_built=&#8220;1&#8243; disabled_on=&#8220;off|off|on&#8220; admin_label=&#8220;Unsere partner &#8211; only for tablet and mobile&#8220; _builder_version=&#8220;4.4.3&#8243; custom_padding=&#8220;0px||101px|||&#8220; locked=&#8220;off&#8220;][et_pb_row disabled_on=&#8220;on|on|on&#8220; _builder_version=&#8220;4.4.3&#8243; disabled=&#8220;on&#8220;][et_pb_column type=&#8220;4_4&#8243; _builder_version=&#8220;4.4.3&#8243;][et_pb_text module_class=&#8220;wa-simplonMono&#8220; _builder_version=&#8220;4.4.3&#8243; text_font=&#8220;|700||on|||||&#8220; text_font_size=&#8220;18px&#8220; text_letter_spacing=&#8220;3.6px&#8220; text_line_height=&#8220;30px&#8220; text_orientation=&#8220;center&#8220; custom_margin=&#8220;||7px|||&#8220;]<\/p>\n<p>UNSERE PARTNER \u2013 DEINE VORTEILE<\/p>\n<p>[\/et_pb_text][\/et_pb_column][\/et_pb_row][et_pb_row disabled_on=&#8220;off|off|on&#8220; _builder_version=&#8220;4.4.3&#8243; background_color=&#8220;#d5d7d4&#8243; width=&#8220;90%&#8220; custom_padding=&#8220;|30px||30px|false|false&#8220;][et_pb_column type=&#8220;4_4&#8243; _builder_version=&#8220;4.4.3&#8243;][et_pb_text module_class=&#8220;wa-simplonMono&#8220; _builder_version=&#8220;4.4.3&#8243; text_font=&#8220;|700||on|||||&#8220; text_font_size=&#8220;18px&#8220; text_letter_spacing=&#8220;3.6px&#8220; text_line_height=&#8220;30px&#8220; custom_margin=&#8220;||7px|||&#8220; text_font_size_tablet=&#8220;13px&#8220; text_font_size_phone=&#8220;&#8220; text_font_size_last_edited=&#8220;on|tablet&#8220;]<\/p>\n<p>BIKE SPECIAL<\/p>\n<p>[\/et_pb_text][et_pb_text module_class=&#8220;wa-simplonMono&#8220; _builder_version=&#8220;4.4.3&#8243; text_font=&#8220;|700|||||||&#8220; text_font_size=&#8220;18px&#8220; text_line_height=&#8220;65px&#8220; custom_margin=&#8220;||7px|||&#8220; text_font_size_tablet=&#8220;30px&#8220; text_font_size_phone=&#8220;&#8220; text_font_size_last_edited=&#8220;on|tablet&#8220;]<\/p>\n<p>Alpbrothers<\/p>\n<p>[\/et_pb_text][et_pb_text _builder_version=&#8220;4.4.3&#8243; text_font_size=&#8220;17px&#8220; text_line_height=&#8220;25px&#8220; width_tablet=&#8220;100%&#8220; width_phone=&#8220;&#8220; width_last_edited=&#8220;on|desktop&#8220; module_alignment=&#8220;center&#8220; custom_margin=&#8220;||29px|||&#8220;]<\/p>\n<p>Mountainbiken in K\u00e4rnten ist einzigartig.<br \/>\nWer mit uns den Tag verbringt soll daher vor allem eines, mit einem breiten L\u00e4cheln nach Hause gehen.<\/p>\n<p>[\/et_pb_text][et_pb_text module_class=&#8220;wa-simplonMono&#8220; _builder_version=&#8220;4.4.3&#8243; text_font=&#8220;|700||on|||||&#8220; text_font_size=&#8220;18px&#8220; text_letter_spacing=&#8220;3.6px&#8220; text_line_height=&#8220;30px&#8220; custom_margin=&#8220;||7px|||&#8220; text_font_size_tablet=&#8220;13px&#8220; text_font_size_phone=&#8220;&#8220; text_font_size_last_edited=&#8220;on|tablet&#8220;]<\/p>\n<p>Bike tourEN<\/p>\n<p>[\/et_pb_text][et_pb_text _builder_version=&#8220;4.4.3&#8243; text_font_size=&#8220;40px&#8220; text_line_height=&#8220;36px&#8220; custom_margin=&#8220;23px||28px|||&#8220; animation_direction=&#8220;right&#8220;]<\/p>\n<p><span class=\"wa-ab wa-simplonMono\">AB<\/span>\u20ac 35,-<\/p>\n<p>[\/et_pb_text][et_pb_button button_url=&#8220;\/partnerangebote\/alpbrothers&#8220; button_text=&#8220;MEHR DAZU&#8220; button_alignment=&#8220;left&#8220; module_class=&#8220;wa-simplonMono wa-link-with-arrow&#8220; _builder_version=&#8220;4.4.3&#8243; custom_button=&#8220;on&#8220; button_text_size=&#8220;13px&#8220; button_text_color=&#8220;#000000&#8243; button_bg_color=&#8220;rgba(0,0,0,0)&#8220; button_border_width=&#8220;0px&#8220; button_border_color=&#8220;rgba(0,0,0,0)&#8220; button_border_radius=&#8220;0px&#8220; button_letter_spacing=&#8220;1.86px&#8220; button_icon=&#8220;%%20%%&#8220; button_on_hover=&#8220;off&#8220; animation_direction=&#8220;right&#8220; button_border_color__hover_enabled=&#8220;on|desktop&#8220; button_bg_color__hover_enabled=&#8220;on|desktop&#8220;][\/et_pb_button][\/et_pb_column][\/et_pb_row][\/et_pb_section][et_pb_section fb_built=&#8220;1&#8243; _builder_version=&#8220;4.4.3&#8243; background_color=&#8220;#d5d7d4&#8243; custom_margin=&#8220;100px|||||&#8220; custom_padding=&#8220;||||false|false&#8220; border_width_top=&#8220;1px&#8220; global_module=&#8220;1486&#8243;][et_pb_row module_class=&#8220;wa-footer-newsletter-section&#8220; _builder_version=&#8220;4.5.1&#8243; background_size=&#8220;initial&#8220; background_position=&#8220;top_left&#8220; background_repeat=&#8220;repeat&#8220; module_alignment=&#8220;center&#8220;][et_pb_column type=&#8220;4_4&#8243; _builder_version=&#8220;4.4.3&#8243;][et_pb_text _builder_version=&#8220;4.4.3&#8243; text_font=&#8220;|||on|||||&#8220; text_text_color=&#8220;#000000&#8243; text_font_size=&#8220;13px&#8220; text_letter_spacing=&#8220;1.86px&#8220; text_line_height=&#8220;19px&#8220; header_text_color=&#8220;#000000&#8243; header_font_size=&#8220;50px&#8220; header_2_font=&#8220;|700|||||||&#8220; header_2_text_color=&#8220;#000000&#8243; header_2_font_size=&#8220;50px&#8220;]<\/p>\n<h2>Newsletter<\/h2>\n<p>MELDE DICH BEI UNSEREM NEWSLETTER AN UM IMMER \u00dcBER AKTUELLE NEWS UND ANGEBOTE INFORMIERT ZU BLEIBEN<\/p>\n<p>[\/et_pb_text][et_pb_code _builder_version=&#8220;4.4.3&#8243;]<script id=\"n2g_script\">!function(e,t,n,c,r,a,i){e.Newsletter2GoTrackingObject=r,e[r]=e[r]||function(){(e[r].q=e[r].q||[]).push(arguments)},e[r].l=1*new Date,a=t.createElement(n),i=t.getElementsByTagName(n)[0],a.async=1,a.src=c,i.parentNode.insertBefore(a,i)}(window,document,\"script\",\"https:\/\/static.newsletter2go.com\/utils.js\",\"n2g\");var config = {\"container\": {\"type\": \"div\",\"class\": \"\",\"style\": \"\"},\"row\": {\"type\": \"div\",\"class\": \"\",\"style\": \"margin-top: 15px;\"},\"columnLeft\": {\"type\": \"div\",\"class\": \"\",\"style\": \"\"},\"columnRight\": {\"type\": \"div\",\"class\": \"\",\"style\": \"\"},\"label\": {\"type\": \"label\",\"class\": \"\",\"style\": \"\"}};n2g('create', 'ut1m3fer-k96mt4nb-igs');n2g('subscribe:createForm', config);<\/script>[\/et_pb_code][\/et_pb_column][\/et_pb_row][\/et_pb_section]<\/p>\n","protected":false},"excerpt":{"rendered":"<p>PartnerSPECIALSF\u00dcR UNSERE BESUCHERUND FREUNDEBike tourENAB\u20ac 35,-BIKE SPECIALAlpbrothersMountainbiken in K\u00e4rnten ist einzigartig. Wer mit uns den Tag verbringt soll daher vor allem eines, mit einem breiten L\u00e4cheln nach Hause gehen.UNSERE PARTNER \u2013 DEINE VORTEILEBIKE SPECIALAlpbrothersMountainbiken in K\u00e4rnten ist einzigartig. Wer mit uns den Tag verbringt soll daher vor allem eines, mit einem breiten L\u00e4cheln nach Hause [&hellip;]<\/p>\n","protected":false},"author":1,"featured_media":0,"parent":0,"menu_order":0,"comment_status":"closed","ping_status":"closed","template":"","meta":{"_et_pb_use_builder":"on","_et_pb_old_content":"","_et_gb_content_width":"","footnotes":""},"class_list":["post-2373","page","type-page","status-publish","hentry"],"yoast_head":"<!-- This site is optimized with the Yoast SEO plugin v27.3 - https:\/\/yoast.com\/product\/yoast-seo-wordpress\/ -->\n<title>Partnerangebote - Apartments Villach - Apart of me Villach - Sonderkonditionen nur f\u00fcr Sie<\/title>\n<meta name=\"description\" content=\"Speziell f\u00fcr unsere G\u00e4ste haben wir mit anderen Betrieben der Region Partnerangebote ausgearbeitet. So profitieren Sie von Verg\u00fcnstigungen.\" \/>\n<meta name=\"robots\" content=\"index, follow, max-snippet:-1, max-image-preview:large, max-video-preview:-1\" \/>\n<link rel=\"canonical\" href=\"https:\/\/www.apartments-villach.at\/it\/partnerangebote\/\" \/>\n<meta property=\"og:locale\" content=\"it_IT\" \/>\n<meta property=\"og:type\" content=\"article\" \/>\n<meta property=\"og:title\" content=\"Partnerangebote - Apartments Villach - Apart of me Villach - Sonderkonditionen nur f\u00fcr Sie\" \/>\n<meta property=\"og:description\" content=\"Speziell f\u00fcr unsere G\u00e4ste haben wir mit anderen Betrieben der Region Partnerangebote ausgearbeitet. So profitieren Sie von Verg\u00fcnstigungen.\" \/>\n<meta property=\"og:url\" content=\"https:\/\/www.apartments-villach.at\/it\/partnerangebote\/\" \/>\n<meta property=\"og:site_name\" content=\"Apartments Villach - Apart of me Villach\" \/>\n<meta property=\"article:modified_time\" content=\"2021-12-07T14:12:50+00:00\" \/>\n<meta name=\"twitter:card\" content=\"summary_large_image\" \/>\n<meta name=\"twitter:label1\" content=\"Est. reading time\" \/>\n\t<meta name=\"twitter:data1\" content=\"6 minutes\" \/>\n<script type=\"application\/ld+json\" class=\"yoast-schema-graph\">{\"@context\":\"https:\\\/\\\/schema.org\",\"@graph\":[{\"@type\":\"WebPage\",\"@id\":\"https:\\\/\\\/www.apartments-villach.at\\\/partnerangebote\\\/\",\"url\":\"https:\\\/\\\/www.apartments-villach.at\\\/partnerangebote\\\/\",\"name\":\"Partnerangebote - Apartments Villach - Apart of me Villach - Sonderkonditionen nur f\u00fcr Sie\",\"isPartOf\":{\"@id\":\"https:\\\/\\\/www.apartments-villach.at\\\/en\\\/#website\"},\"datePublished\":\"2020-05-06T04:50:20+00:00\",\"dateModified\":\"2021-12-07T14:12:50+00:00\",\"description\":\"Speziell f\u00fcr unsere G\u00e4ste haben wir mit anderen Betrieben der Region Partnerangebote ausgearbeitet. So profitieren Sie von Verg\u00fcnstigungen.\",\"breadcrumb\":{\"@id\":\"https:\\\/\\\/www.apartments-villach.at\\\/partnerangebote\\\/#breadcrumb\"},\"inLanguage\":\"it-IT\",\"potentialAction\":[{\"@type\":\"ReadAction\",\"target\":[\"https:\\\/\\\/www.apartments-villach.at\\\/partnerangebote\\\/\"]}]},{\"@type\":\"BreadcrumbList\",\"@id\":\"https:\\\/\\\/www.apartments-villach.at\\\/partnerangebote\\\/#breadcrumb\",\"itemListElement\":[{\"@type\":\"ListItem\",\"position\":1,\"name\":\"Startseite\",\"item\":\"https:\\\/\\\/www.apartments-villach.at\\\/en\\\/\"},{\"@type\":\"ListItem\",\"position\":2,\"name\":\"Partnerangebote\"}]},{\"@type\":\"WebSite\",\"@id\":\"https:\\\/\\\/www.apartments-villach.at\\\/en\\\/#website\",\"url\":\"https:\\\/\\\/www.apartments-villach.at\\\/en\\\/\",\"name\":\"Apartments Villach - Apart of me Villach\",\"description\":\"Ihre Wohlf\u00fchloase in Villach\",\"publisher\":{\"@id\":\"https:\\\/\\\/www.apartments-villach.at\\\/en\\\/#organization\"},\"potentialAction\":[{\"@type\":\"SearchAction\",\"target\":{\"@type\":\"EntryPoint\",\"urlTemplate\":\"https:\\\/\\\/www.apartments-villach.at\\\/en\\\/?s={search_term_string}\"},\"query-input\":{\"@type\":\"PropertyValueSpecification\",\"valueRequired\":true,\"valueName\":\"search_term_string\"}}],\"inLanguage\":\"it-IT\"},{\"@type\":\"Organization\",\"@id\":\"https:\\\/\\\/www.apartments-villach.at\\\/en\\\/#organization\",\"name\":\"Apartments Villach\",\"url\":\"https:\\\/\\\/www.apartments-villach.at\\\/en\\\/\",\"logo\":{\"@type\":\"ImageObject\",\"inLanguage\":\"it-IT\",\"@id\":\"https:\\\/\\\/www.apartments-villach.at\\\/en\\\/#\\\/schema\\\/logo\\\/image\\\/\",\"url\":\"\",\"contentUrl\":\"\",\"caption\":\"Apartments Villach\"},\"image\":{\"@id\":\"https:\\\/\\\/www.apartments-villach.at\\\/en\\\/#\\\/schema\\\/logo\\\/image\\\/\"}}]}<\/script>\n<!-- \/ Yoast SEO plugin. -->","yoast_head_json":{"title":"Partnerangebote - Apartments Villach - Apart of me Villach - Sonderkonditionen nur f\u00fcr Sie","description":"Speziell f\u00fcr unsere G\u00e4ste haben wir mit anderen Betrieben der Region Partnerangebote ausgearbeitet. So profitieren Sie von Verg\u00fcnstigungen.","robots":{"index":"index","follow":"follow","max-snippet":"max-snippet:-1","max-image-preview":"max-image-preview:large","max-video-preview":"max-video-preview:-1"},"canonical":"https:\/\/www.apartments-villach.at\/it\/partnerangebote\/","og_locale":"it_IT","og_type":"article","og_title":"Partnerangebote - Apartments Villach - Apart of me Villach - Sonderkonditionen nur f\u00fcr Sie","og_description":"Speziell f\u00fcr unsere G\u00e4ste haben wir mit anderen Betrieben der Region Partnerangebote ausgearbeitet. So profitieren Sie von Verg\u00fcnstigungen.","og_url":"https:\/\/www.apartments-villach.at\/it\/partnerangebote\/","og_site_name":"Apartments Villach - Apart of me Villach","article_modified_time":"2021-12-07T14:12:50+00:00","twitter_card":"summary_large_image","twitter_misc":{"Est. reading time":"6 minutes"},"schema":{"@context":"https:\/\/schema.org","@graph":[{"@type":"WebPage","@id":"https:\/\/www.apartments-villach.at\/partnerangebote\/","url":"https:\/\/www.apartments-villach.at\/partnerangebote\/","name":"Partnerangebote - Apartments Villach - Apart of me Villach - Sonderkonditionen nur f\u00fcr Sie","isPartOf":{"@id":"https:\/\/www.apartments-villach.at\/en\/#website"},"datePublished":"2020-05-06T04:50:20+00:00","dateModified":"2021-12-07T14:12:50+00:00","description":"Speziell f\u00fcr unsere G\u00e4ste haben wir mit anderen Betrieben der Region Partnerangebote ausgearbeitet. So profitieren Sie von Verg\u00fcnstigungen.","breadcrumb":{"@id":"https:\/\/www.apartments-villach.at\/partnerangebote\/#breadcrumb"},"inLanguage":"it-IT","potentialAction":[{"@type":"ReadAction","target":["https:\/\/www.apartments-villach.at\/partnerangebote\/"]}]},{"@type":"BreadcrumbList","@id":"https:\/\/www.apartments-villach.at\/partnerangebote\/#breadcrumb","itemListElement":[{"@type":"ListItem","position":1,"name":"Startseite","item":"https:\/\/www.apartments-villach.at\/en\/"},{"@type":"ListItem","position":2,"name":"Partnerangebote"}]},{"@type":"WebSite","@id":"https:\/\/www.apartments-villach.at\/en\/#website","url":"https:\/\/www.apartments-villach.at\/en\/","name":"Appartamenti Villach - Apart of me Villach","description":"La vostra oasi di benessere a Villach","publisher":{"@id":"https:\/\/www.apartments-villach.at\/en\/#organization"},"potentialAction":[{"@type":"SearchAction","target":{"@type":"EntryPoint","urlTemplate":"https:\/\/www.apartments-villach.at\/en\/?s={search_term_string}"},"query-input":{"@type":"PropertyValueSpecification","valueRequired":true,"valueName":"search_term_string"}}],"inLanguage":"it-IT"},{"@type":"Organization","@id":"https:\/\/www.apartments-villach.at\/en\/#organization","name":"Appartamenti Villach","url":"https:\/\/www.apartments-villach.at\/en\/","logo":{"@type":"ImageObject","inLanguage":"it-IT","@id":"https:\/\/www.apartments-villach.at\/en\/#\/schema\/logo\/image\/","url":"","contentUrl":"","caption":"Apartments Villach"},"image":{"@id":"https:\/\/www.apartments-villach.at\/en\/#\/schema\/logo\/image\/"}}]}},"_links":{"self":[{"href":"http:\/\/www.apartments-villach.at\/it\/wp-json\/wp\/v2\/pages\/2373","targetHints":{"allow":["GET"]}}],"collection":[{"href":"http:\/\/www.apartments-villach.at\/it\/wp-json\/wp\/v2\/pages"}],"about":[{"href":"http:\/\/www.apartments-villach.at\/it\/wp-json\/wp\/v2\/types\/page"}],"author":[{"embeddable":true,"href":"http:\/\/www.apartments-villach.at\/it\/wp-json\/wp\/v2\/users\/1"}],"replies":[{"embeddable":true,"href":"http:\/\/www.apartments-villach.at\/it\/wp-json\/wp\/v2\/comments?post=2373"}],"version-history":[{"count":56,"href":"http:\/\/www.apartments-villach.at\/it\/wp-json\/wp\/v2\/pages\/2373\/revisions"}],"predecessor-version":[{"id":3134,"href":"http:\/\/www.apartments-villach.at\/it\/wp-json\/wp\/v2\/pages\/2373\/revisions\/3134"}],"wp:attachment":[{"href":"http:\/\/www.apartments-villach.at\/it\/wp-json\/wp\/v2\/media?parent=2373"}],"curies":[{"name":"wp","href":"https:\/\/api.w.org\/{rel}","templated":true}]}}