{"id":149,"date":"2017-11-26T14:05:41","date_gmt":"2017-11-26T13:05:41","guid":{"rendered":"http:\/\/www.apartments-villach.at\/?page_id=149"},"modified":"2020-08-19T10:35:53","modified_gmt":"2020-08-19T08:35:53","slug":"familienurlaub-2","status":"publish","type":"page","link":"http:\/\/www.apartments-villach.at\/it\/familienurlaub-2\/","title":{"rendered":"Vacanza in famiglia"},"content":{"rendered":"<p>[et_pb_section fb_built=&#8220;1&#8243; _builder_version=&#8220;4.4.3&#8243; max_width=&#8220;1440px&#8220; module_alignment=&#8220;center&#8220; custom_margin=&#8220;0px||||false|false&#8220; custom_padding=&#8220;0px||||false|false&#8220; locked=&#8220;off&#8220;][et_pb_row column_structure=&#8220;1_2,1_2&#8243; make_equal=&#8220;on&#8220; custom_padding_last_edited=&#8220;on|tablet&#8220; module_class=&#8220; wa-vertical-center-section wa-subpages-hero-section&#8220; _builder_version=&#8220;4.4.3&#8243; width=&#8220;100%&#8220; width_tablet=&#8220;100%&#8220; width_phone=&#8220;&#8220; width_last_edited=&#8220;on|phone&#8220; custom_padding=&#8220;80px||||false|false&#8220; custom_padding_tablet=&#8220;||0px||false|false&#8220; custom_padding_phone=&#8220;&#8220; custom_css_before_last_edited=&#8220;on|desktop&#8220;][et_pb_column type=&#8220;1_2&#8243; _builder_version=&#8220;4.4.3&#8243; animation_style=&#8220;slide&#8220; animation_direction=&#8220;left&#8220; animation_duration=&#8220;1500ms&#8220;][et_pb_image src=&#8220;https:\/\/www.apartments-villach.at\/wp-content\/uploads\/2020\/06\/familienurlaub-apart-of-me-villach.jpg&#8220; align=&#8220;center&#8220; align_tablet=&#8220;&#8220; align_phone=&#8220;&#8220; align_last_edited=&#8220;on|tablet&#8220; _builder_version=&#8220;4.4.3&#8243;][\/et_pb_image][\/et_pb_column][et_pb_column type=&#8220;1_2&#8243; _builder_version=&#8220;4.4.3&#8243; custom_padding=&#8220;||||false|false&#8220; custom_padding_tablet=&#8220;|||0px|false|false&#8220; custom_padding_phone=&#8220;&#8220; custom_padding_last_edited=&#8220;on|tablet&#8220; animation_style=&#8220;slide&#8220; animation_direction=&#8220;right&#8220; animation_duration=&#8220;1500ms&#8220;][et_pb_text module_class=&#8220;wa-simplonMono&#8220; _builder_version=&#8220;4.4.3&#8243; text_font=&#8220;|700||on|||||&#8220; text_font_size=&#8220;13px&#8220; text_letter_spacing=&#8220;3.6px&#8220; text_line_height=&#8220;25px&#8220; text_orientation=&#8220;center&#8220; custom_margin=&#8220;||7px|||&#8220; text_orientation_tablet=&#8220;center&#8220; text_orientation_phone=&#8220;&#8220; text_orientation_last_edited=&#8220;on|tablet&#8220; locked=&#8220;off&#8220;]<\/p>\n<p>erleben<\/p>\n<p>[\/et_pb_text][et_pb_text module_class=&#8220;wa-simplonMono&#8220; _builder_version=&#8220;4.4.3&#8243; text_font=&#8220;|700||on|||||&#8220; text_font_size=&#8220;18px&#8220; text_line_height=&#8220;25px&#8220; header_font=&#8220;|700|||||||&#8220; header_text_align=&#8220;center&#8220; header_font_size=&#8220;50px&#8220; header_line_height=&#8220;65px&#8220; header_3_font=&#8220;|700|||||||&#8220; header_3_text_align=&#8220;left&#8220; header_3_font_size=&#8220;50px&#8220; header_3_line_height=&#8220;65px&#8220; width=&#8220;100%&#8220; width_tablet=&#8220;100%&#8220; width_phone=&#8220;&#8220; width_last_edited=&#8220;on|tablet&#8220; custom_margin=&#8220;||1px|||&#8220; header_text_align_tablet=&#8220;center&#8220; header_text_align_phone=&#8220;&#8220; header_text_align_last_edited=&#8220;on|tablet&#8220; header_font_size_tablet=&#8220;40px&#8220; header_font_size_phone=&#8220;40px&#8220; header_font_size_last_edited=&#8220;on|phone&#8220; header_3_text_align_tablet=&#8220;center&#8220; header_3_text_align_phone=&#8220;&#8220; header_3_text_align_last_edited=&#8220;on|tablet&#8220; header_3_font_size_tablet=&#8220;40px&#8220; header_3_font_size_phone=&#8220;40px&#8220; header_3_font_size_last_edited=&#8220;on|phone&#8220; text_orientation_tablet=&#8220;&#8220; text_orientation_phone=&#8220;&#8220; text_orientation_last_edited=&#8220;on|desktop&#8220; locked=&#8220;off&#8220;]<\/p>\n<h1>Familienurlaub<\/h1>\n<p>[\/et_pb_text][et_pb_text module_class=&#8220;wa-simplonMono&#8220; _builder_version=&#8220;4.4.3&#8243; text_font=&#8220;|||on|||||&#8220; text_font_size=&#8220;13px&#8220; text_letter_spacing=&#8220;1.86px&#8220; text_line_height=&#8220;19px&#8220; text_orientation=&#8220;center&#8220; custom_margin=&#8220;||7px|||&#8220; text_orientation_tablet=&#8220;center&#8220; text_orientation_phone=&#8220;&#8220; text_orientation_last_edited=&#8220;on|tablet&#8220; locked=&#8220;off&#8220;]<\/p>\n<p>DAS PERFEKTE APARTMENT<br \/>\nF\u00dcR ERKUNDUNGSTRIPS<\/p>\n<p>[\/et_pb_text][\/et_pb_column][\/et_pb_row][\/et_pb_section][et_pb_section fb_built=&#8220;1&#8243; _builder_version=&#8220;4.4.3&#8243; custom_padding=&#8220;0px||4px|||&#8220; locked=&#8220;off&#8220;][et_pb_row custom_padding_last_edited=&#8220;on|phone&#8220; _builder_version=&#8220;4.4.3&#8243; background_color=&#8220;#d5d7d4&#8243; width=&#8220;100%&#8220; width_tablet=&#8220;95%&#8220; width_phone=&#8220;&#8220; width_last_edited=&#8220;on|tablet&#8220; max_width=&#8220;1250px&#8220; custom_padding=&#8220;100px|140px|100px|140px|true|true&#8220; custom_padding_tablet=&#8220;80px|35px|80px|35px|true|true&#8220; custom_padding_phone=&#8220;|10px||10px|true|true&#8220; width__hover_enabled=&#8220;off|hover&#8220;][et_pb_column type=&#8220;4_4&#8243; _builder_version=&#8220;4.4.3&#8243;][et_pb_text _builder_version=&#8220;4.4.3&#8243; text_line_height=&#8220;28px&#8220; link_text_color=&#8220;#000000&#8243; width_tablet=&#8220;87%&#8220; width_phone=&#8220;83%&#8220; width_last_edited=&#8220;on|tablet&#8220; module_alignment=&#8220;left&#8220; custom_margin=&#8220;0px||55px|||&#8220; text_font_size_tablet=&#8220;17px&#8220; text_font_size_phone=&#8220;17px&#8220; text_font_size_last_edited=&#8220;on|tablet&#8220; text_orientation_tablet=&#8220;center&#8220; text_orientation_phone=&#8220;&#8220; text_orientation_last_edited=&#8220;on|tablet&#8220; module_alignment_tablet=&#8220;center&#8220; module_alignment_phone=&#8220;&#8220; module_alignment_last_edited=&#8220;on|tablet&#8220; locked=&#8220;off&#8220; link_text_color__hover_enabled=&#8220;on|hover&#8220; link_text_color__hover=&#8220;#ffffff&#8220;]<\/p>\n<p>Ein Urlaub in unseren Apartments garantiert Spa\u00df und Erholung fu\u0308r die gesamte Familie. Unsere gro\u00dfzu\u0308gig ausgestatteten Ferienwohnungen bieten ausreichend Platz fu\u0308r jedes einzelne Familienmitglied. Unser Haus liegt in einer ruhigen Villengegend, abseits der befahrenen Stra\u00dfe, und bietet somit auch Ihren Kleinsten ausreichend Schutz und Bewegungsm\u00f6glichkeiten.<\/p>\n<p> Fu\u0308r Abwechslung sorgen die schier endlosen Ausflugs- und Unterhaltungsm\u00f6glichkeiten in der Stadt Villach sowie in der unmittelbaren Umgebung. Viele davon k\u00f6nnen auch genutzt werden, wenn die Sonne einmal Urlaub macht. N\u00e4here Infos dazu finden Sie in unserer Rubrik:<span style=\"color: #ffffff;\"> <\/span><span style=\"text-decoration: underline; color: #ffffff;\"><a href=\"https:\/\/www.apartments-villach.at\/ausflugsziele\/\" style=\"text-decoration: underline;\">Ausflugsm\u00f6glichkeiten<\/a><\/span>.<\/p>\n<p>[\/et_pb_text][et_pb_button button_url=&#8220;\/buchen&#8220; button_text=&#8220;JETZT ANFRAGEN&#8220; button_alignment=&#8220;left&#8220; button_alignment_tablet=&#8220;center&#8220; button_alignment_phone=&#8220;&#8220; button_alignment_last_edited=&#8220;on|tablet&#8220; module_class=&#8220;wa-simplonMono&#8220; _builder_version=&#8220;4.4.3&#8243; custom_button=&#8220;on&#8220; button_text_size=&#8220;14px&#8220; button_text_color=&#8220;#000000&#8243; button_bg_color=&#8220;rgba(0,0,0,0)&#8220; button_border_width=&#8220;1px&#8220; button_border_color=&#8220;#000000&#8243; button_border_radius=&#8220;32px&#8220; button_letter_spacing=&#8220;2px&#8220; button_use_icon=&#8220;off&#8220; custom_padding=&#8220;18px|25px|15px|25px|false|true&#8220; animation_direction=&#8220;right&#8220; locked=&#8220;off&#8220; button_bg_color__hover_enabled=&#8220;on|hover&#8220; button_bg_color__hover=&#8220;#000000&#8243; button_bg_enable_color__hover=&#8220;on&#8220; button_text_color__hover_enabled=&#8220;on|hover&#8220; button_text_color__hover=&#8220;#ffffff&#8220;][\/et_pb_button][et_pb_text module_class=&#8220;wa-Timberwolf&#8220; _builder_version=&#8220;4.4.3&#8243; text_font=&#8220;|||on|||||&#8220; text_text_color=&#8220;#ffffff&#8220; text_font_size=&#8220;40px&#8220; text_line_height=&#8220;40px&#8220; transform_rotate=&#8220;0deg|0deg|-4deg&#8220; positioning=&#8220;absolute&#8220; position_origin_a=&#8220;bottom_right&#8220; position_origin_a_tablet=&#8220;&#8220; position_origin_a_phone=&#8220;&#8220; position_origin_a_last_edited=&#8220;on|desktop&#8220; position_origin_f_tablet=&#8220;&#8220; position_origin_f_phone=&#8220;&#8220; position_origin_f_last_edited=&#8220;on|desktop&#8220; position_origin_r_tablet=&#8220;&#8220; position_origin_r_phone=&#8220;&#8220; position_origin_r_last_edited=&#8220;on|desktop&#8220; text_orientation=&#8220;right&#8220; width=&#8220;100%&#8220; custom_margin=&#8220;||-35px||false|false&#8220; positioning_tablet=&#8220;none&#8220; positioning_phone=&#8220;&#8220; positioning_last_edited=&#8220;on|tablet&#8220;]<\/p>\n<p><span style=\"text-align: left; display: inline-block;\">WIR FREUEN<br \/> UNS AUF  EUCH!<\/span><\/p>\n<p>[\/et_pb_text][\/et_pb_column][\/et_pb_row][\/et_pb_section][et_pb_section fb_built=&#8220;1&#8243; _builder_version=&#8220;4.4.3&#8243; background_color=&#8220;#d5d7d4&#8243; custom_margin=&#8220;100px|||||&#8220; custom_padding=&#8220;||||false|false&#8220; border_width_top=&#8220;1px&#8220; global_module=&#8220;1486&#8243;][et_pb_row module_class=&#8220;wa-footer-newsletter-section&#8220; _builder_version=&#8220;4.4.3&#8243; background_size=&#8220;initial&#8220; background_position=&#8220;top_left&#8220; background_repeat=&#8220;repeat&#8220; module_alignment=&#8220;center&#8220; animation_style=&#8220;slide&#8220; animation_duration=&#8220;1500ms&#8220;][et_pb_column type=&#8220;4_4&#8243; _builder_version=&#8220;4.4.3&#8243;][et_pb_text _builder_version=&#8220;4.4.3&#8243; text_font=&#8220;|||on|||||&#8220; text_text_color=&#8220;#000000&#8243; text_font_size=&#8220;13px&#8220; text_letter_spacing=&#8220;1.86px&#8220; text_line_height=&#8220;19px&#8220; header_text_color=&#8220;#000000&#8243; header_font_size=&#8220;50px&#8220; header_2_font=&#8220;|700|||||||&#8220; header_2_text_color=&#8220;#000000&#8243; header_2_font_size=&#8220;50px&#8220;]<\/p>\n<h2>Newsletter<\/h2>\n<p>MELDE DICH BEI UNSEREM NEWSLETTER AN UM IMMER \u00dcBER AKTUELLE NEWS UND ANGEBOTE INFORMIERT ZU BLEIBEN<\/p>\n<p>[\/et_pb_text][et_pb_code _builder_version=&#8220;4.4.3&#8243;]<script id=\"n2g_script\">!function(e,t,n,c,r,a,i){e.Newsletter2GoTrackingObject=r,e[r]=e[r]||function(){(e[r].q=e[r].q||[]).push(arguments)},e[r].l=1*new Date,a=t.createElement(n),i=t.getElementsByTagName(n)[0],a.async=1,a.src=c,i.parentNode.insertBefore(a,i)}(window,document,\"script\",\"https:\/\/static.newsletter2go.com\/utils.js\",\"n2g\");var config = {\"container\": {\"type\": \"div\",\"class\": \"\",\"style\": \"\"},\"row\": {\"type\": \"div\",\"class\": \"\",\"style\": \"margin-top: 15px;\"},\"columnLeft\": {\"type\": \"div\",\"class\": \"\",\"style\": \"\"},\"columnRight\": {\"type\": \"div\",\"class\": \"\",\"style\": \"\"},\"label\": {\"type\": \"label\",\"class\": \"\",\"style\": \"\"}};n2g('create', 'ut1m3fer-k96mt4nb-igs');n2g('subscribe:createForm', config);<\/script>[\/et_pb_code][\/et_pb_column][\/et_pb_row][\/et_pb_section]<\/p>\n","protected":false},"excerpt":{"rendered":"<p>erlebenFamilienurlaubDAS PERFEKTE APARTMENT F\u00dcR ERKUNDUNGSTRIPSEin Urlaub in unseren Apartments garantiert Spa\u00df und Erholung fu\u0308r die gesamte Familie. Unsere gro\u00dfzu\u0308gig ausgestatteten Ferienwohnungen bieten ausreichend Platz fu\u0308r jedes einzelne Familienmitglied. Unser Haus liegt in einer ruhigen Villengegend, abseits der befahrenen Stra\u00dfe, und bietet somit auch Ihren Kleinsten ausreichend Schutz und Bewegungsm\u00f6glichkeiten. Fu\u0308r Abwechslung sorgen die schier endlosen [&hellip;]<\/p>\n","protected":false},"author":1,"featured_media":0,"parent":0,"menu_order":0,"comment_status":"closed","ping_status":"closed","template":"","meta":{"_et_pb_use_builder":"on","_et_pb_old_content":"","_et_gb_content_width":"","footnotes":""},"class_list":["post-149","page","type-page","status-publish","hentry"],"yoast_head":"<!-- This site is optimized with the Yoast SEO plugin v27.3 - https:\/\/yoast.com\/product\/yoast-seo-wordpress\/ -->\n<title>Familienurlaub - Apartments Villach - Apart of me Villach - Urlaub f\u00fcr Gro\u00df und Klein<\/title>\n<meta name=\"description\" content=\"Verbringen Sie Ihren Familienurlaub in unseren Apartments direkt in Villach. Die Draustadt bietet zahlreiche Erlebnisse f\u00fcr Gro\u00df und Klein.\" \/>\n<meta name=\"robots\" content=\"index, follow, max-snippet:-1, max-image-preview:large, max-video-preview:-1\" \/>\n<link rel=\"canonical\" href=\"https:\/\/www.apartments-villach.at\/it\/familienurlaub-2\/\" \/>\n<meta property=\"og:locale\" content=\"it_IT\" \/>\n<meta property=\"og:type\" content=\"article\" \/>\n<meta property=\"og:title\" content=\"Familienurlaub - Apartments Villach - Apart of me Villach - Urlaub f\u00fcr Gro\u00df und Klein\" \/>\n<meta property=\"og:description\" content=\"Verbringen Sie Ihren Familienurlaub in unseren Apartments direkt in Villach. Die Draustadt bietet zahlreiche Erlebnisse f\u00fcr Gro\u00df und Klein.\" \/>\n<meta property=\"og:url\" content=\"https:\/\/www.apartments-villach.at\/it\/familienurlaub-2\/\" \/>\n<meta property=\"og:site_name\" content=\"Apartments Villach - Apart of me Villach\" \/>\n<meta property=\"article:modified_time\" content=\"2020-08-19T08:35:53+00:00\" \/>\n<meta name=\"twitter:card\" content=\"summary_large_image\" \/>\n<meta name=\"twitter:label1\" content=\"Est. reading time\" \/>\n\t<meta name=\"twitter:data1\" content=\"5 minutes\" \/>\n<script type=\"application\/ld+json\" class=\"yoast-schema-graph\">{\"@context\":\"https:\\\/\\\/schema.org\",\"@graph\":[{\"@type\":\"WebPage\",\"@id\":\"https:\\\/\\\/www.apartments-villach.at\\\/en\\\/familienurlaub-2\\\/\",\"url\":\"https:\\\/\\\/www.apartments-villach.at\\\/en\\\/familienurlaub-2\\\/\",\"name\":\"Familienurlaub - Apartments Villach - Apart of me Villach - Urlaub f\u00fcr Gro\u00df und Klein\",\"isPartOf\":{\"@id\":\"https:\\\/\\\/www.apartments-villach.at\\\/en\\\/#website\"},\"datePublished\":\"2017-11-26T13:05:41+00:00\",\"dateModified\":\"2020-08-19T08:35:53+00:00\",\"description\":\"Verbringen Sie Ihren Familienurlaub in unseren Apartments direkt in Villach. Die Draustadt bietet zahlreiche Erlebnisse f\u00fcr Gro\u00df und Klein.\",\"breadcrumb\":{\"@id\":\"https:\\\/\\\/www.apartments-villach.at\\\/en\\\/familienurlaub-2\\\/#breadcrumb\"},\"inLanguage\":\"it-IT\",\"potentialAction\":[{\"@type\":\"ReadAction\",\"target\":[\"https:\\\/\\\/www.apartments-villach.at\\\/en\\\/familienurlaub-2\\\/\"]}]},{\"@type\":\"BreadcrumbList\",\"@id\":\"https:\\\/\\\/www.apartments-villach.at\\\/en\\\/familienurlaub-2\\\/#breadcrumb\",\"itemListElement\":[{\"@type\":\"ListItem\",\"position\":1,\"name\":\"Startseite\",\"item\":\"https:\\\/\\\/www.apartments-villach.at\\\/en\\\/\"},{\"@type\":\"ListItem\",\"position\":2,\"name\":\"Familienurlaub\"}]},{\"@type\":\"WebSite\",\"@id\":\"https:\\\/\\\/www.apartments-villach.at\\\/en\\\/#website\",\"url\":\"https:\\\/\\\/www.apartments-villach.at\\\/en\\\/\",\"name\":\"Apartments Villach - Apart of me Villach\",\"description\":\"Ihre Wohlf\u00fchloase in Villach\",\"publisher\":{\"@id\":\"https:\\\/\\\/www.apartments-villach.at\\\/en\\\/#organization\"},\"potentialAction\":[{\"@type\":\"SearchAction\",\"target\":{\"@type\":\"EntryPoint\",\"urlTemplate\":\"https:\\\/\\\/www.apartments-villach.at\\\/en\\\/?s={search_term_string}\"},\"query-input\":{\"@type\":\"PropertyValueSpecification\",\"valueRequired\":true,\"valueName\":\"search_term_string\"}}],\"inLanguage\":\"it-IT\"},{\"@type\":\"Organization\",\"@id\":\"https:\\\/\\\/www.apartments-villach.at\\\/en\\\/#organization\",\"name\":\"Apartments Villach\",\"url\":\"https:\\\/\\\/www.apartments-villach.at\\\/en\\\/\",\"logo\":{\"@type\":\"ImageObject\",\"inLanguage\":\"it-IT\",\"@id\":\"https:\\\/\\\/www.apartments-villach.at\\\/en\\\/#\\\/schema\\\/logo\\\/image\\\/\",\"url\":\"\",\"contentUrl\":\"\",\"caption\":\"Apartments Villach\"},\"image\":{\"@id\":\"https:\\\/\\\/www.apartments-villach.at\\\/en\\\/#\\\/schema\\\/logo\\\/image\\\/\"}}]}<\/script>\n<!-- \/ Yoast SEO plugin. -->","yoast_head_json":{"title":"Familienurlaub - Apartments Villach - Apart of me Villach - Urlaub f\u00fcr Gro\u00df und Klein","description":"Verbringen Sie Ihren Familienurlaub in unseren Apartments direkt in Villach. Die Draustadt bietet zahlreiche Erlebnisse f\u00fcr Gro\u00df und Klein.","robots":{"index":"index","follow":"follow","max-snippet":"max-snippet:-1","max-image-preview":"max-image-preview:large","max-video-preview":"max-video-preview:-1"},"canonical":"https:\/\/www.apartments-villach.at\/it\/familienurlaub-2\/","og_locale":"it_IT","og_type":"article","og_title":"Familienurlaub - Apartments Villach - Apart of me Villach - Urlaub f\u00fcr Gro\u00df und Klein","og_description":"Verbringen Sie Ihren Familienurlaub in unseren Apartments direkt in Villach. Die Draustadt bietet zahlreiche Erlebnisse f\u00fcr Gro\u00df und Klein.","og_url":"https:\/\/www.apartments-villach.at\/it\/familienurlaub-2\/","og_site_name":"Apartments Villach - Apart of me Villach","article_modified_time":"2020-08-19T08:35:53+00:00","twitter_card":"summary_large_image","twitter_misc":{"Est. reading time":"5 minutes"},"schema":{"@context":"https:\/\/schema.org","@graph":[{"@type":"WebPage","@id":"https:\/\/www.apartments-villach.at\/en\/familienurlaub-2\/","url":"https:\/\/www.apartments-villach.at\/en\/familienurlaub-2\/","name":"Familienurlaub - Apartments Villach - Apart of me Villach - Urlaub f\u00fcr Gro\u00df und Klein","isPartOf":{"@id":"https:\/\/www.apartments-villach.at\/en\/#website"},"datePublished":"2017-11-26T13:05:41+00:00","dateModified":"2020-08-19T08:35:53+00:00","description":"Verbringen Sie Ihren Familienurlaub in unseren Apartments direkt in Villach. Die Draustadt bietet zahlreiche Erlebnisse f\u00fcr Gro\u00df und Klein.","breadcrumb":{"@id":"https:\/\/www.apartments-villach.at\/en\/familienurlaub-2\/#breadcrumb"},"inLanguage":"it-IT","potentialAction":[{"@type":"ReadAction","target":["https:\/\/www.apartments-villach.at\/en\/familienurlaub-2\/"]}]},{"@type":"BreadcrumbList","@id":"https:\/\/www.apartments-villach.at\/en\/familienurlaub-2\/#breadcrumb","itemListElement":[{"@type":"ListItem","position":1,"name":"Startseite","item":"https:\/\/www.apartments-villach.at\/en\/"},{"@type":"ListItem","position":2,"name":"Familienurlaub"}]},{"@type":"WebSite","@id":"https:\/\/www.apartments-villach.at\/en\/#website","url":"https:\/\/www.apartments-villach.at\/en\/","name":"Appartamenti Villach - Apart of me Villach","description":"La vostra oasi di benessere a Villach","publisher":{"@id":"https:\/\/www.apartments-villach.at\/en\/#organization"},"potentialAction":[{"@type":"SearchAction","target":{"@type":"EntryPoint","urlTemplate":"https:\/\/www.apartments-villach.at\/en\/?s={search_term_string}"},"query-input":{"@type":"PropertyValueSpecification","valueRequired":true,"valueName":"search_term_string"}}],"inLanguage":"it-IT"},{"@type":"Organization","@id":"https:\/\/www.apartments-villach.at\/en\/#organization","name":"Appartamenti Villach","url":"https:\/\/www.apartments-villach.at\/en\/","logo":{"@type":"ImageObject","inLanguage":"it-IT","@id":"https:\/\/www.apartments-villach.at\/en\/#\/schema\/logo\/image\/","url":"","contentUrl":"","caption":"Apartments Villach"},"image":{"@id":"https:\/\/www.apartments-villach.at\/en\/#\/schema\/logo\/image\/"}}]}},"_links":{"self":[{"href":"http:\/\/www.apartments-villach.at\/it\/wp-json\/wp\/v2\/pages\/149","targetHints":{"allow":["GET"]}}],"collection":[{"href":"http:\/\/www.apartments-villach.at\/it\/wp-json\/wp\/v2\/pages"}],"about":[{"href":"http:\/\/www.apartments-villach.at\/it\/wp-json\/wp\/v2\/types\/page"}],"author":[{"embeddable":true,"href":"http:\/\/www.apartments-villach.at\/it\/wp-json\/wp\/v2\/users\/1"}],"replies":[{"embeddable":true,"href":"http:\/\/www.apartments-villach.at\/it\/wp-json\/wp\/v2\/comments?post=149"}],"version-history":[{"count":12,"href":"http:\/\/www.apartments-villach.at\/it\/wp-json\/wp\/v2\/pages\/149\/revisions"}],"predecessor-version":[{"id":2927,"href":"http:\/\/www.apartments-villach.at\/it\/wp-json\/wp\/v2\/pages\/149\/revisions\/2927"}],"wp:attachment":[{"href":"http:\/\/www.apartments-villach.at\/it\/wp-json\/wp\/v2\/media?parent=149"}],"curies":[{"name":"wp","href":"https:\/\/api.w.org\/{rel}","templated":true}]}}