{"id":147,"date":"2017-11-26T14:05:17","date_gmt":"2017-11-26T13:05:17","guid":{"rendered":"http:\/\/www.apartments-villach.at\/?page_id=147"},"modified":"2020-08-25T10:29:05","modified_gmt":"2020-08-25T08:29:05","slug":"wasserratten-aufgepasst","status":"publish","type":"page","link":"http:\/\/www.apartments-villach.at\/it\/wasserratten-aufgepasst\/","title":{"rendered":"Attenzione topi d'acqua!"},"content":{"rendered":"<p>[et_pb_section fb_built=&#8220;1&#8243; _builder_version=&#8220;4.4.3&#8243; max_width=&#8220;1440px&#8220; module_alignment=&#8220;center&#8220; custom_margin=&#8220;0px||||false|false&#8220; custom_padding=&#8220;0px||||false|false&#8220; locked=&#8220;off&#8220;][et_pb_row column_structure=&#8220;1_2,1_2&#8243; make_equal=&#8220;on&#8220; custom_padding_last_edited=&#8220;on|tablet&#8220; module_class=&#8220; wa-vertical-center-section wa-subpages-hero-section&#8220; _builder_version=&#8220;4.4.3&#8243; width=&#8220;100%&#8220; width_tablet=&#8220;100%&#8220; width_phone=&#8220;&#8220; width_last_edited=&#8220;on|phone&#8220; custom_padding=&#8220;80px||||false|false&#8220; custom_padding_tablet=&#8220;||0px||false|false&#8220; custom_padding_phone=&#8220;&#8220; custom_css_before_last_edited=&#8220;on|desktop&#8220;][et_pb_column type=&#8220;1_2&#8243; _builder_version=&#8220;4.4.3&#8243; animation_style=&#8220;slide&#8220; animation_direction=&#8220;left&#8220; animation_duration=&#8220;1500ms&#8220;][et_pb_image src=&#8220;https:\/\/www.apartments-villach.at\/wp-content\/uploads\/2020\/06\/wasserrattenaaufgepasst.jpg&#8220; align=&#8220;center&#8220; align_tablet=&#8220;&#8220; align_phone=&#8220;&#8220; align_last_edited=&#8220;on|tablet&#8220; _builder_version=&#8220;4.4.3&#8243;][\/et_pb_image][\/et_pb_column][et_pb_column type=&#8220;1_2&#8243; _builder_version=&#8220;4.4.3&#8243; custom_padding=&#8220;||||false|false&#8220; custom_padding_tablet=&#8220;|||0px|false|false&#8220; custom_padding_phone=&#8220;&#8220; custom_padding_last_edited=&#8220;on|tablet&#8220; animation_style=&#8220;slide&#8220; animation_direction=&#8220;right&#8220; animation_duration=&#8220;1500ms&#8220;][et_pb_text module_class=&#8220;wa-simplonMono&#8220; _builder_version=&#8220;4.4.3&#8243; text_font=&#8220;|700||on|||||&#8220; text_font_size=&#8220;13px&#8220; text_letter_spacing=&#8220;3.6px&#8220; text_line_height=&#8220;25px&#8220; text_orientation=&#8220;center&#8220; custom_margin=&#8220;||7px|||&#8220; text_orientation_tablet=&#8220;center&#8220; text_orientation_phone=&#8220;&#8220; text_orientation_last_edited=&#8220;on|tablet&#8220; locked=&#8220;off&#8220;]<\/p>\n<p>erleben<\/p>\n<p>[\/et_pb_text][et_pb_text module_class=&#8220;wa-simplonMono&#8220; _builder_version=&#8220;4.4.3&#8243; text_font=&#8220;|700||on|||||&#8220; text_font_size=&#8220;18px&#8220; text_line_height=&#8220;25px&#8220; header_font=&#8220;|700|||||||&#8220; header_text_align=&#8220;center&#8220; header_font_size=&#8220;50px&#8220; header_line_height=&#8220;65px&#8220; header_3_font=&#8220;|700|||||||&#8220; header_3_text_align=&#8220;left&#8220; header_3_font_size=&#8220;50px&#8220; header_3_line_height=&#8220;65px&#8220; width=&#8220;100%&#8220; width_tablet=&#8220;100%&#8220; width_phone=&#8220;&#8220; width_last_edited=&#8220;on|tablet&#8220; custom_margin=&#8220;||1px|||&#8220; header_text_align_tablet=&#8220;center&#8220; header_text_align_phone=&#8220;&#8220; header_text_align_last_edited=&#8220;on|tablet&#8220; header_font_size_tablet=&#8220;40px&#8220; header_font_size_phone=&#8220;40px&#8220; header_font_size_last_edited=&#8220;on|phone&#8220; header_3_text_align_tablet=&#8220;center&#8220; header_3_text_align_phone=&#8220;&#8220; header_3_text_align_last_edited=&#8220;on|tablet&#8220; header_3_font_size_tablet=&#8220;40px&#8220; header_3_font_size_phone=&#8220;40px&#8220; header_3_font_size_last_edited=&#8220;on|phone&#8220; text_orientation_tablet=&#8220;&#8220; text_orientation_phone=&#8220;&#8220; text_orientation_last_edited=&#8220;on|desktop&#8220; locked=&#8220;off&#8220;]<\/p>\n<h1>Wasserratten aufgepasst<\/h1>\n<p>[\/et_pb_text][et_pb_text module_class=&#8220;wa-simplonMono&#8220; _builder_version=&#8220;4.4.3&#8243; text_font=&#8220;|||on|||||&#8220; text_font_size=&#8220;13px&#8220; text_letter_spacing=&#8220;1.86px&#8220; text_line_height=&#8220;19px&#8220; text_orientation=&#8220;center&#8220; custom_margin=&#8220;||7px|||&#8220; text_orientation_tablet=&#8220;center&#8220; text_orientation_phone=&#8220;&#8220; text_orientation_last_edited=&#8220;on|tablet&#8220; locked=&#8220;off&#8220;]<\/p>\n<p>DAS PERFEKTE APARTMENT<br \/>\nF\u00dcR ERKUNDUNGSTRIPS<\/p>\n<p>[\/et_pb_text][\/et_pb_column][\/et_pb_row][\/et_pb_section][et_pb_section fb_built=&#8220;1&#8243; _builder_version=&#8220;4.4.3&#8243; custom_padding=&#8220;0px||4px|||&#8220;][et_pb_row custom_padding_last_edited=&#8220;on|phone&#8220; _builder_version=&#8220;4.4.3&#8243; background_color=&#8220;#d5d7d4&#8243; width=&#8220;100%&#8220; width_tablet=&#8220;95%&#8220; width_phone=&#8220;&#8220; width_last_edited=&#8220;on|tablet&#8220; max_width=&#8220;1250px&#8220; custom_padding=&#8220;100px|140px|100px|140px|true|true&#8220; custom_padding_tablet=&#8220;80px|35px|80px|35px|true|true&#8220; custom_padding_phone=&#8220;|10px||10px|true|true&#8220; width__hover_enabled=&#8220;off|hover&#8220;][et_pb_column type=&#8220;4_4&#8243; _builder_version=&#8220;4.4.3&#8243;][et_pb_text _builder_version=&#8220;4.4.3&#8243; text_line_height=&#8220;28px&#8220; width_tablet=&#8220;87%&#8220; width_phone=&#8220;83%&#8220; width_last_edited=&#8220;on|tablet&#8220; module_alignment=&#8220;left&#8220; custom_margin=&#8220;0px||55px||false|false&#8220; text_font_size_tablet=&#8220;17px&#8220; text_font_size_phone=&#8220;17px&#8220; text_font_size_last_edited=&#8220;on|tablet&#8220; text_orientation_tablet=&#8220;center&#8220; text_orientation_phone=&#8220;&#8220; text_orientation_last_edited=&#8220;on|tablet&#8220; module_alignment_tablet=&#8220;center&#8220; module_alignment_phone=&#8220;&#8220; module_alignment_last_edited=&#8220;on|tablet&#8220; locked=&#8220;off&#8220;]<\/p>\n<p>Wasserratten werden Ihre Freude an unseren neun Badeseen, Flu\u0308ssen und Thermalquellen in der Umgebung finden. Jedes Gew\u00e4sser besticht dabei durch klares, sauberes Wasser in Trinkwasserqualit\u00e4t mit angenehmer Temperatur. Diese ist auf die vielen Sonnenstunden bei uns in der Region zuru\u0308ckzufu\u0308hren \u2013 immerhin sind wir im Su\u0308den \u00d6sterreichs gelegen.<\/p>\n<p>Flussabenteuer fu\u0308r Gro\u00df und Klein: Wer etwas ganz Besonderes erleben m\u00f6chte, hat die M\u00f6glichkeit, den leichten Wildwasserfluss die Gail per Kanu zu erobern und dabei die Landschaft an sich voru\u0308berziehen zu lassen. Wem dies dann doch zu actionreich ist, kann ebenso eine gemu\u0308tliche Schifffahrt auf der Drau auf seinen Programmplan setzen.<\/p>\n<p>Wenn die Sonne einmal eine Pause einlegt, mu\u0308ssen Wasserbegeisterte trotzdem nicht im Trockenen bleiben. Die K\u00e4rnten Therme befindet sich in unmittelbarer N\u00e4he unserer Apartments und bietet Ihnen Badespa\u00df und Wellness auf h\u00f6chstem Niveau. Kinder werden besonders von den Wasserrutschen und dem Wellenbad begeistert sein, w\u00e4hrend Erwachsene sich in der Saunalandschaft entspannen k\u00f6nnen. Ambitionierte Schwimmer k\u00f6nnen im Sportbecken ihre Runden ziehen.<\/p>\n<p>[\/et_pb_text][et_pb_button button_url=&#8220;\/buchen&#8220; button_text=&#8220;JETZT ANFRAGEN&#8220; button_alignment=&#8220;left&#8220; button_alignment_tablet=&#8220;center&#8220; button_alignment_phone=&#8220;&#8220; button_alignment_last_edited=&#8220;on|tablet&#8220; module_class=&#8220;wa-simplonMono&#8220; _builder_version=&#8220;4.4.3&#8243; custom_button=&#8220;on&#8220; button_text_size=&#8220;14px&#8220; button_text_color=&#8220;#000000&#8243; button_bg_color=&#8220;rgba(0,0,0,0)&#8220; button_border_width=&#8220;1px&#8220; button_border_color=&#8220;#000000&#8243; button_border_radius=&#8220;32px&#8220; button_letter_spacing=&#8220;2px&#8220; button_use_icon=&#8220;off&#8220; custom_padding=&#8220;18px|25px|15px|25px|false|true&#8220; animation_direction=&#8220;right&#8220; locked=&#8220;off&#8220; button_bg_color__hover_enabled=&#8220;on|hover&#8220; button_bg_color__hover=&#8220;#000000&#8243; button_bg_enable_color__hover=&#8220;on&#8220; button_text_color__hover_enabled=&#8220;on|hover&#8220; button_text_color__hover=&#8220;#ffffff&#8220;][\/et_pb_button][et_pb_text module_class=&#8220;wa-Timberwolf&#8220; _builder_version=&#8220;4.4.3&#8243; text_font=&#8220;|||on|||||&#8220; text_text_color=&#8220;#ffffff&#8220; text_font_size=&#8220;40px&#8220; text_line_height=&#8220;40px&#8220; transform_rotate=&#8220;0deg|0deg|-4deg&#8220; positioning=&#8220;absolute&#8220; position_origin_a=&#8220;bottom_right&#8220; position_origin_a_tablet=&#8220;&#8220; position_origin_a_phone=&#8220;&#8220; position_origin_a_last_edited=&#8220;on|desktop&#8220; position_origin_f_tablet=&#8220;&#8220; position_origin_f_phone=&#8220;&#8220; position_origin_f_last_edited=&#8220;on|desktop&#8220; position_origin_r_tablet=&#8220;&#8220; position_origin_r_phone=&#8220;&#8220; position_origin_r_last_edited=&#8220;on|desktop&#8220; text_orientation=&#8220;right&#8220; width=&#8220;100%&#8220; custom_margin=&#8220;||-35px||false|false&#8220; positioning_tablet=&#8220;none&#8220; positioning_phone=&#8220;&#8220; positioning_last_edited=&#8220;on|tablet&#8220;]<\/p>\n<p><span style=\"text-align: left; display: inline-block;\">WIR FREUEN<br \/> UNS AUF  EUCH!<\/span><\/p>\n<p>[\/et_pb_text][\/et_pb_column][\/et_pb_row][\/et_pb_section][et_pb_section fb_built=&#8220;1&#8243; _builder_version=&#8220;4.4.3&#8243; background_color=&#8220;#d5d7d4&#8243; custom_margin=&#8220;100px|||||&#8220; custom_padding=&#8220;||||false|false&#8220; border_width_top=&#8220;1px&#8220; global_module=&#8220;1486&#8243;][et_pb_row module_class=&#8220;wa-footer-newsletter-section&#8220; _builder_version=&#8220;4.4.3&#8243; background_size=&#8220;initial&#8220; background_position=&#8220;top_left&#8220; background_repeat=&#8220;repeat&#8220; module_alignment=&#8220;center&#8220; animation_style=&#8220;slide&#8220; animation_duration=&#8220;1500ms&#8220;][et_pb_column type=&#8220;4_4&#8243; _builder_version=&#8220;4.4.3&#8243;][et_pb_text _builder_version=&#8220;4.4.3&#8243; text_font=&#8220;|||on|||||&#8220; text_text_color=&#8220;#000000&#8243; text_font_size=&#8220;13px&#8220; text_letter_spacing=&#8220;1.86px&#8220; text_line_height=&#8220;19px&#8220; header_text_color=&#8220;#000000&#8243; header_font_size=&#8220;50px&#8220; header_2_font=&#8220;|700|||||||&#8220; header_2_text_color=&#8220;#000000&#8243; header_2_font_size=&#8220;50px&#8220;]<\/p>\n<h2>Newsletter<\/h2>\n<p>MELDE DICH BEI UNSEREM NEWSLETTER AN UM IMMER \u00dcBER AKTUELLE NEWS UND ANGEBOTE INFORMIERT ZU BLEIBEN<\/p>\n<p>[\/et_pb_text][et_pb_code _builder_version=&#8220;4.4.3&#8243;]<script id=\"n2g_script\">!function(e,t,n,c,r,a,i){e.Newsletter2GoTrackingObject=r,e[r]=e[r]||function(){(e[r].q=e[r].q||[]).push(arguments)},e[r].l=1*new Date,a=t.createElement(n),i=t.getElementsByTagName(n)[0],a.async=1,a.src=c,i.parentNode.insertBefore(a,i)}(window,document,\"script\",\"https:\/\/static.newsletter2go.com\/utils.js\",\"n2g\");var config = {\"container\": {\"type\": \"div\",\"class\": \"\",\"style\": \"\"},\"row\": {\"type\": \"div\",\"class\": \"\",\"style\": \"margin-top: 15px;\"},\"columnLeft\": {\"type\": \"div\",\"class\": \"\",\"style\": \"\"},\"columnRight\": {\"type\": \"div\",\"class\": \"\",\"style\": \"\"},\"label\": {\"type\": \"label\",\"class\": \"\",\"style\": \"\"}};n2g('create', 'ut1m3fer-k96mt4nb-igs');n2g('subscribe:createForm', config);<\/script>[\/et_pb_code][\/et_pb_column][\/et_pb_row][\/et_pb_section]<\/p>\n","protected":false},"excerpt":{"rendered":"<p>erlebenWasserratten aufgepasstDAS PERFEKTE APARTMENT F\u00dcR ERKUNDUNGSTRIPSWasserratten werden Ihre Freude an unseren neun Badeseen, Flu\u0308ssen und Thermalquellen in der Umgebung finden. Jedes Gew\u00e4sser besticht dabei durch klares, sauberes Wasser in Trinkwasserqualit\u00e4t mit angenehmer Temperatur. Diese ist auf die vielen Sonnenstunden bei uns in der Region zuru\u0308ckzufu\u0308hren \u2013 immerhin sind wir im Su\u0308den \u00d6sterreichs gelegen. Flussabenteuer fu\u0308r [&hellip;]<\/p>\n","protected":false},"author":1,"featured_media":0,"parent":0,"menu_order":0,"comment_status":"closed","ping_status":"closed","template":"","meta":{"_et_pb_use_builder":"on","_et_pb_old_content":"","_et_gb_content_width":"","footnotes":""},"class_list":["post-147","page","type-page","status-publish","hentry"],"yoast_head":"<!-- This site is optimized with the Yoast SEO plugin v27.3 - https:\/\/yoast.com\/product\/yoast-seo-wordpress\/ -->\n<title>Wasserratten aufgepasst! - Apartments Villach - Apart of me Villach - direkt am Faaker See<\/title>\n<meta name=\"description\" content=\"Unsere Apart of me Apartments in Villach liegen in der N\u00e4he des Faaker Sees welcher in wenigen Autominuten erreichbar ist.\" \/>\n<meta name=\"robots\" content=\"index, follow, max-snippet:-1, max-image-preview:large, max-video-preview:-1\" \/>\n<link rel=\"canonical\" href=\"https:\/\/www.apartments-villach.at\/it\/wasserratten-aufgepasst\/\" \/>\n<meta property=\"og:locale\" content=\"it_IT\" \/>\n<meta property=\"og:type\" content=\"article\" \/>\n<meta property=\"og:title\" content=\"Wasserratten aufgepasst! - Apartments Villach - Apart of me Villach - direkt am Faaker See\" \/>\n<meta property=\"og:description\" content=\"Unsere Apart of me Apartments in Villach liegen in der N\u00e4he des Faaker Sees welcher in wenigen Autominuten erreichbar ist.\" \/>\n<meta property=\"og:url\" content=\"https:\/\/www.apartments-villach.at\/it\/wasserratten-aufgepasst\/\" \/>\n<meta property=\"og:site_name\" content=\"Apartments Villach - Apart of me Villach\" \/>\n<meta property=\"article:modified_time\" content=\"2020-08-25T08:29:05+00:00\" \/>\n<meta name=\"twitter:card\" content=\"summary_large_image\" \/>\n<meta name=\"twitter:label1\" content=\"Est. reading time\" \/>\n\t<meta name=\"twitter:data1\" content=\"5 minutes\" \/>\n<script type=\"application\/ld+json\" class=\"yoast-schema-graph\">{\"@context\":\"https:\\\/\\\/schema.org\",\"@graph\":[{\"@type\":\"WebPage\",\"@id\":\"https:\\\/\\\/www.apartments-villach.at\\\/it\\\/wasserratten-aufgepasst\\\/\",\"url\":\"https:\\\/\\\/www.apartments-villach.at\\\/it\\\/wasserratten-aufgepasst\\\/\",\"name\":\"Wasserratten aufgepasst! - Apartments Villach - Apart of me Villach - direkt am Faaker See\",\"isPartOf\":{\"@id\":\"https:\\\/\\\/www.apartments-villach.at\\\/en\\\/#website\"},\"datePublished\":\"2017-11-26T13:05:17+00:00\",\"dateModified\":\"2020-08-25T08:29:05+00:00\",\"description\":\"Unsere Apart of me Apartments in Villach liegen in der N\u00e4he des Faaker Sees welcher in wenigen Autominuten erreichbar ist.\",\"breadcrumb\":{\"@id\":\"https:\\\/\\\/www.apartments-villach.at\\\/it\\\/wasserratten-aufgepasst\\\/#breadcrumb\"},\"inLanguage\":\"it-IT\",\"potentialAction\":[{\"@type\":\"ReadAction\",\"target\":[\"https:\\\/\\\/www.apartments-villach.at\\\/it\\\/wasserratten-aufgepasst\\\/\"]}]},{\"@type\":\"BreadcrumbList\",\"@id\":\"https:\\\/\\\/www.apartments-villach.at\\\/it\\\/wasserratten-aufgepasst\\\/#breadcrumb\",\"itemListElement\":[{\"@type\":\"ListItem\",\"position\":1,\"name\":\"Startseite\",\"item\":\"https:\\\/\\\/www.apartments-villach.at\\\/en\\\/\"},{\"@type\":\"ListItem\",\"position\":2,\"name\":\"Wasserratten aufgepasst!\"}]},{\"@type\":\"WebSite\",\"@id\":\"https:\\\/\\\/www.apartments-villach.at\\\/en\\\/#website\",\"url\":\"https:\\\/\\\/www.apartments-villach.at\\\/en\\\/\",\"name\":\"Apartments Villach - Apart of me Villach\",\"description\":\"Ihre Wohlf\u00fchloase in Villach\",\"publisher\":{\"@id\":\"https:\\\/\\\/www.apartments-villach.at\\\/en\\\/#organization\"},\"potentialAction\":[{\"@type\":\"SearchAction\",\"target\":{\"@type\":\"EntryPoint\",\"urlTemplate\":\"https:\\\/\\\/www.apartments-villach.at\\\/en\\\/?s={search_term_string}\"},\"query-input\":{\"@type\":\"PropertyValueSpecification\",\"valueRequired\":true,\"valueName\":\"search_term_string\"}}],\"inLanguage\":\"it-IT\"},{\"@type\":\"Organization\",\"@id\":\"https:\\\/\\\/www.apartments-villach.at\\\/en\\\/#organization\",\"name\":\"Apartments Villach\",\"url\":\"https:\\\/\\\/www.apartments-villach.at\\\/en\\\/\",\"logo\":{\"@type\":\"ImageObject\",\"inLanguage\":\"it-IT\",\"@id\":\"https:\\\/\\\/www.apartments-villach.at\\\/en\\\/#\\\/schema\\\/logo\\\/image\\\/\",\"url\":\"\",\"contentUrl\":\"\",\"caption\":\"Apartments Villach\"},\"image\":{\"@id\":\"https:\\\/\\\/www.apartments-villach.at\\\/en\\\/#\\\/schema\\\/logo\\\/image\\\/\"}}]}<\/script>\n<!-- \/ Yoast SEO plugin. -->","yoast_head_json":{"title":"Wasserratten aufgepasst! - Apartments Villach - Apart of me Villach - direkt am Faaker See","description":"Unsere Apart of me Apartments in Villach liegen in der N\u00e4he des Faaker Sees welcher in wenigen Autominuten erreichbar ist.","robots":{"index":"index","follow":"follow","max-snippet":"max-snippet:-1","max-image-preview":"max-image-preview:large","max-video-preview":"max-video-preview:-1"},"canonical":"https:\/\/www.apartments-villach.at\/it\/wasserratten-aufgepasst\/","og_locale":"it_IT","og_type":"article","og_title":"Wasserratten aufgepasst! - Apartments Villach - Apart of me Villach - direkt am Faaker See","og_description":"Unsere Apart of me Apartments in Villach liegen in der N\u00e4he des Faaker Sees welcher in wenigen Autominuten erreichbar ist.","og_url":"https:\/\/www.apartments-villach.at\/it\/wasserratten-aufgepasst\/","og_site_name":"Apartments Villach - Apart of me Villach","article_modified_time":"2020-08-25T08:29:05+00:00","twitter_card":"summary_large_image","twitter_misc":{"Est. reading time":"5 minutes"},"schema":{"@context":"https:\/\/schema.org","@graph":[{"@type":"WebPage","@id":"https:\/\/www.apartments-villach.at\/it\/wasserratten-aufgepasst\/","url":"https:\/\/www.apartments-villach.at\/it\/wasserratten-aufgepasst\/","name":"Wasserratten aufgepasst! - Apartments Villach - Apart of me Villach - direkt am Faaker See","isPartOf":{"@id":"https:\/\/www.apartments-villach.at\/en\/#website"},"datePublished":"2017-11-26T13:05:17+00:00","dateModified":"2020-08-25T08:29:05+00:00","description":"Unsere Apart of me Apartments in Villach liegen in der N\u00e4he des Faaker Sees welcher in wenigen Autominuten erreichbar ist.","breadcrumb":{"@id":"https:\/\/www.apartments-villach.at\/it\/wasserratten-aufgepasst\/#breadcrumb"},"inLanguage":"it-IT","potentialAction":[{"@type":"ReadAction","target":["https:\/\/www.apartments-villach.at\/it\/wasserratten-aufgepasst\/"]}]},{"@type":"BreadcrumbList","@id":"https:\/\/www.apartments-villach.at\/it\/wasserratten-aufgepasst\/#breadcrumb","itemListElement":[{"@type":"ListItem","position":1,"name":"Startseite","item":"https:\/\/www.apartments-villach.at\/en\/"},{"@type":"ListItem","position":2,"name":"Wasserratten aufgepasst!"}]},{"@type":"WebSite","@id":"https:\/\/www.apartments-villach.at\/en\/#website","url":"https:\/\/www.apartments-villach.at\/en\/","name":"Appartamenti Villach - Apart of me Villach","description":"La vostra oasi di benessere a Villach","publisher":{"@id":"https:\/\/www.apartments-villach.at\/en\/#organization"},"potentialAction":[{"@type":"SearchAction","target":{"@type":"EntryPoint","urlTemplate":"https:\/\/www.apartments-villach.at\/en\/?s={search_term_string}"},"query-input":{"@type":"PropertyValueSpecification","valueRequired":true,"valueName":"search_term_string"}}],"inLanguage":"it-IT"},{"@type":"Organization","@id":"https:\/\/www.apartments-villach.at\/en\/#organization","name":"Appartamenti Villach","url":"https:\/\/www.apartments-villach.at\/en\/","logo":{"@type":"ImageObject","inLanguage":"it-IT","@id":"https:\/\/www.apartments-villach.at\/en\/#\/schema\/logo\/image\/","url":"","contentUrl":"","caption":"Apartments Villach"},"image":{"@id":"https:\/\/www.apartments-villach.at\/en\/#\/schema\/logo\/image\/"}}]}},"_links":{"self":[{"href":"http:\/\/www.apartments-villach.at\/it\/wp-json\/wp\/v2\/pages\/147","targetHints":{"allow":["GET"]}}],"collection":[{"href":"http:\/\/www.apartments-villach.at\/it\/wp-json\/wp\/v2\/pages"}],"about":[{"href":"http:\/\/www.apartments-villach.at\/it\/wp-json\/wp\/v2\/types\/page"}],"author":[{"embeddable":true,"href":"http:\/\/www.apartments-villach.at\/it\/wp-json\/wp\/v2\/users\/1"}],"replies":[{"embeddable":true,"href":"http:\/\/www.apartments-villach.at\/it\/wp-json\/wp\/v2\/comments?post=147"}],"version-history":[{"count":10,"href":"http:\/\/www.apartments-villach.at\/it\/wp-json\/wp\/v2\/pages\/147\/revisions"}],"predecessor-version":[{"id":3025,"href":"http:\/\/www.apartments-villach.at\/it\/wp-json\/wp\/v2\/pages\/147\/revisions\/3025"}],"wp:attachment":[{"href":"http:\/\/www.apartments-villach.at\/it\/wp-json\/wp\/v2\/media?parent=147"}],"curies":[{"name":"wp","href":"https:\/\/api.w.org\/{rel}","templated":true}]}}